{"id":33463,"date":"2026-02-04T15:06:01","date_gmt":"2026-02-04T12:06:01","guid":{"rendered":"https:\/\/a-pant.ee\/product\/akudrel-dewalt-dcd796-akumulator-4-0ach-zaryadka\/"},"modified":"2026-02-22T12:13:40","modified_gmt":"2026-02-22T09:13:40","slug":"akudrel-dewalt-dcd796-aku-4-0ach-zaryadka","status":"publish","type":"product","link":"https:\/\/a-pant.ee\/ru\/product\/akudrel-dewalt-dcd796-aku-4-0ach-zaryadka\/","title":{"rendered":"\u0410\u043a\u0443\u0434\u0440\u0435\u043b\u044c Dewalt DCD796 + \u0410\u043a\u0443 4.0\u0410\u0447 + \u0417\u0430\u0440\u044f\u0434\u043a\u0430"},"content":{"rendered":"\n<p> Akutrell Dewalt DCD796 + Aku 4.0Ah + Laadija, heas seisu- ja t\u00f6\u00f6korras! <\/p><p> KIRJELDUS <\/p><ul><li><strong> Pinge: <\/strong> 18 V XR Li-Ion aku s\u00fcsteem. <\/li><li><strong> Mootor: <\/strong> harjadeta \u2013 parem t\u00f6\u00f6aeg ja pikem eluiga. <\/li><li><strong> Kahe kiirusega t\u00f6\u00f6: <\/strong> sobib erinevate t\u00f6\u00f6de jaoks. <\/li><li><strong> L\u00f6\u00f6kt\u00f6\u00f6funktsioon: <\/strong> puurimine ja kruvimine ka tugevates materjalides. <\/li><li><strong> Kiirkinnitus trellipadrunis: <\/strong> kuni <strong> 13 mm <\/strong> . <\/li><li><strong> P\u00f6\u00f6rded t\u00fchik\u00e4igul: <\/strong> kuni <strong> 2000 p\/min <\/strong> . <\/li><li><strong> L\u00f6\u00f6ke: <\/strong> kuni <strong> 34 000 l\u00f6\u00f6ki\/min <\/strong> . <\/li><li><strong> Maksimaalne p\u00f6\u00f6rdemoment: <\/strong> umbes <strong> 70 Nm <\/strong> . <\/li><li><strong> Puurimisv\u00f5ime: <\/strong> puidus kuni <strong> 40 mm <\/strong> , metallis ja betoonis kuni <strong> 13 mm <\/strong><\/li><\/ul>\n","protected":false},"excerpt":{"rendered":"<p>Akutrell Dewalt DCD796 + Aku 4.0Ah + Laadija, heas seisu- ja t\u00f6\u00f6korras! KIRJELDUS Pinge: 18 V XR Li-Ion aku s\u00fcsteem. Mootor: harjadeta \u2013 parem t\u00f6\u00f6aeg ja pikem eluiga. Kahe kiirusega t\u00f6\u00f6: sobib erinevate t\u00f6\u00f6de jaoks. L\u00f6\u00f6kt\u00f6\u00f6funktsioon: puurimine ja kruvimine ka tugevates materjalides. Kiirkinnitus trellipadrunis: kuni 13 mm . P\u00f6\u00f6rded t\u00fchik\u00e4igul: kuni 2000 p\/min . L\u00f6\u00f6ke: [&hellip;]<\/p>\n","protected":false},"featured_media":33464,"comment_status":"closed","ping_status":"open","template":"","meta":{"inline_featured_image":false},"product_brand":[],"product_cat":[221],"product_tag":[],"class_list":{"0":"post-33463","1":"product","2":"type-product","3":"status-publish","4":"has-post-thumbnail","6":"product_cat-akkumulyatornye-dreli","7":"pa_asukoht-mustamae","8":"pa_seisukord-ispolzovano","10":"first","11":"instock","12":"taxable","13":"shipping-taxable","14":"purchasable","15":"product-type-simple"},"_links":{"self":[{"href":"https:\/\/a-pant.ee\/ru\/wp-json\/wp\/v2\/product\/33463","targetHints":{"allow":["GET"]}}],"collection":[{"href":"https:\/\/a-pant.ee\/ru\/wp-json\/wp\/v2\/product"}],"about":[{"href":"https:\/\/a-pant.ee\/ru\/wp-json\/wp\/v2\/types\/product"}],"replies":[{"embeddable":true,"href":"https:\/\/a-pant.ee\/ru\/wp-json\/wp\/v2\/comments?post=33463"}],"wp:featuredmedia":[{"embeddable":true,"href":"https:\/\/a-pant.ee\/ru\/wp-json\/wp\/v2\/media\/33464"}],"wp:attachment":[{"href":"https:\/\/a-pant.ee\/ru\/wp-json\/wp\/v2\/media?parent=33463"}],"wp:term":[{"taxonomy":"product_brand","embeddable":true,"href":"https:\/\/a-pant.ee\/ru\/wp-json\/wp\/v2\/product_brand?post=33463"},{"taxonomy":"product_cat","embeddable":true,"href":"https:\/\/a-pant.ee\/ru\/wp-json\/wp\/v2\/product_cat?post=33463"},{"taxonomy":"product_tag","embeddable":true,"href":"https:\/\/a-pant.ee\/ru\/wp-json\/wp\/v2\/product_tag?post=33463"}],"curies":[{"name":"wp","href":"https:\/\/api.w.org\/{rel}","templated":true}]}}