{"id":33450,"date":"2026-02-04T15:06:01","date_gmt":"2026-02-04T12:06:01","guid":{"rendered":"https:\/\/a-pant.ee\/product\/benzinovaya-pila-clint-cl52\/"},"modified":"2026-02-22T12:13:40","modified_gmt":"2026-02-22T09:13:40","slug":"benzinovaya-pila-clint-cl52","status":"publish","type":"product","link":"https:\/\/a-pant.ee\/ru\/product\/benzinovaya-pila-clint-cl52\/","title":{"rendered":"\u0411\u0435\u043d\u0437\u0438\u043d\u043e\u0432\u0430\u044f \u041f\u0438\u043b\u0430 Clint CL52"},"content":{"rendered":"\n<p> Bensiinimootorsaag Clint CL52, heas seisu- ja t\u00f6\u00f6korras! <\/p><p> KIRJELDUS <\/p><ul><li> T\u00fc\u00fcp: bensiinimootoriga kettsaag. <\/li><li> Mootor: 52 cm\u00b3, 2,2 kW. <\/li><li> Saelati pikkus: 40 cm \/ 16&#8243;. <\/li><li> Ketisamm: 0,325&#8243;, ketipaksus 1,3 mm, 57 ketilinki. <\/li><li> Kaal: umbes 6,1 kg. <\/li><li> M\u00f5\u00f5tmed umbes: <strong> 53 \u00d7 26 \u00d7 28 cm <\/strong> . <\/li><\/ul><p> Clint CL52 kettsaag on vastupidav ja lihtne kasutada, ideaalne koduaia ja metsapidamise t\u00f6\u00f6deks. <\/p>\n","protected":false},"excerpt":{"rendered":"<p>Bensiinimootorsaag Clint CL52, heas seisu- ja t\u00f6\u00f6korras! KIRJELDUS T\u00fc\u00fcp: bensiinimootoriga kettsaag. Mootor: 52 cm\u00b3, 2,2 kW. Saelati pikkus: 40 cm \/ 16&#8243;. Ketisamm: 0,325&#8243;, ketipaksus 1,3 mm, 57 ketilinki. Kaal: umbes 6,1 kg. M\u00f5\u00f5tmed umbes: 53 \u00d7 26 \u00d7 28 cm . Clint CL52 kettsaag on vastupidav ja lihtne kasutada, ideaalne koduaia ja metsapidamise t\u00f6\u00f6deks.<\/p>\n","protected":false},"featured_media":33451,"comment_status":"closed","ping_status":"open","template":"","meta":{"inline_featured_image":false},"product_brand":[],"product_cat":[220],"product_tag":[],"class_list":{"0":"post-33450","1":"product","2":"type-product","3":"status-publish","4":"has-post-thumbnail","6":"product_cat-sadovye-instrumenty","7":"pa_asukoht-mustamae","8":"pa_seisukord-ispolzovano","10":"first","11":"instock","12":"taxable","13":"shipping-taxable","14":"purchasable","15":"product-type-simple"},"_links":{"self":[{"href":"https:\/\/a-pant.ee\/ru\/wp-json\/wp\/v2\/product\/33450","targetHints":{"allow":["GET"]}}],"collection":[{"href":"https:\/\/a-pant.ee\/ru\/wp-json\/wp\/v2\/product"}],"about":[{"href":"https:\/\/a-pant.ee\/ru\/wp-json\/wp\/v2\/types\/product"}],"replies":[{"embeddable":true,"href":"https:\/\/a-pant.ee\/ru\/wp-json\/wp\/v2\/comments?post=33450"}],"wp:featuredmedia":[{"embeddable":true,"href":"https:\/\/a-pant.ee\/ru\/wp-json\/wp\/v2\/media\/33451"}],"wp:attachment":[{"href":"https:\/\/a-pant.ee\/ru\/wp-json\/wp\/v2\/media?parent=33450"}],"wp:term":[{"taxonomy":"product_brand","embeddable":true,"href":"https:\/\/a-pant.ee\/ru\/wp-json\/wp\/v2\/product_brand?post=33450"},{"taxonomy":"product_cat","embeddable":true,"href":"https:\/\/a-pant.ee\/ru\/wp-json\/wp\/v2\/product_cat?post=33450"},{"taxonomy":"product_tag","embeddable":true,"href":"https:\/\/a-pant.ee\/ru\/wp-json\/wp\/v2\/product_tag?post=33450"}],"curies":[{"name":"wp","href":"https:\/\/api.w.org\/{rel}","templated":true}]}}