{"id":33444,"date":"2026-02-04T15:06:01","date_gmt":"2026-02-04T12:06:01","guid":{"rendered":"https:\/\/a-pant.ee\/product\/akkumulyatornyy-perforator-makita-dhr242\/"},"modified":"2026-02-22T12:13:39","modified_gmt":"2026-02-22T09:13:39","slug":"akkumulyatornyj-perforator-makita-dhr242-bez-akkumulyatora","status":"publish","type":"product","link":"https:\/\/a-pant.ee\/ru\/product\/akkumulyatornyj-perforator-makita-dhr242-bez-akkumulyatora\/","title":{"rendered":"\u0410\u043a\u043a\u0443\u043c\u0443\u043b\u044f\u0442\u043e\u0440\u043d\u044b\u0439 \u043f\u0435\u0440\u0444\u043e\u0440\u0430\u0442\u043e\u0440 Makita DHR242 (\u0431\u0435\u0437 \u0430\u043a\u043a\u0443\u043c\u0443\u043b\u044f\u0442\u043e\u0440\u0430)"},"content":{"rendered":"\n<p> Akupuurvasar Makita DHR242 (ilma aku)\u00a0, heas seisu- ja t\u00f6\u00f6korras! <\/p><p> KIRJELDUS <\/p><p> Aku t\u00fc\u00fcp: Li-ion <\/p><ul><li> P\u00f6\u00f6rete arv: 0-950 p\u00f6\u00f6ret\/minutis. <\/li><li> Kaal: 3,1 kg <\/li><li> Puuritud augu l\u00e4bim\u00f5\u00f5t terases: 13 mm <\/li><li> Puuritud augu l\u00e4bim\u00f5\u00f5t puidus: 27 mm <\/li><li> Puuritud augu l\u00e4bim\u00f5\u00f5t betoonis: 24 mm <\/li><li> Haarats: SDS Plus <\/li><li> 3 re\u017eiimi; <\/li><li> K\u00e4epide saab reguleerida kahte asendisse. <\/li><li> L\u00f6\u00f6kide arv:0-4770 l\u00f6\u00f6ki.\/min. <\/li><li> Vibratsiooni koefitsient 1,5 m\/s \u00b2 <\/li><li> Mootor, puurimisr\u00f5hu ajal 13,5 m \/ s\u00b2. <\/li><li> Vibratsiooni r\u00f5hk 3,5 m\/s \u00b2 <\/li><li> M\u00f5juj\u00f5ud: 2,0 J. <\/li><li> Aku pinge: 18 V <\/li><\/ul>\n","protected":false},"excerpt":{"rendered":"<p>Akupuurvasar Makita DHR242 (ilma aku)\u00a0, heas seisu- ja t\u00f6\u00f6korras! KIRJELDUS Aku t\u00fc\u00fcp: Li-ion P\u00f6\u00f6rete arv: 0-950 p\u00f6\u00f6ret\/minutis. Kaal: 3,1 kg Puuritud augu l\u00e4bim\u00f5\u00f5t terases: 13 mm Puuritud augu l\u00e4bim\u00f5\u00f5t puidus: 27 mm Puuritud augu l\u00e4bim\u00f5\u00f5t betoonis: 24 mm Haarats: SDS Plus 3 re\u017eiimi; K\u00e4epide saab reguleerida kahte asendisse. L\u00f6\u00f6kide arv:0-4770 l\u00f6\u00f6ki.\/min. Vibratsiooni koefitsient 1,5 m\/s [&hellip;]<\/p>\n","protected":false},"featured_media":33445,"comment_status":"closed","ping_status":"open","template":"","meta":{"inline_featured_image":false},"product_brand":[],"product_cat":[239],"product_tag":[],"class_list":{"0":"post-33444","1":"product","2":"type-product","3":"status-publish","4":"has-post-thumbnail","6":"product_cat-perforatory-i-dreli","7":"pa_asukoht-lasnamae","8":"pa_seisukord-ispolzovano","10":"first","11":"instock","12":"taxable","13":"shipping-taxable","14":"purchasable","15":"product-type-simple"},"_links":{"self":[{"href":"https:\/\/a-pant.ee\/ru\/wp-json\/wp\/v2\/product\/33444","targetHints":{"allow":["GET"]}}],"collection":[{"href":"https:\/\/a-pant.ee\/ru\/wp-json\/wp\/v2\/product"}],"about":[{"href":"https:\/\/a-pant.ee\/ru\/wp-json\/wp\/v2\/types\/product"}],"replies":[{"embeddable":true,"href":"https:\/\/a-pant.ee\/ru\/wp-json\/wp\/v2\/comments?post=33444"}],"wp:featuredmedia":[{"embeddable":true,"href":"https:\/\/a-pant.ee\/ru\/wp-json\/wp\/v2\/media\/33445"}],"wp:attachment":[{"href":"https:\/\/a-pant.ee\/ru\/wp-json\/wp\/v2\/media?parent=33444"}],"wp:term":[{"taxonomy":"product_brand","embeddable":true,"href":"https:\/\/a-pant.ee\/ru\/wp-json\/wp\/v2\/product_brand?post=33444"},{"taxonomy":"product_cat","embeddable":true,"href":"https:\/\/a-pant.ee\/ru\/wp-json\/wp\/v2\/product_cat?post=33444"},{"taxonomy":"product_tag","embeddable":true,"href":"https:\/\/a-pant.ee\/ru\/wp-json\/wp\/v2\/product_tag?post=33444"}],"curies":[{"name":"wp","href":"https:\/\/api.w.org\/{rel}","templated":true}]}}