{"id":33428,"date":"2026-02-04T15:01:30","date_gmt":"2026-02-04T12:01:30","guid":{"rendered":"https:\/\/a-pant.ee\/product\/telefon-iphone-7-plus-128gb-red\/"},"modified":"2026-02-22T12:13:45","modified_gmt":"2026-02-22T09:13:45","slug":"telefon-iphone-7-plus-128gb-red-aku-71","status":"publish","type":"product","link":"https:\/\/a-pant.ee\/ru\/product\/telefon-iphone-7-plus-128gb-red-aku-71\/","title":{"rendered":"\u0422\u0435\u043b\u0435\u0444\u043e\u043d Iphone 7 Plus 128GB Red, \u0410\u041a\u0423 71%"},"content":{"rendered":"\n<p> Telefon Iphone 7 Plus 128GB Red, AKU 71%, heas seisu- ja t\u00f6\u00f6korras! <\/p><p> KIRJELDUS <\/p><ul><li> Seadme t\u00fc\u00fcp: nutitelefon <\/li><li> Ekraan:\u00a05,5\u2033\u00a0Retina HD <\/li><li> Resolutsioon:\u00a01920 \u00d7 1080 <\/li><li> Protsessor: Apple A10 Fusion <\/li><li> Operatsioonis\u00fcsteem: iOS <\/li><li> Operatiivm\u00e4lu: piisav mitme rakenduse korraga t\u00f6\u00f6tamiseks <\/li><li> Sisetalituse m\u00e4lu:\u00a0128 GB <\/li><li> Tagumine kaameras\u00fcsteem: topelt 12 MP kaamerat <\/li><li> Esikaamera:\u00a07 MP <\/li><li> Videov\u00f5imekus: k\u00f5rge lahutusv\u00f5imega salvestus <\/li><li> V\u00f5rkude tugi: 2G \/ 3G \/ 4G <\/li><li> Traadita \u00fchendused: Wi-Fi, Bluetooth <\/li><li> Navigatsioon: GPS <\/li><li> Pordid: Lightning <\/li><li> Audio: stereok\u00f5larid <\/li><li> Kaitse: IP67 vee- ja tolmukindlus <\/li><li> Aku: sisseehitatud pika t\u00f6\u00f6ajaga <\/li><li> Sobib igap\u00e4evaseks kasutamiseks, suhtlemiseks, internetiks ja foto\/video tegemiseks <\/li><\/ul>\n","protected":false},"excerpt":{"rendered":"<p>Telefon Iphone 7 Plus 128GB Red, AKU 71%, heas seisu- ja t\u00f6\u00f6korras! KIRJELDUS Seadme t\u00fc\u00fcp: nutitelefon Ekraan:\u00a05,5\u2033\u00a0Retina HD Resolutsioon:\u00a01920 \u00d7 1080 Protsessor: Apple A10 Fusion Operatsioonis\u00fcsteem: iOS Operatiivm\u00e4lu: piisav mitme rakenduse korraga t\u00f6\u00f6tamiseks Sisetalituse m\u00e4lu:\u00a0128 GB Tagumine kaameras\u00fcsteem: topelt 12 MP kaamerat Esikaamera:\u00a07 MP Videov\u00f5imekus: k\u00f5rge lahutusv\u00f5imega salvestus V\u00f5rkude tugi: 2G \/ 3G \/ 4G [&hellip;]<\/p>\n","protected":false},"featured_media":33429,"comment_status":"closed","ping_status":"closed","template":"","meta":{"inline_featured_image":false},"product_brand":[],"product_cat":[171],"product_tag":[],"class_list":{"0":"post-33428","1":"product","2":"type-product","3":"status-publish","4":"has-post-thumbnail","6":"product_cat-mobilnye-telefony","7":"pa_asukoht-mustamae","8":"pa_seisukord-ispolzovano","10":"first","11":"outofstock","12":"taxable","13":"shipping-taxable","14":"purchasable","15":"product-type-simple"},"_links":{"self":[{"href":"https:\/\/a-pant.ee\/ru\/wp-json\/wp\/v2\/product\/33428","targetHints":{"allow":["GET"]}}],"collection":[{"href":"https:\/\/a-pant.ee\/ru\/wp-json\/wp\/v2\/product"}],"about":[{"href":"https:\/\/a-pant.ee\/ru\/wp-json\/wp\/v2\/types\/product"}],"replies":[{"embeddable":true,"href":"https:\/\/a-pant.ee\/ru\/wp-json\/wp\/v2\/comments?post=33428"}],"wp:featuredmedia":[{"embeddable":true,"href":"https:\/\/a-pant.ee\/ru\/wp-json\/wp\/v2\/media\/33429"}],"wp:attachment":[{"href":"https:\/\/a-pant.ee\/ru\/wp-json\/wp\/v2\/media?parent=33428"}],"wp:term":[{"taxonomy":"product_brand","embeddable":true,"href":"https:\/\/a-pant.ee\/ru\/wp-json\/wp\/v2\/product_brand?post=33428"},{"taxonomy":"product_cat","embeddable":true,"href":"https:\/\/a-pant.ee\/ru\/wp-json\/wp\/v2\/product_cat?post=33428"},{"taxonomy":"product_tag","embeddable":true,"href":"https:\/\/a-pant.ee\/ru\/wp-json\/wp\/v2\/product_tag?post=33428"}],"curies":[{"name":"wp","href":"https:\/\/api.w.org\/{rel}","templated":true}]}}