{"id":33423,"date":"2026-02-04T15:01:30","date_gmt":"2026-02-04T12:01:30","guid":{"rendered":"https:\/\/a-pant.ee\/product\/igrovaya-konsol-asus-rog-ally-rc71l\/"},"modified":"2026-02-22T12:13:45","modified_gmt":"2026-02-22T09:13:45","slug":"igrovaya-konsol-asus-rog-ally-rc71l","status":"publish","type":"product","link":"https:\/\/a-pant.ee\/ru\/product\/igrovaya-konsol-asus-rog-ally-rc71l\/","title":{"rendered":"\u0418\u0433\u0440\u043e\u0432\u0430\u044f \u043a\u043e\u043d\u0441\u043e\u043b\u044c ASUS ROG ALLY RC71L"},"content":{"rendered":"\n<p> M\u00e4ngukonsool ASUS ROG ALLY RC71L\u00a0, heas seisu- ja t\u00f6\u00f6korras! <\/p><p> KIRJELDUS <\/p><ul><li> Seadme t\u00fc\u00fcp:\u00a0kaasaskantav m\u00e4nguseade \/ m\u00e4ngu-PC <\/li><li> Operatsioonis\u00fcsteem:\u00a0Windows 11 Home <\/li><li> Protsessor:\u00a0AMD Ryzen Z1 Extreme, 8 tuuma ja 16 l\u00f5ime, kuni 5,10 GHz <\/li><li> Graafika:\u00a0integreeritud AMD Radeon Graphics (RDNA 3, kuni 12 CU, kuni 2,7 GHz) <\/li><li> M\u00e4lu:\u00a016 GB LPDDR5\u00a0kahekanaliline, kiire <\/li><li> Salvestus:\u00a0512 GB PCIe 4.0 NVMe SSD <\/li><li> Ekraan:\u00a07\u2033 IPS FHD (1920\u00d71080)\u00a0puutetundlik,\u00a0120 Hz\u00a0v\u00e4rskendussagedus, 500 nit <\/li><li> M\u00e4lukaardi pesa:\u00a0microSD (UHS-II) <\/li><li> Audio:\u00a0kaks k\u00f5larit, sisseehitatud mikrofon, Dolby Atmos ja m\u00fcra v\u00e4henduse tehnoloogia <\/li><li> V\u00f5rk:\u00a0Wi-Fi 6E ja Bluetooth 5.2 <\/li><li> Liidesed:\u00a03,5 mm k\u00f5rvaklapi\/-mikrofoni pesa, USB-C\/ROG XG Mobile <\/li><li> Aku:\u00a0Li-ion\u00a040 Wh <\/li><li> M\u00f5\u00f5tmed:\u00a0umbes\u00a028,0 \u00d7 11,1 \u00d7 2,12\u20133,24 cm <\/li><li> Kaal:\u00a0umbes\u00a0608 g <\/li><li> Sobib kaasaskantavaks AAA-m\u00e4ngude m\u00e4ngimiseks, multimeedia ja PC-rakenduste jaoks <\/li><\/ul>\n","protected":false},"excerpt":{"rendered":"<p>M\u00e4ngukonsool ASUS ROG ALLY RC71L\u00a0, heas seisu- ja t\u00f6\u00f6korras! KIRJELDUS Seadme t\u00fc\u00fcp:\u00a0kaasaskantav m\u00e4nguseade \/ m\u00e4ngu-PC Operatsioonis\u00fcsteem:\u00a0Windows 11 Home Protsessor:\u00a0AMD Ryzen Z1 Extreme, 8 tuuma ja 16 l\u00f5ime, kuni 5,10 GHz Graafika:\u00a0integreeritud AMD Radeon Graphics (RDNA 3, kuni 12 CU, kuni 2,7 GHz) M\u00e4lu:\u00a016 GB LPDDR5\u00a0kahekanaliline, kiire Salvestus:\u00a0512 GB PCIe 4.0 NVMe SSD Ekraan:\u00a07\u2033 IPS FHD [&hellip;]<\/p>\n","protected":false},"featured_media":33424,"comment_status":"closed","ping_status":"closed","template":"","meta":{"inline_featured_image":false},"product_brand":[],"product_cat":[174],"product_tag":[],"class_list":{"0":"post-33423","1":"product","2":"type-product","3":"status-publish","4":"has-post-thumbnail","6":"product_cat-igrovye-konsoli","7":"pa_asukoht-mustamae","8":"pa_seisukord-ispolzovano","10":"first","11":"outofstock","12":"taxable","13":"shipping-taxable","14":"purchasable","15":"product-type-simple"},"_links":{"self":[{"href":"https:\/\/a-pant.ee\/ru\/wp-json\/wp\/v2\/product\/33423","targetHints":{"allow":["GET"]}}],"collection":[{"href":"https:\/\/a-pant.ee\/ru\/wp-json\/wp\/v2\/product"}],"about":[{"href":"https:\/\/a-pant.ee\/ru\/wp-json\/wp\/v2\/types\/product"}],"replies":[{"embeddable":true,"href":"https:\/\/a-pant.ee\/ru\/wp-json\/wp\/v2\/comments?post=33423"}],"wp:featuredmedia":[{"embeddable":true,"href":"https:\/\/a-pant.ee\/ru\/wp-json\/wp\/v2\/media\/33424"}],"wp:attachment":[{"href":"https:\/\/a-pant.ee\/ru\/wp-json\/wp\/v2\/media?parent=33423"}],"wp:term":[{"taxonomy":"product_brand","embeddable":true,"href":"https:\/\/a-pant.ee\/ru\/wp-json\/wp\/v2\/product_brand?post=33423"},{"taxonomy":"product_cat","embeddable":true,"href":"https:\/\/a-pant.ee\/ru\/wp-json\/wp\/v2\/product_cat?post=33423"},{"taxonomy":"product_tag","embeddable":true,"href":"https:\/\/a-pant.ee\/ru\/wp-json\/wp\/v2\/product_tag?post=33423"}],"curies":[{"name":"wp","href":"https:\/\/api.w.org\/{rel}","templated":true}]}}