{"id":33418,"date":"2026-02-04T15:01:30","date_gmt":"2026-02-04T12:01:30","guid":{"rendered":"https:\/\/a-pant.ee\/product\/sabelnaya-pila-makita-djr186-ak-u-6-0-ah\/"},"modified":"2026-02-22T12:13:45","modified_gmt":"2026-02-22T09:13:45","slug":"sabelnaya-pila-makita-djr186-aku-60-ach","status":"publish","type":"product","link":"https:\/\/a-pant.ee\/ru\/product\/sabelnaya-pila-makita-djr186-aku-60-ach\/","title":{"rendered":"\u0421\u0430\u0431\u0435\u043b\u044c\u043d\u0430\u044f \u043f\u0438\u043b\u0430 Makita DJR186 + \u0410\u041a\u0423 6,0 \u0410\u0427"},"content":{"rendered":"\n<p> Tiigersaag Makita DJR186 + AKU 6,0AH, heas seisu- ja t\u00f6\u00f6korras! <\/p><p> KIRJELDUS <\/p><ul><li> Seadme t\u00fc\u00fcp: akuga sabelsaag <\/li><li> Aku pinge:\u00a018 V <\/li><li> Mootori t\u00fc\u00fcp: elektriline <\/li><li> Toide: akutoide <\/li><li> Reguleeritav saehamba liikumise kiirus <\/li><li> Suur k\u00e4igu sagedus t\u00f5husaks l\u00f5ikamiseks <\/li><li> Kiire tera vahetus ilma v\u00f5tmeta <\/li><li> Ergonoomiline k\u00e4epide mugavaks hoidmiseks <\/li><li> Sobib puidu, metalli, plastiku ja teiste materjalide l\u00f5ikamiseks <\/li><li> Sobib ehitus-, remondi- ja paigaldust\u00f6\u00f6deks <\/li><li> Kompaktne ja tasakaalustatud disain t\u00e4ppisl\u00f5igeteks <\/li><\/ul>\n","protected":false},"excerpt":{"rendered":"<p>Tiigersaag Makita DJR186 + AKU 6,0AH, heas seisu- ja t\u00f6\u00f6korras! KIRJELDUS Seadme t\u00fc\u00fcp: akuga sabelsaag Aku pinge:\u00a018 V Mootori t\u00fc\u00fcp: elektriline Toide: akutoide Reguleeritav saehamba liikumise kiirus Suur k\u00e4igu sagedus t\u00f5husaks l\u00f5ikamiseks Kiire tera vahetus ilma v\u00f5tmeta Ergonoomiline k\u00e4epide mugavaks hoidmiseks Sobib puidu, metalli, plastiku ja teiste materjalide l\u00f5ikamiseks Sobib ehitus-, remondi- ja paigaldust\u00f6\u00f6deks Kompaktne [&hellip;]<\/p>\n","protected":false},"featured_media":33419,"comment_status":"closed","ping_status":"closed","template":"","meta":{"inline_featured_image":false},"product_brand":[],"product_cat":[243],"product_tag":[],"class_list":{"0":"post-33418","1":"product","2":"type-product","3":"status-publish","4":"has-post-thumbnail","6":"product_cat-sabelnye-pily","7":"pa_asukoht-mustamae","8":"pa_seisukord-ispolzovano","10":"first","11":"outofstock","12":"taxable","13":"shipping-taxable","14":"purchasable","15":"product-type-simple"},"_links":{"self":[{"href":"https:\/\/a-pant.ee\/ru\/wp-json\/wp\/v2\/product\/33418","targetHints":{"allow":["GET"]}}],"collection":[{"href":"https:\/\/a-pant.ee\/ru\/wp-json\/wp\/v2\/product"}],"about":[{"href":"https:\/\/a-pant.ee\/ru\/wp-json\/wp\/v2\/types\/product"}],"replies":[{"embeddable":true,"href":"https:\/\/a-pant.ee\/ru\/wp-json\/wp\/v2\/comments?post=33418"}],"wp:featuredmedia":[{"embeddable":true,"href":"https:\/\/a-pant.ee\/ru\/wp-json\/wp\/v2\/media\/33419"}],"wp:attachment":[{"href":"https:\/\/a-pant.ee\/ru\/wp-json\/wp\/v2\/media?parent=33418"}],"wp:term":[{"taxonomy":"product_brand","embeddable":true,"href":"https:\/\/a-pant.ee\/ru\/wp-json\/wp\/v2\/product_brand?post=33418"},{"taxonomy":"product_cat","embeddable":true,"href":"https:\/\/a-pant.ee\/ru\/wp-json\/wp\/v2\/product_cat?post=33418"},{"taxonomy":"product_tag","embeddable":true,"href":"https:\/\/a-pant.ee\/ru\/wp-json\/wp\/v2\/product_tag?post=33418"}],"curies":[{"name":"wp","href":"https:\/\/api.w.org\/{rel}","templated":true}]}}