{"id":33411,"date":"2026-02-04T15:01:30","date_gmt":"2026-02-04T12:01:30","guid":{"rendered":"https:\/\/a-pant.ee\/product\/akudrel-probuilder-103456-2-0ah-zaryadka-korobka\/"},"modified":"2026-02-22T12:13:44","modified_gmt":"2026-02-22T09:13:44","slug":"akudrel-probuilder-103456-20ach-zaryadka-korobka","status":"publish","type":"product","link":"https:\/\/a-pant.ee\/ru\/product\/akudrel-probuilder-103456-20ach-zaryadka-korobka\/","title":{"rendered":"\u0410\u043a\u0443\u0434\u0440\u0435\u043b\u044c  Probuilder 103456 2,0\u0410\u0447 + \u0417\u0430\u0440\u044f\u0434\u043a\u0430 + \u041a\u043e\u0440\u043e\u0431\u043a\u0430"},"content":{"rendered":"\n<p><strong> Akutrell Probuilder 103456 + 2,0Ah + Laadija + Karp, <\/strong> heas seisu- ja t\u00f6\u00f6korras! <strong> \u00a0 <\/strong><\/p><p> KIRJELDUS <\/p><ul><li><strong> Laadimisaeg: <\/strong> 3 tundi <\/li><li><strong> P\u00f6\u00f6rlemiskiirus: <\/strong> 0\u2013650 p\/min <\/li><li><strong> V\u00e4\u00e4nek\u00e4ik: <\/strong> 18+1, maks. 25 N\u00b7m <\/li><li><strong> Kand: <\/strong> 10 mm <\/li><li><strong> Maksimaalne puurimisl\u00e4bim\u00f5\u00f5t: <\/strong> metall \u2014 8 mm, puit \u2014 10 mm <\/li><\/ul><p> \u00a0 <\/p>\n","protected":false},"excerpt":{"rendered":"<p>Akutrell Probuilder 103456 + 2,0Ah + Laadija + Karp, heas seisu- ja t\u00f6\u00f6korras! \u00a0 KIRJELDUS Laadimisaeg: 3 tundi P\u00f6\u00f6rlemiskiirus: 0\u2013650 p\/min V\u00e4\u00e4nek\u00e4ik: 18+1, maks. 25 N\u00b7m Kand: 10 mm Maksimaalne puurimisl\u00e4bim\u00f5\u00f5t: metall \u2014 8 mm, puit \u2014 10 mm \u00a0<\/p>\n","protected":false},"featured_media":33412,"comment_status":"closed","ping_status":"open","template":"","meta":{"inline_featured_image":false},"product_brand":[],"product_cat":[221],"product_tag":[],"class_list":{"0":"post-33411","1":"product","2":"type-product","3":"status-publish","4":"has-post-thumbnail","6":"product_cat-akkumulyatornye-dreli","7":"pa_asukoht-lasnamae","8":"pa_seisukord-ispolzovano","10":"first","11":"instock","12":"taxable","13":"shipping-taxable","14":"purchasable","15":"product-type-simple"},"_links":{"self":[{"href":"https:\/\/a-pant.ee\/ru\/wp-json\/wp\/v2\/product\/33411","targetHints":{"allow":["GET"]}}],"collection":[{"href":"https:\/\/a-pant.ee\/ru\/wp-json\/wp\/v2\/product"}],"about":[{"href":"https:\/\/a-pant.ee\/ru\/wp-json\/wp\/v2\/types\/product"}],"replies":[{"embeddable":true,"href":"https:\/\/a-pant.ee\/ru\/wp-json\/wp\/v2\/comments?post=33411"}],"wp:featuredmedia":[{"embeddable":true,"href":"https:\/\/a-pant.ee\/ru\/wp-json\/wp\/v2\/media\/33412"}],"wp:attachment":[{"href":"https:\/\/a-pant.ee\/ru\/wp-json\/wp\/v2\/media?parent=33411"}],"wp:term":[{"taxonomy":"product_brand","embeddable":true,"href":"https:\/\/a-pant.ee\/ru\/wp-json\/wp\/v2\/product_brand?post=33411"},{"taxonomy":"product_cat","embeddable":true,"href":"https:\/\/a-pant.ee\/ru\/wp-json\/wp\/v2\/product_cat?post=33411"},{"taxonomy":"product_tag","embeddable":true,"href":"https:\/\/a-pant.ee\/ru\/wp-json\/wp\/v2\/product_tag?post=33411"}],"curies":[{"name":"wp","href":"https:\/\/api.w.org\/{rel}","templated":true}]}}