{"id":33404,"date":"2026-02-04T15:01:30","date_gmt":"2026-02-04T12:01:30","guid":{"rendered":"https:\/\/a-pant.ee\/product\/nivelir-bosch-grl-250-hv-pulty-chemodan\/"},"modified":"2026-02-22T12:13:44","modified_gmt":"2026-02-22T09:13:44","slug":"nivelir-bosch-grl-250-hv-pulty-chemodan","status":"publish","type":"product","link":"https:\/\/a-pant.ee\/ru\/product\/nivelir-bosch-grl-250-hv-pulty-chemodan\/","title":{"rendered":"\u041d\u0438\u0432\u0435\u043b\u0438\u0440 Bosch GRL 250 HV + \u043f\u0443\u043b\u044c\u0442\u044b + \u0447\u0435\u043c\u043e\u0434\u0430\u043d"},"content":{"rendered":"\n<p><strong> Nivelir Bosch GRL 250 HV puldit + kohver <\/strong> , t\u00f6\u00f6korras! <\/p><p> KIRJELDUS <\/p><ul><li><strong> T\u00fc\u00fcp: <\/strong> p\u00f6\u00f6rlev lasernivelleer automaatse ise\u00adtasandamisega <\/li><li><strong> Ulatus vastuv\u00f5tjaga: <\/strong> kuni 250\u202fm <\/li><li><strong> T\u00e4psus: <\/strong> \u00b1\u202f0,1\u202fmm\/m <\/li><li><strong> Isetasandamine: <\/strong> \u00b1\u202f5\u00b0 <\/li><li><strong> P\u00f6\u00f6rlemiskiirus: <\/strong> 150 \/ 300 \/ 600 p\/min <\/li><li><strong> Laseri v\u00e4rv: <\/strong> punane <\/li><li><strong> Kaitseklass: <\/strong> IP54 <\/li><li><strong> Kaal: <\/strong> ~1,8\u202fkg <\/li><li><strong> Toide: <\/strong> 2\u00d7 AA patareid <\/li><li><strong> Statri kinnitus: <\/strong> 5\/8&#8243; <\/li><\/ul>\n","protected":false},"excerpt":{"rendered":"<p>Nivelir Bosch GRL 250 HV puldit + kohver , t\u00f6\u00f6korras! KIRJELDUS T\u00fc\u00fcp: p\u00f6\u00f6rlev lasernivelleer automaatse ise\u00adtasandamisega Ulatus vastuv\u00f5tjaga: kuni 250\u202fm T\u00e4psus: \u00b1\u202f0,1\u202fmm\/m Isetasandamine: \u00b1\u202f5\u00b0 P\u00f6\u00f6rlemiskiirus: 150 \/ 300 \/ 600 p\/min Laseri v\u00e4rv: punane Kaitseklass: IP54 Kaal: ~1,8\u202fkg Toide: 2\u00d7 AA patareid Statri kinnitus: 5\/8&#8243;<\/p>\n","protected":false},"featured_media":33405,"comment_status":"closed","ping_status":"open","template":"","meta":{"inline_featured_image":false},"product_brand":[],"product_cat":[232],"product_tag":[],"class_list":{"0":"post-33404","1":"product","2":"type-product","3":"status-publish","4":"has-post-thumbnail","6":"product_cat-lazernye-niveliry","7":"pa_asukoht-lasnamae","8":"pa_seisukord-ispolzovano","10":"first","11":"instock","12":"taxable","13":"shipping-taxable","14":"purchasable","15":"product-type-simple"},"_links":{"self":[{"href":"https:\/\/a-pant.ee\/ru\/wp-json\/wp\/v2\/product\/33404","targetHints":{"allow":["GET"]}}],"collection":[{"href":"https:\/\/a-pant.ee\/ru\/wp-json\/wp\/v2\/product"}],"about":[{"href":"https:\/\/a-pant.ee\/ru\/wp-json\/wp\/v2\/types\/product"}],"replies":[{"embeddable":true,"href":"https:\/\/a-pant.ee\/ru\/wp-json\/wp\/v2\/comments?post=33404"}],"wp:featuredmedia":[{"embeddable":true,"href":"https:\/\/a-pant.ee\/ru\/wp-json\/wp\/v2\/media\/33405"}],"wp:attachment":[{"href":"https:\/\/a-pant.ee\/ru\/wp-json\/wp\/v2\/media?parent=33404"}],"wp:term":[{"taxonomy":"product_brand","embeddable":true,"href":"https:\/\/a-pant.ee\/ru\/wp-json\/wp\/v2\/product_brand?post=33404"},{"taxonomy":"product_cat","embeddable":true,"href":"https:\/\/a-pant.ee\/ru\/wp-json\/wp\/v2\/product_cat?post=33404"},{"taxonomy":"product_tag","embeddable":true,"href":"https:\/\/a-pant.ee\/ru\/wp-json\/wp\/v2\/product_tag?post=33404"}],"curies":[{"name":"wp","href":"https:\/\/api.w.org\/{rel}","templated":true}]}}