{"id":33396,"date":"2026-02-04T15:01:30","date_gmt":"2026-02-04T12:01:30","guid":{"rendered":"https:\/\/a-pant.ee\/product\/svarochniy-apparat-rangers-mma-250rs-1450\/"},"modified":"2026-02-22T12:13:44","modified_gmt":"2026-02-22T09:13:44","slug":"svarochnyj-apparat-rangers-mma-250rs-1450","status":"publish","type":"product","link":"https:\/\/a-pant.ee\/ru\/product\/svarochnyj-apparat-rangers-mma-250rs-1450\/","title":{"rendered":"\u0421\u0432\u0430\u0440\u043e\u0447\u043d\u044b\u0439 \u0430\u043f\u043f\u0430\u0440\u0430\u0442 Rangers MMA-250RS-1450"},"content":{"rendered":"\n<p><strong> Keevitusaparaat Rangers MMA-250RS-1450 <\/strong> , heas seisu- ja t\u00f6\u00f6korras! <\/p><p> KIRJELDUS <\/p><ul><li><strong> T\u00fc\u00fcp: <\/strong> inverter-keevitusseade (MMA) <\/li><li><strong> Maksimaalne keevitustugevus: <\/strong> ~250\u202fA <\/li><li><strong> Toitepinge: <\/strong> ~220\u2013230\u202fV, 50\u202fHz <\/li><li><strong> Nominaalne v\u00e4ljundpinge: <\/strong> ~30\u202fV <\/li><li><strong> T\u00f6\u00f6ts\u00fckkel: <\/strong> 80\u202f% <\/li><li><strong> Kaitseklass: <\/strong> IP21 <\/li><li><strong> Isolatsiooniklass: <\/strong> II <\/li><li><strong> V\u00f5imsustegur: <\/strong> ~0,93 <\/li><li><strong> Kaal: <\/strong> umbes 3,5\u202fkg (kompaktne ja kaasaskantav) <\/li><li><strong> Sobib: <\/strong> k\u00e4sikeevituseks erinevate terast\u00fc\u00fcpide puhul MMA elektroodidega <\/li><\/ul><p> \u00a0 <\/p>\n","protected":false},"excerpt":{"rendered":"<p>Keevitusaparaat Rangers MMA-250RS-1450 , heas seisu- ja t\u00f6\u00f6korras! KIRJELDUS T\u00fc\u00fcp: inverter-keevitusseade (MMA) Maksimaalne keevitustugevus: ~250\u202fA Toitepinge: ~220\u2013230\u202fV, 50\u202fHz Nominaalne v\u00e4ljundpinge: ~30\u202fV T\u00f6\u00f6ts\u00fckkel: 80\u202f% Kaitseklass: IP21 Isolatsiooniklass: II V\u00f5imsustegur: ~0,93 Kaal: umbes 3,5\u202fkg (kompaktne ja kaasaskantav) Sobib: k\u00e4sikeevituseks erinevate terast\u00fc\u00fcpide puhul MMA elektroodidega \u00a0<\/p>\n","protected":false},"featured_media":33397,"comment_status":"closed","ping_status":"closed","template":"","meta":{"inline_featured_image":false},"product_brand":[],"product_cat":[228],"product_tag":[],"class_list":{"0":"post-33396","1":"product","2":"type-product","3":"status-publish","4":"has-post-thumbnail","6":"product_cat-svarochnye-apparaty","7":"product_shipping_class-oversize","8":"pa_asukoht-lasnamae","9":"pa_seisukord-ispolzovano","11":"first","12":"instock","13":"taxable","14":"shipping-taxable","15":"purchasable","16":"product-type-simple"},"_links":{"self":[{"href":"https:\/\/a-pant.ee\/ru\/wp-json\/wp\/v2\/product\/33396","targetHints":{"allow":["GET"]}}],"collection":[{"href":"https:\/\/a-pant.ee\/ru\/wp-json\/wp\/v2\/product"}],"about":[{"href":"https:\/\/a-pant.ee\/ru\/wp-json\/wp\/v2\/types\/product"}],"replies":[{"embeddable":true,"href":"https:\/\/a-pant.ee\/ru\/wp-json\/wp\/v2\/comments?post=33396"}],"wp:featuredmedia":[{"embeddable":true,"href":"https:\/\/a-pant.ee\/ru\/wp-json\/wp\/v2\/media\/33397"}],"wp:attachment":[{"href":"https:\/\/a-pant.ee\/ru\/wp-json\/wp\/v2\/media?parent=33396"}],"wp:term":[{"taxonomy":"product_brand","embeddable":true,"href":"https:\/\/a-pant.ee\/ru\/wp-json\/wp\/v2\/product_brand?post=33396"},{"taxonomy":"product_cat","embeddable":true,"href":"https:\/\/a-pant.ee\/ru\/wp-json\/wp\/v2\/product_cat?post=33396"},{"taxonomy":"product_tag","embeddable":true,"href":"https:\/\/a-pant.ee\/ru\/wp-json\/wp\/v2\/product_tag?post=33396"}],"curies":[{"name":"wp","href":"https:\/\/api.w.org\/{rel}","templated":true}]}}