{"id":33390,"date":"2026-02-04T15:01:30","date_gmt":"2026-02-04T12:01:30","guid":{"rendered":"https:\/\/a-pant.ee\/product\/rubanok-hyundai-p-700-82\/"},"modified":"2026-02-22T12:13:44","modified_gmt":"2026-02-22T09:13:44","slug":"rubanok-hyundai-p-700-82","status":"publish","type":"product","link":"https:\/\/a-pant.ee\/ru\/product\/rubanok-hyundai-p-700-82\/","title":{"rendered":"\u0420\u0443\u0431\u0430\u043d\u043e\u043a Hyundai P 700-82"},"content":{"rendered":"\n<p><strong> H\u00f6\u00f6vel Hyundai P 700-82 <\/strong> , heas seisu- ja t\u00f6\u00f6korras! <\/p><p> KIRJELDUS <\/p><ul><li> V\u00f5imsus: ~650\u2013700 W <\/li><li> P\u00f6\u00f6rlemiskiirus: ~16 000 p\/min <\/li><li> H\u00f6\u00f6veldamise laius: 82 mm <\/li><li> H\u00f6\u00f6veldamise s\u00fcgavus: kuni 2 mm <\/li><li> Kaal: ~2,5 kg <\/li><li> Toide: 220\u2013230 V <\/li><\/ul><p> \u00a0 <\/p>\n","protected":false},"excerpt":{"rendered":"<p>H\u00f6\u00f6vel Hyundai P 700-82 , heas seisu- ja t\u00f6\u00f6korras! KIRJELDUS V\u00f5imsus: ~650\u2013700 W P\u00f6\u00f6rlemiskiirus: ~16 000 p\/min H\u00f6\u00f6veldamise laius: 82 mm H\u00f6\u00f6veldamise s\u00fcgavus: kuni 2 mm Kaal: ~2,5 kg Toide: 220\u2013230 V \u00a0<\/p>\n","protected":false},"featured_media":33391,"comment_status":"closed","ping_status":"open","template":"","meta":{"inline_featured_image":false},"product_brand":[],"product_cat":[226],"product_tag":[],"class_list":{"0":"post-33390","1":"product","2":"type-product","3":"status-publish","4":"has-post-thumbnail","6":"product_cat-rubanki","7":"pa_asukoht-lasnamae","8":"pa_seisukord-ispolzovano","10":"first","11":"outofstock","12":"taxable","13":"shipping-taxable","14":"purchasable","15":"product-type-simple"},"_links":{"self":[{"href":"https:\/\/a-pant.ee\/ru\/wp-json\/wp\/v2\/product\/33390","targetHints":{"allow":["GET"]}}],"collection":[{"href":"https:\/\/a-pant.ee\/ru\/wp-json\/wp\/v2\/product"}],"about":[{"href":"https:\/\/a-pant.ee\/ru\/wp-json\/wp\/v2\/types\/product"}],"replies":[{"embeddable":true,"href":"https:\/\/a-pant.ee\/ru\/wp-json\/wp\/v2\/comments?post=33390"}],"wp:featuredmedia":[{"embeddable":true,"href":"https:\/\/a-pant.ee\/ru\/wp-json\/wp\/v2\/media\/33391"}],"wp:attachment":[{"href":"https:\/\/a-pant.ee\/ru\/wp-json\/wp\/v2\/media?parent=33390"}],"wp:term":[{"taxonomy":"product_brand","embeddable":true,"href":"https:\/\/a-pant.ee\/ru\/wp-json\/wp\/v2\/product_brand?post=33390"},{"taxonomy":"product_cat","embeddable":true,"href":"https:\/\/a-pant.ee\/ru\/wp-json\/wp\/v2\/product_cat?post=33390"},{"taxonomy":"product_tag","embeddable":true,"href":"https:\/\/a-pant.ee\/ru\/wp-json\/wp\/v2\/product_tag?post=33390"}],"curies":[{"name":"wp","href":"https:\/\/api.w.org\/{rel}","templated":true}]}}