{"id":33384,"date":"2026-02-04T15:01:30","date_gmt":"2026-02-04T12:01:30","guid":{"rendered":"https:\/\/a-pant.ee\/product\/elektricheskaya-tsepnaya-pila-makita-uc3541a\/"},"modified":"2026-02-22T12:13:44","modified_gmt":"2026-02-22T09:13:44","slug":"elektricheskaya-czepnaya-pila-makita-uc3541a","status":"publish","type":"product","link":"https:\/\/a-pant.ee\/ru\/product\/elektricheskaya-czepnaya-pila-makita-uc3541a\/","title":{"rendered":"\u042d\u043b\u0435\u043a\u0442\u0440\u0438\u0447\u0435\u0441\u043a\u0430\u044f \u0446\u0435\u043f\u043d\u0430\u044f \u043f\u0438\u043b\u0430 Makita UC3541A"},"content":{"rendered":"\n<p><strong> Elektrikettsaag Makita UC3541A <\/strong> , heas seisu- ja t\u00f6\u00f6korras! <\/p><p> KIRJELDUS <\/p><p> V\u00f5imsus 1800 W <br \/> Keti\u00f5li paagi suurus 0,2 L <br \/> Maks. keti kiirus (t\u00fchik\u00e4igul) 14,5 m\/sec <br \/> Kaal ilma juhtmeta (EPTA-Protseduur 01\/2003)4,7 kg <br \/> Keti samm 3\/8 \u201c <br \/> Keti paksus 0.043 \u201c <br \/> Keti paksus 1,1 mm <br \/> Juhtl\u00fclide arv 52 <br \/> Lati pikkus 350 (14\u2033) mm <br \/> Toitejuhe 0,3 m <br \/> Heliv\u00f5imsuse tase (LWA)101,3 dB(A) <br \/> Helir\u00f5hu tase (LpA)90,3 dB(A) <br \/> M\u00e4\u00e4ramatu m\u00fcra (K faktor)2,5 dB(A) <br \/> Vibratsioonitase (3 teljel)4,7 m\/sec\u00b2 <br \/> M\u00e4\u00e4ramatu vibratsioon (K faktor)1,5 m\/sec\u00b2 <br \/> M\u00f5\u00f5dud (PxLxK): 436x244x200 mm <\/p><p> \u00a0 <\/p>\n","protected":false},"excerpt":{"rendered":"<p>Elektrikettsaag Makita UC3541A , heas seisu- ja t\u00f6\u00f6korras! KIRJELDUS V\u00f5imsus 1800 W Keti\u00f5li paagi suurus 0,2 L Maks. keti kiirus (t\u00fchik\u00e4igul) 14,5 m\/sec Kaal ilma juhtmeta (EPTA-Protseduur 01\/2003)4,7 kg Keti samm 3\/8 \u201c Keti paksus 0.043 \u201c Keti paksus 1,1 mm Juhtl\u00fclide arv 52 Lati pikkus 350 (14\u2033) mm Toitejuhe 0,3 m Heliv\u00f5imsuse tase (LWA)101,3 [&hellip;]<\/p>\n","protected":false},"featured_media":33385,"comment_status":"closed","ping_status":"open","template":"","meta":{"inline_featured_image":false},"product_brand":[],"product_cat":[220],"product_tag":[],"class_list":{"0":"post-33384","1":"product","2":"type-product","3":"status-publish","4":"has-post-thumbnail","6":"product_cat-sadovye-instrumenty","7":"pa_asukoht-lasnamae","8":"pa_seisukord-ispolzovano","10":"first","11":"instock","12":"taxable","13":"shipping-taxable","14":"purchasable","15":"product-type-simple"},"_links":{"self":[{"href":"https:\/\/a-pant.ee\/ru\/wp-json\/wp\/v2\/product\/33384","targetHints":{"allow":["GET"]}}],"collection":[{"href":"https:\/\/a-pant.ee\/ru\/wp-json\/wp\/v2\/product"}],"about":[{"href":"https:\/\/a-pant.ee\/ru\/wp-json\/wp\/v2\/types\/product"}],"replies":[{"embeddable":true,"href":"https:\/\/a-pant.ee\/ru\/wp-json\/wp\/v2\/comments?post=33384"}],"wp:featuredmedia":[{"embeddable":true,"href":"https:\/\/a-pant.ee\/ru\/wp-json\/wp\/v2\/media\/33385"}],"wp:attachment":[{"href":"https:\/\/a-pant.ee\/ru\/wp-json\/wp\/v2\/media?parent=33384"}],"wp:term":[{"taxonomy":"product_brand","embeddable":true,"href":"https:\/\/a-pant.ee\/ru\/wp-json\/wp\/v2\/product_brand?post=33384"},{"taxonomy":"product_cat","embeddable":true,"href":"https:\/\/a-pant.ee\/ru\/wp-json\/wp\/v2\/product_cat?post=33384"},{"taxonomy":"product_tag","embeddable":true,"href":"https:\/\/a-pant.ee\/ru\/wp-json\/wp\/v2\/product_tag?post=33384"}],"curies":[{"name":"wp","href":"https:\/\/api.w.org\/{rel}","templated":true}]}}