{"id":33378,"date":"2026-02-04T15:01:30","date_gmt":"2026-02-04T12:01:30","guid":{"rendered":"https:\/\/a-pant.ee\/product\/zaryadnoe-ustroystvo-replace-dc18rc\/"},"modified":"2026-02-22T12:13:43","modified_gmt":"2026-02-22T09:13:43","slug":"zaryadnoe-ustrojstvo-replace-dc18rc","status":"publish","type":"product","link":"https:\/\/a-pant.ee\/ru\/product\/zaryadnoe-ustrojstvo-replace-dc18rc\/","title":{"rendered":"\u0417\u0430\u0440\u044f\u0434\u043d\u043e\u0435 \u0443\u0441\u0442\u0440\u043e\u0439\u0441\u0442\u0432\u043e  Replace DC18RC"},"content":{"rendered":"\n<p><strong> Laadija Replace Dc18RC, <\/strong> \u00a0 t\u00f6\u00f6korras! <\/p><p> KIRJELDUS <\/p><ul><li><strong> T\u00fc\u00fcp: <\/strong> kiire seinalaadija Li\u2011Ion akudele Makita 14,4\u201318\u202fV <\/li><li><strong> \u00dchilduvus: <\/strong> LXT akud 7,2\u201318\u202fV <\/li><li><strong> Laadimisaeg: <\/strong> 1,5\u202fAh ~15\u202fmin, 3\u202fAh ~22\u201330\u202fmin, 4\u202fAh ~36\u202fmin, 5\u202fAh ~45\u202fmin, 6\u202fAh ~55\u202fmin <\/li><li><strong> Funktsioonid: <\/strong> intelligentne voolu\/pinge\/temperatuuri juhtimine, jahutusventilaator <\/li><li><strong> Suurus\/kaal: <\/strong> ~156\u00d7190\u00d784\u202fmm, ~0,75\u202fkg <\/li><\/ul><p> \u00a0 <\/p>\n","protected":false},"excerpt":{"rendered":"<p>Laadija Replace Dc18RC, \u00a0 t\u00f6\u00f6korras! KIRJELDUS T\u00fc\u00fcp: kiire seinalaadija Li\u2011Ion akudele Makita 14,4\u201318\u202fV \u00dchilduvus: LXT akud 7,2\u201318\u202fV Laadimisaeg: 1,5\u202fAh ~15\u202fmin, 3\u202fAh ~22\u201330\u202fmin, 4\u202fAh ~36\u202fmin, 5\u202fAh ~45\u202fmin, 6\u202fAh ~55\u202fmin Funktsioonid: intelligentne voolu\/pinge\/temperatuuri juhtimine, jahutusventilaator Suurus\/kaal: ~156\u00d7190\u00d784\u202fmm, ~0,75\u202fkg \u00a0<\/p>\n","protected":false},"featured_media":33379,"comment_status":"closed","ping_status":"open","template":"","meta":{"inline_featured_image":false},"product_brand":[],"product_cat":[223],"product_tag":[],"class_list":{"0":"post-33378","1":"product","2":"type-product","3":"status-publish","4":"has-post-thumbnail","6":"product_cat-vsyo-dlya-instrumenta","7":"pa_asukoht-lasnamae","8":"pa_seisukord-ispolzovano","10":"first","11":"outofstock","12":"taxable","13":"shipping-taxable","14":"purchasable","15":"product-type-simple"},"_links":{"self":[{"href":"https:\/\/a-pant.ee\/ru\/wp-json\/wp\/v2\/product\/33378","targetHints":{"allow":["GET"]}}],"collection":[{"href":"https:\/\/a-pant.ee\/ru\/wp-json\/wp\/v2\/product"}],"about":[{"href":"https:\/\/a-pant.ee\/ru\/wp-json\/wp\/v2\/types\/product"}],"replies":[{"embeddable":true,"href":"https:\/\/a-pant.ee\/ru\/wp-json\/wp\/v2\/comments?post=33378"}],"wp:featuredmedia":[{"embeddable":true,"href":"https:\/\/a-pant.ee\/ru\/wp-json\/wp\/v2\/media\/33379"}],"wp:attachment":[{"href":"https:\/\/a-pant.ee\/ru\/wp-json\/wp\/v2\/media?parent=33378"}],"wp:term":[{"taxonomy":"product_brand","embeddable":true,"href":"https:\/\/a-pant.ee\/ru\/wp-json\/wp\/v2\/product_brand?post=33378"},{"taxonomy":"product_cat","embeddable":true,"href":"https:\/\/a-pant.ee\/ru\/wp-json\/wp\/v2\/product_cat?post=33378"},{"taxonomy":"product_tag","embeddable":true,"href":"https:\/\/a-pant.ee\/ru\/wp-json\/wp\/v2\/product_tag?post=33378"}],"curies":[{"name":"wp","href":"https:\/\/api.w.org\/{rel}","templated":true}]}}