{"id":33373,"date":"2026-02-04T15:01:30","date_gmt":"2026-02-04T12:01:30","guid":{"rendered":"https:\/\/a-pant.ee\/product\/mobile-telefon-ulefone-power-3-64-gb\/"},"modified":"2026-02-22T12:13:43","modified_gmt":"2026-02-22T09:13:43","slug":"mobilnyj-telefon-ulefone-power-3-64-gb","status":"publish","type":"product","link":"https:\/\/a-pant.ee\/ru\/product\/mobilnyj-telefon-ulefone-power-3-64-gb\/","title":{"rendered":"\u041c\u043e\u0431\u0438\u043b\u044c\u043d\u044b\u0439 \u0442\u0435\u043b\u0435\u0444\u043e\u043d UleFone Power 3 64 GB"},"content":{"rendered":"\n<p> Mobiiltelefon UleFone Power 3 64 GB\u00a0, heas seisu- ja t\u00f6\u00f6korras! <\/p><p> KIRJELDUS <\/p><p> Kaubam\u00e4rk <br \/> Ulefone <br \/> Toote v\u00e4rv <br \/> kuldne, must <br \/> OS-i versioon m\u00fc\u00fcgi alguses <br \/> Android 8.1 <br \/> Korpuse t\u00fc\u00fcp <br \/> klassikaline <br \/> SIM-kaartide arv <br \/> Kaks nano-SIM-kaarti <br \/> Kaal <br \/> 210 g <br \/> M\u00f5\u00f5dud (LxKxS) <br \/> 75,9&#215;159,2&#215;9,85 mm <br \/> Ekraan <br \/> Ekraan <br \/> 6&#8243; (2160 \u00d7 1080), Full HD <br \/> Ekraani funktsioonid <br \/> puutetundlik ekraan, kriimustuskindel klaas, v\u00e4rviline ekraan <br \/> Piksleid tolli kohta (PPI) <br \/> 402 <br \/> Multimeedia v\u00f5imalused <br \/> Kaamera funktsioonid <br \/> autofookus, p\u00f5hikaamera, tagumine v\u00e4lklamp, esikaamera <br \/> P\u00f5hikaamerate (tagumine) arv <br \/> 2 <br \/> P\u00f5hikaamera eraldusv\u00f5ime <br \/> 16 MP <br \/> Kaamera peamised tehnilised andmed <br \/> f\/2 <br \/> P\u00f5hikaamera 2 tehnilised andmed <br \/> 5 MP <br \/> Esikaamera eraldusv\u00f5ime <br \/> 13 MP <br \/> K\u00f5rvaklappide v\u00e4ljund <br \/> C-t\u00fc\u00fcpi USB <br \/> \u00dchendus <br \/> Suhtlusstandard <br \/> 3G, 4G LTE <br \/> Wi-Fi standard <br \/> 802.11n <br \/> Bluetoothi \u200b\u200bstandard <br \/> 4.1 <br \/> Geopositsioneerimine <br \/> GPS, GLONASS <br \/> M\u00e4lu ja protsessor <br \/> CPU <br \/> MediaTek Helio P23 (MT6763T) <br \/> Sisseehitatud m\u00e4lu <br \/> 64 GB <br \/> RAM <br \/> 6 GB <br \/> M\u00e4lukaardi pesa <br \/> On olemas <br \/> Toitumine <br \/> Aku mahutavus <br \/> 6080 mAh <br \/> Ooteaeg <br \/> 1800 h <br \/> Laadimispistiku t\u00fc\u00fcp <br \/> USB-C <br \/> Laadimisfunktsioonid <br \/> kiire laadimine <br \/> Muud omadused <br \/> Autentimine <br \/> s\u00f5rmej\u00e4ljeskanner <\/p>\n","protected":false},"excerpt":{"rendered":"<p>Mobiiltelefon UleFone Power 3 64 GB\u00a0, heas seisu- ja t\u00f6\u00f6korras! KIRJELDUS Kaubam\u00e4rk Ulefone Toote v\u00e4rv kuldne, must OS-i versioon m\u00fc\u00fcgi alguses Android 8.1 Korpuse t\u00fc\u00fcp klassikaline SIM-kaartide arv Kaks nano-SIM-kaarti Kaal 210 g M\u00f5\u00f5dud (LxKxS) 75,9&#215;159,2&#215;9,85 mm Ekraan Ekraan 6&#8243; (2160 \u00d7 1080), Full HD Ekraani funktsioonid puutetundlik ekraan, kriimustuskindel klaas, v\u00e4rviline ekraan Piksleid tolli [&hellip;]<\/p>\n","protected":false},"featured_media":33374,"comment_status":"closed","ping_status":"open","template":"","meta":{"inline_featured_image":false},"product_brand":[],"product_cat":[171],"product_tag":[],"class_list":{"0":"post-33373","1":"product","2":"type-product","3":"status-publish","4":"has-post-thumbnail","6":"product_cat-mobilnye-telefony","7":"pa_asukoht-mustamae","8":"pa_seisukord-ispolzovano","10":"first","11":"instock","12":"taxable","13":"shipping-taxable","14":"purchasable","15":"product-type-simple"},"_links":{"self":[{"href":"https:\/\/a-pant.ee\/ru\/wp-json\/wp\/v2\/product\/33373","targetHints":{"allow":["GET"]}}],"collection":[{"href":"https:\/\/a-pant.ee\/ru\/wp-json\/wp\/v2\/product"}],"about":[{"href":"https:\/\/a-pant.ee\/ru\/wp-json\/wp\/v2\/types\/product"}],"replies":[{"embeddable":true,"href":"https:\/\/a-pant.ee\/ru\/wp-json\/wp\/v2\/comments?post=33373"}],"wp:featuredmedia":[{"embeddable":true,"href":"https:\/\/a-pant.ee\/ru\/wp-json\/wp\/v2\/media\/33374"}],"wp:attachment":[{"href":"https:\/\/a-pant.ee\/ru\/wp-json\/wp\/v2\/media?parent=33373"}],"wp:term":[{"taxonomy":"product_brand","embeddable":true,"href":"https:\/\/a-pant.ee\/ru\/wp-json\/wp\/v2\/product_brand?post=33373"},{"taxonomy":"product_cat","embeddable":true,"href":"https:\/\/a-pant.ee\/ru\/wp-json\/wp\/v2\/product_cat?post=33373"},{"taxonomy":"product_tag","embeddable":true,"href":"https:\/\/a-pant.ee\/ru\/wp-json\/wp\/v2\/product_tag?post=33373"}],"curies":[{"name":"wp","href":"https:\/\/api.w.org\/{rel}","templated":true}]}}