{"id":33366,"date":"2026-02-04T15:01:30","date_gmt":"2026-02-04T12:01:30","guid":{"rendered":"https:\/\/a-pant.ee\/product\/akkumulyatornaya-tsirkulyarnaya-pila-makita-hs301d\/"},"modified":"2026-02-22T12:13:43","modified_gmt":"2026-02-22T09:13:43","slug":"akkumulyatornaya-czirkulyarnaya-pila-makita-hs301d-20ach","status":"publish","type":"product","link":"https:\/\/a-pant.ee\/ru\/product\/akkumulyatornaya-czirkulyarnaya-pila-makita-hs301d-20ach\/","title":{"rendered":"\u0410\u043a\u043a\u0443\u043c\u0443\u043b\u044f\u0442\u043e\u0440\u043d\u0430\u044f \u0446\u0438\u0440\u043a\u0443\u043b\u044f\u0440\u043d\u0430\u044f \u043f\u0438\u043b\u0430  Makita HS301D + 2,0\u0410\u0447"},"content":{"rendered":"\n<p><strong> Akuketassaag Makita HS301D + 2,0Ah <\/strong> , heas seisu- ja t\u00f6\u00f6korras! <\/p><p> KIRJELDUS <\/p><p> L\u00f5ikes\u00fcgavus 90\u00b0, mm 25 <br \/> Ketta l\u00e4bim\u00f5\u00f5t, mm 85 <br \/> Aku pinge, V 12 <br \/> Sadula l\u00e4bim\u00f5\u00f5t, mm 15 <br \/> RPM 15000 <\/p>\n","protected":false},"excerpt":{"rendered":"<p>Akuketassaag Makita HS301D + 2,0Ah , heas seisu- ja t\u00f6\u00f6korras! KIRJELDUS L\u00f5ikes\u00fcgavus 90\u00b0, mm 25 Ketta l\u00e4bim\u00f5\u00f5t, mm 85 Aku pinge, V 12 Sadula l\u00e4bim\u00f5\u00f5t, mm 15 RPM 15000<\/p>\n","protected":false},"featured_media":33367,"comment_status":"closed","ping_status":"open","template":"","meta":{"inline_featured_image":false},"product_brand":[],"product_cat":[230],"product_tag":[],"class_list":{"0":"post-33366","1":"product","2":"type-product","3":"status-publish","4":"has-post-thumbnail","6":"product_cat-czirkulyarnye-pily","7":"pa_asukoht-lasnamae","8":"pa_seisukord-ispolzovano","10":"first","11":"instock","12":"taxable","13":"shipping-taxable","14":"purchasable","15":"product-type-simple"},"_links":{"self":[{"href":"https:\/\/a-pant.ee\/ru\/wp-json\/wp\/v2\/product\/33366","targetHints":{"allow":["GET"]}}],"collection":[{"href":"https:\/\/a-pant.ee\/ru\/wp-json\/wp\/v2\/product"}],"about":[{"href":"https:\/\/a-pant.ee\/ru\/wp-json\/wp\/v2\/types\/product"}],"replies":[{"embeddable":true,"href":"https:\/\/a-pant.ee\/ru\/wp-json\/wp\/v2\/comments?post=33366"}],"wp:featuredmedia":[{"embeddable":true,"href":"https:\/\/a-pant.ee\/ru\/wp-json\/wp\/v2\/media\/33367"}],"wp:attachment":[{"href":"https:\/\/a-pant.ee\/ru\/wp-json\/wp\/v2\/media?parent=33366"}],"wp:term":[{"taxonomy":"product_brand","embeddable":true,"href":"https:\/\/a-pant.ee\/ru\/wp-json\/wp\/v2\/product_brand?post=33366"},{"taxonomy":"product_cat","embeddable":true,"href":"https:\/\/a-pant.ee\/ru\/wp-json\/wp\/v2\/product_cat?post=33366"},{"taxonomy":"product_tag","embeddable":true,"href":"https:\/\/a-pant.ee\/ru\/wp-json\/wp\/v2\/product_tag?post=33366"}],"curies":[{"name":"wp","href":"https:\/\/api.w.org\/{rel}","templated":true}]}}