{"id":33359,"date":"2026-02-04T15:01:30","date_gmt":"2026-02-04T12:01:30","guid":{"rendered":"https:\/\/a-pant.ee\/product\/zaryadnoe-ustroystvo-makita-dc10wd\/"},"modified":"2026-02-22T12:13:43","modified_gmt":"2026-02-22T09:13:43","slug":"zaryadnoe-ustrojstvo-makita-dc10wd","status":"publish","type":"product","link":"https:\/\/a-pant.ee\/ru\/product\/zaryadnoe-ustrojstvo-makita-dc10wd\/","title":{"rendered":"\u0417\u0430\u0440\u044f\u0434\u043d\u043e\u0435 \u0443\u0441\u0442\u0440\u043e\u0439\u0441\u0442\u0432\u043e Makita DC10WD"},"content":{"rendered":"\n<p><strong> Laadija Makita DC10WD <\/strong> , heas seisu- ja t\u00f6\u00f6korras! <\/p><p> KIRJELDUS <\/p><ul><li><strong> \u00dchilduvus: <\/strong> \u00a0Makita CXT seeria akud (10.8 V \/ 12 V Max) <\/li><li><strong> Laadija t\u00fc\u00fcp: <\/strong> \u00a0Laualaadija <\/li><li><strong> Sisendpinge: <\/strong> \u00a0220-240 V, 50-60 Hz <\/li><li><strong> V\u00e4ljundpinge: <\/strong> \u00a010.8 V \u2013 12 V Max <\/li><li><strong> Laadimisvool: <\/strong> \u00a01.5 A <\/li><li><strong> Laadimisaeg: <\/strong><ul><li> Aku 1.5 Ah: umbes 50 minutit <\/li><li> Aku 2.0 Ah: umbes 70 minutit <\/li><li> Aku 4.0 Ah: umbes 130 minutit <\/li><\/ul><\/li><li><strong> Jahutuss\u00fcsteem: <\/strong> \u00a0Ventilaator aku \u00fclekuumenemise v\u00e4ltimiseks <\/li><li><strong> Laadimisindikaator: <\/strong> \u00a0LED-tuli <\/li><li><strong> Kaal: <\/strong> \u00a00.36 kg <\/li><li><strong> Eriomadused: <\/strong> \u00a0Kompaktne ja kerge laadija, \u00fclekoormuskaitse, lihtne kasutada. <\/li><\/ul><p> \u00a0 <\/p>\n","protected":false},"excerpt":{"rendered":"<p>Laadija Makita DC10WD , heas seisu- ja t\u00f6\u00f6korras! KIRJELDUS \u00dchilduvus: \u00a0Makita CXT seeria akud (10.8 V \/ 12 V Max) Laadija t\u00fc\u00fcp: \u00a0Laualaadija Sisendpinge: \u00a0220-240 V, 50-60 Hz V\u00e4ljundpinge: \u00a010.8 V \u2013 12 V Max Laadimisvool: \u00a01.5 A Laadimisaeg: Aku 1.5 Ah: umbes 50 minutit Aku 2.0 Ah: umbes 70 minutit Aku 4.0 Ah: umbes [&hellip;]<\/p>\n","protected":false},"featured_media":33360,"comment_status":"closed","ping_status":"open","template":"","meta":{"inline_featured_image":false},"product_brand":[],"product_cat":[223],"product_tag":[],"class_list":{"0":"post-33359","1":"product","2":"type-product","3":"status-publish","4":"has-post-thumbnail","6":"product_cat-vsyo-dlya-instrumenta","7":"pa_asukoht-lasnamae","8":"pa_seisukord-ispolzovano","10":"first","11":"instock","12":"taxable","13":"shipping-taxable","14":"purchasable","15":"product-type-simple"},"_links":{"self":[{"href":"https:\/\/a-pant.ee\/ru\/wp-json\/wp\/v2\/product\/33359","targetHints":{"allow":["GET"]}}],"collection":[{"href":"https:\/\/a-pant.ee\/ru\/wp-json\/wp\/v2\/product"}],"about":[{"href":"https:\/\/a-pant.ee\/ru\/wp-json\/wp\/v2\/types\/product"}],"replies":[{"embeddable":true,"href":"https:\/\/a-pant.ee\/ru\/wp-json\/wp\/v2\/comments?post=33359"}],"wp:featuredmedia":[{"embeddable":true,"href":"https:\/\/a-pant.ee\/ru\/wp-json\/wp\/v2\/media\/33360"}],"wp:attachment":[{"href":"https:\/\/a-pant.ee\/ru\/wp-json\/wp\/v2\/media?parent=33359"}],"wp:term":[{"taxonomy":"product_brand","embeddable":true,"href":"https:\/\/a-pant.ee\/ru\/wp-json\/wp\/v2\/product_brand?post=33359"},{"taxonomy":"product_cat","embeddable":true,"href":"https:\/\/a-pant.ee\/ru\/wp-json\/wp\/v2\/product_cat?post=33359"},{"taxonomy":"product_tag","embeddable":true,"href":"https:\/\/a-pant.ee\/ru\/wp-json\/wp\/v2\/product_tag?post=33359"}],"curies":[{"name":"wp","href":"https:\/\/api.w.org\/{rel}","templated":true}]}}