{"id":33352,"date":"2026-02-04T15:01:30","date_gmt":"2026-02-04T12:01:30","guid":{"rendered":"https:\/\/a-pant.ee\/product\/noutbuk-hp-rtl8723de-zaryadka\/"},"modified":"2026-02-22T12:13:43","modified_gmt":"2026-02-22T09:13:43","slug":"noutbuk-hp-rtl8723de-zaryadka","status":"publish","type":"product","link":"https:\/\/a-pant.ee\/ru\/product\/noutbuk-hp-rtl8723de-zaryadka\/","title":{"rendered":"\u041d\u043e\u0443\u0442\u0431\u0443\u043a HP RTL8723DE + \u0417\u0430\u0440\u044f\u0434\u043a\u0430"},"content":{"rendered":"\n<p> S\u00fclearvuti HP RTL8723DE + Laadija, heas seisu- ja t\u00f6\u00f6korras! <\/p><p> KIRJELDUS <\/p><p> Protsessor (CPU) : AMD E2-9000e Radeon R2, 4 Compute Cores 2C+2G (2CPUs) 1.5GHz <\/p><p> Operatiiv m\u00e4lu : 4 GB <\/p><p> Videokaart (CPU): AMD Radeon(TM) R2 Graphics <\/p><p> K\u00f5vaketas: LITEON CV3-8D128 118GB <\/p><p> Operatsioonis\u00fcsteem: Windows 10 Home 64-bit (10.0, build 19045) <\/p>\n","protected":false},"excerpt":{"rendered":"<p>S\u00fclearvuti HP RTL8723DE + Laadija, heas seisu- ja t\u00f6\u00f6korras! KIRJELDUS Protsessor (CPU) : AMD E2-9000e Radeon R2, 4 Compute Cores 2C+2G (2CPUs) 1.5GHz Operatiiv m\u00e4lu : 4 GB Videokaart (CPU): AMD Radeon(TM) R2 Graphics K\u00f5vaketas: LITEON CV3-8D128 118GB Operatsioonis\u00fcsteem: Windows 10 Home 64-bit (10.0, build 19045)<\/p>\n","protected":false},"featured_media":33353,"comment_status":"closed","ping_status":"open","template":"","meta":{"inline_featured_image":false},"product_brand":[],"product_cat":[179],"product_tag":[],"class_list":{"0":"post-33352","1":"product","2":"type-product","3":"status-publish","4":"has-post-thumbnail","6":"product_cat-noutbuki","7":"pa_asukoht-mustamae","8":"pa_seisukord-ispolzovano","10":"first","11":"instock","12":"taxable","13":"shipping-taxable","14":"purchasable","15":"product-type-simple"},"_links":{"self":[{"href":"https:\/\/a-pant.ee\/ru\/wp-json\/wp\/v2\/product\/33352","targetHints":{"allow":["GET"]}}],"collection":[{"href":"https:\/\/a-pant.ee\/ru\/wp-json\/wp\/v2\/product"}],"about":[{"href":"https:\/\/a-pant.ee\/ru\/wp-json\/wp\/v2\/types\/product"}],"replies":[{"embeddable":true,"href":"https:\/\/a-pant.ee\/ru\/wp-json\/wp\/v2\/comments?post=33352"}],"wp:featuredmedia":[{"embeddable":true,"href":"https:\/\/a-pant.ee\/ru\/wp-json\/wp\/v2\/media\/33353"}],"wp:attachment":[{"href":"https:\/\/a-pant.ee\/ru\/wp-json\/wp\/v2\/media?parent=33352"}],"wp:term":[{"taxonomy":"product_brand","embeddable":true,"href":"https:\/\/a-pant.ee\/ru\/wp-json\/wp\/v2\/product_brand?post=33352"},{"taxonomy":"product_cat","embeddable":true,"href":"https:\/\/a-pant.ee\/ru\/wp-json\/wp\/v2\/product_cat?post=33352"},{"taxonomy":"product_tag","embeddable":true,"href":"https:\/\/a-pant.ee\/ru\/wp-json\/wp\/v2\/product_tag?post=33352"}],"curies":[{"name":"wp","href":"https:\/\/api.w.org\/{rel}","templated":true}]}}