{"id":33347,"date":"2026-02-04T15:01:30","date_gmt":"2026-02-04T12:01:30","guid":{"rendered":"https:\/\/a-pant.ee\/product\/lobzik-einhell-ste350\/"},"modified":"2026-02-22T12:13:42","modified_gmt":"2026-02-22T09:13:42","slug":"lobzik-einhell-ste350","status":"publish","type":"product","link":"https:\/\/a-pant.ee\/ru\/product\/lobzik-einhell-ste350\/","title":{"rendered":"\u041b\u043e\u0431\u0437\u0438\u043a Einhell STE350"},"content":{"rendered":"\n<p> Tikksaag Einhell STE350, heas seisu- ja t\u00f6\u00f6korras! <\/p><p> KIRJELDUS <\/p><p> Seadme t\u00fc\u00fcp: elektriline tikksaag <\/p><p> Toide: 230 V, 50 Hz <\/p><p> V\u00f5imsus: 350 W <\/p><p> K\u00e4ikude sagedus: 0\u20133000 k\u00e4iku\/min <\/p><p> Maksimaalne l\u00f5ikes\u00fcgavus puidus: 55 mm <\/p><p> Maksimaalne l\u00f5ikes\u00fcgavus terases: 7 mm <\/p><p> Maksimaalne l\u00f5ikes\u00fcgavus plastikus: 10 mm <\/p><p> Elektrooniline kiiruse reguleerimine <\/p><p> Sobib puidu, metalli ja plasti l\u00f5ikamiseks <\/p><p> Kaitseklass: II (topeltisolatsioon) <\/p><p> Vastavus CE n\u00f5uetele <\/p>\n","protected":false},"excerpt":{"rendered":"<p>Tikksaag Einhell STE350, heas seisu- ja t\u00f6\u00f6korras! KIRJELDUS Seadme t\u00fc\u00fcp: elektriline tikksaag Toide: 230 V, 50 Hz V\u00f5imsus: 350 W K\u00e4ikude sagedus: 0\u20133000 k\u00e4iku\/min Maksimaalne l\u00f5ikes\u00fcgavus puidus: 55 mm Maksimaalne l\u00f5ikes\u00fcgavus terases: 7 mm Maksimaalne l\u00f5ikes\u00fcgavus plastikus: 10 mm Elektrooniline kiiruse reguleerimine Sobib puidu, metalli ja plasti l\u00f5ikamiseks Kaitseklass: II (topeltisolatsioon) Vastavus CE n\u00f5uetele<\/p>\n","protected":false},"featured_media":33348,"comment_status":"closed","ping_status":"open","template":"","meta":{"inline_featured_image":false},"product_brand":[],"product_cat":[244],"product_tag":[],"class_list":{"0":"post-33347","1":"product","2":"type-product","3":"status-publish","4":"has-post-thumbnail","6":"product_cat-lobziki","7":"pa_asukoht-mustamae","8":"pa_seisukord-ispolzovano","10":"first","11":"instock","12":"taxable","13":"shipping-taxable","14":"purchasable","15":"product-type-simple"},"_links":{"self":[{"href":"https:\/\/a-pant.ee\/ru\/wp-json\/wp\/v2\/product\/33347","targetHints":{"allow":["GET"]}}],"collection":[{"href":"https:\/\/a-pant.ee\/ru\/wp-json\/wp\/v2\/product"}],"about":[{"href":"https:\/\/a-pant.ee\/ru\/wp-json\/wp\/v2\/types\/product"}],"replies":[{"embeddable":true,"href":"https:\/\/a-pant.ee\/ru\/wp-json\/wp\/v2\/comments?post=33347"}],"wp:featuredmedia":[{"embeddable":true,"href":"https:\/\/a-pant.ee\/ru\/wp-json\/wp\/v2\/media\/33348"}],"wp:attachment":[{"href":"https:\/\/a-pant.ee\/ru\/wp-json\/wp\/v2\/media?parent=33347"}],"wp:term":[{"taxonomy":"product_brand","embeddable":true,"href":"https:\/\/a-pant.ee\/ru\/wp-json\/wp\/v2\/product_brand?post=33347"},{"taxonomy":"product_cat","embeddable":true,"href":"https:\/\/a-pant.ee\/ru\/wp-json\/wp\/v2\/product_cat?post=33347"},{"taxonomy":"product_tag","embeddable":true,"href":"https:\/\/a-pant.ee\/ru\/wp-json\/wp\/v2\/product_tag?post=33347"}],"curies":[{"name":"wp","href":"https:\/\/api.w.org\/{rel}","templated":true}]}}