{"id":33340,"date":"2026-02-04T15:01:30","date_gmt":"2026-02-04T12:01:30","guid":{"rendered":"https:\/\/a-pant.ee\/product\/akudrel-makita-hp333d-2-0ach\/"},"modified":"2026-02-22T12:13:42","modified_gmt":"2026-02-22T09:13:42","slug":"akudrel-makita-df333d-20ach","status":"publish","type":"product","link":"https:\/\/a-pant.ee\/ru\/product\/akudrel-makita-df333d-20ach\/","title":{"rendered":"\u0410\u043a\u0443\u0434\u0440\u0435\u043b\u044c Makita DF333D + 2,0\u0410\u0447"},"content":{"rendered":"\n<p><strong> Akutrell Makita DF333D + 2,0Ah <\/strong> , heas seisu- ja t\u00f6\u00f6korras! <\/p><p> KIRJELDUS <\/p><p> Aku pinge <br \/> 12 V <br \/> Patareide arv <br \/> 1 arvuti. <br \/> Maksimaalne p\u00f6\u00f6rdemoment <br \/> 30 Nm <br \/> Max puuri l\u00e4bim\u00f5\u00f5t (puit) <br \/> 21 mm <br \/> Max puuri l\u00e4bim\u00f5\u00f5t (metall) <br \/> 10 mm <br \/> Kaal <br \/> 1,1 kg <\/p>\n","protected":false},"excerpt":{"rendered":"<p>Akutrell Makita DF333D + 2,0Ah , heas seisu- ja t\u00f6\u00f6korras! KIRJELDUS Aku pinge 12 V Patareide arv 1 arvuti. Maksimaalne p\u00f6\u00f6rdemoment 30 Nm Max puuri l\u00e4bim\u00f5\u00f5t (puit) 21 mm Max puuri l\u00e4bim\u00f5\u00f5t (metall) 10 mm Kaal 1,1 kg<\/p>\n","protected":false},"featured_media":33341,"comment_status":"closed","ping_status":"open","template":"","meta":{"inline_featured_image":false},"product_brand":[],"product_cat":[221],"product_tag":[],"class_list":{"0":"post-33340","1":"product","2":"type-product","3":"status-publish","4":"has-post-thumbnail","6":"product_cat-akkumulyatornye-dreli","7":"pa_asukoht-lasnamae","8":"pa_seisukord-ispolzovano","10":"first","11":"instock","12":"taxable","13":"shipping-taxable","14":"purchasable","15":"product-type-simple"},"_links":{"self":[{"href":"https:\/\/a-pant.ee\/ru\/wp-json\/wp\/v2\/product\/33340","targetHints":{"allow":["GET"]}}],"collection":[{"href":"https:\/\/a-pant.ee\/ru\/wp-json\/wp\/v2\/product"}],"about":[{"href":"https:\/\/a-pant.ee\/ru\/wp-json\/wp\/v2\/types\/product"}],"replies":[{"embeddable":true,"href":"https:\/\/a-pant.ee\/ru\/wp-json\/wp\/v2\/comments?post=33340"}],"wp:featuredmedia":[{"embeddable":true,"href":"https:\/\/a-pant.ee\/ru\/wp-json\/wp\/v2\/media\/33341"}],"wp:attachment":[{"href":"https:\/\/a-pant.ee\/ru\/wp-json\/wp\/v2\/media?parent=33340"}],"wp:term":[{"taxonomy":"product_brand","embeddable":true,"href":"https:\/\/a-pant.ee\/ru\/wp-json\/wp\/v2\/product_brand?post=33340"},{"taxonomy":"product_cat","embeddable":true,"href":"https:\/\/a-pant.ee\/ru\/wp-json\/wp\/v2\/product_cat?post=33340"},{"taxonomy":"product_tag","embeddable":true,"href":"https:\/\/a-pant.ee\/ru\/wp-json\/wp\/v2\/product_tag?post=33340"}],"curies":[{"name":"wp","href":"https:\/\/api.w.org\/{rel}","templated":true}]}}