{"id":33333,"date":"2026-02-04T14:59:21","date_gmt":"2026-02-04T11:59:21","guid":{"rendered":"https:\/\/a-pant.ee\/product\/smartfon-redmi-15-5g-128-4gb-chehol\/"},"modified":"2026-02-22T12:13:48","modified_gmt":"2026-02-22T09:13:48","slug":"smartfon-redmi-15-5g-128-4gb-chehol","status":"publish","type":"product","link":"https:\/\/a-pant.ee\/ru\/product\/smartfon-redmi-15-5g-128-4gb-chehol\/","title":{"rendered":"\u0421\u043c\u0430\u0440\u0442\u0444\u043e\u043d Redmi 15 5G 128\/4gb + \u0447\u0435\u0445\u043e\u043b"},"content":{"rendered":"\n<p><strong> Nutitelefon Redmi 15 5G 128\/4gb + \u00fcmbris <\/strong> , heas seisu- ja t\u00f6\u00f6korras! <\/p><p> KIRJELDUS <\/p><ul><li> 6,9\u2033 FHD+ ekraan, 144 Hz <\/li><li> Snapdragon 6s Gen 3, 5G <\/li><li> 4GB RAM, 128GB <\/li><li> 50 MP tagakaamera, 8 MP esikaamera <\/li><li> 7000 mAh aku, 33 W kiirlaadimine <\/li><li> Xiaomi HyperOS (Android 15) <\/li><li> IP64, NFC, s\u00f5rmej\u00e4ljelugeja <\/li><\/ul>\n","protected":false},"excerpt":{"rendered":"<p>Nutitelefon Redmi 15 5G 128\/4gb + \u00fcmbris , heas seisu- ja t\u00f6\u00f6korras! KIRJELDUS 6,9\u2033 FHD+ ekraan, 144 Hz Snapdragon 6s Gen 3, 5G 4GB RAM, 128GB 50 MP tagakaamera, 8 MP esikaamera 7000 mAh aku, 33 W kiirlaadimine Xiaomi HyperOS (Android 15) IP64, NFC, s\u00f5rmej\u00e4ljelugeja<\/p>\n","protected":false},"featured_media":33334,"comment_status":"closed","ping_status":"open","template":"","meta":{"inline_featured_image":false},"product_brand":[],"product_cat":[171],"product_tag":[],"class_list":{"0":"post-33333","1":"product","2":"type-product","3":"status-publish","4":"has-post-thumbnail","6":"product_cat-mobilnye-telefony","7":"pa_asukoht-lasnamae","8":"pa_seisukord-ispolzovano","10":"first","11":"outofstock","12":"taxable","13":"shipping-taxable","14":"purchasable","15":"product-type-simple"},"_links":{"self":[{"href":"https:\/\/a-pant.ee\/ru\/wp-json\/wp\/v2\/product\/33333","targetHints":{"allow":["GET"]}}],"collection":[{"href":"https:\/\/a-pant.ee\/ru\/wp-json\/wp\/v2\/product"}],"about":[{"href":"https:\/\/a-pant.ee\/ru\/wp-json\/wp\/v2\/types\/product"}],"replies":[{"embeddable":true,"href":"https:\/\/a-pant.ee\/ru\/wp-json\/wp\/v2\/comments?post=33333"}],"wp:featuredmedia":[{"embeddable":true,"href":"https:\/\/a-pant.ee\/ru\/wp-json\/wp\/v2\/media\/33334"}],"wp:attachment":[{"href":"https:\/\/a-pant.ee\/ru\/wp-json\/wp\/v2\/media?parent=33333"}],"wp:term":[{"taxonomy":"product_brand","embeddable":true,"href":"https:\/\/a-pant.ee\/ru\/wp-json\/wp\/v2\/product_brand?post=33333"},{"taxonomy":"product_cat","embeddable":true,"href":"https:\/\/a-pant.ee\/ru\/wp-json\/wp\/v2\/product_cat?post=33333"},{"taxonomy":"product_tag","embeddable":true,"href":"https:\/\/a-pant.ee\/ru\/wp-json\/wp\/v2\/product_tag?post=33333"}],"curies":[{"name":"wp","href":"https:\/\/api.w.org\/{rel}","templated":true}]}}