{"id":33327,"date":"2026-02-04T14:59:21","date_gmt":"2026-02-04T11:59:21","guid":{"rendered":"https:\/\/a-pant.ee\/product\/akkumulyatornyy-gvozdzabivnoy-pistolet-hikoki-nr1890dca\/"},"modified":"2026-02-22T12:13:47","modified_gmt":"2026-02-22T09:13:47","slug":"akkumulyatornyj-gvozdezabivnoj-pistolet-hikoki-nr1890dca","status":"publish","type":"product","link":"https:\/\/a-pant.ee\/ru\/product\/akkumulyatornyj-gvozdezabivnoj-pistolet-hikoki-nr1890dca\/","title":{"rendered":"\u0410\u043a\u043a\u0443\u043c\u0443\u043b\u044f\u0442\u043e\u0440\u043d\u044b\u0439 \u0433\u0432\u043e\u0437\u0434\u0435\u0437\u0430\u0431\u0438\u0432\u043d\u043e\u0439 \u043f\u0438\u0441\u0442\u043e\u043b\u0435\u0442 Hikoki NR1890DCA"},"content":{"rendered":"\n<p> Akunaelap\u00fcstol Hikoki NR1890DCA + 5ah + laadija\u00a0, heas seisu- ja t\u00f6\u00f6korras! <\/p><p> KIRJELDUS <\/p><ul><li> Pinge: 18V <\/li><li> Naela t\u00fc\u00fcp: Clipped Head (34\u00b0) <\/li><li> Naela pikkus: 50\u201390 mm <\/li><li> Naela l\u00e4bim\u00f5\u00f5t: 2,9 \u2013 3,3 mm <\/li><li> Naelte mahutavus: 50 naela <\/li><li> T\u00f6\u00f6re\u017eiimid: \u00dcksik- ja kontaktnaelutamine <\/li><li> T\u00f6\u00f6kiirus: 1,8 \u2013 2,7 naela\/sekundis <\/li><li> M\u00f5\u00f5dud: 359 \u00d7 315 \u00d7 133 mm (koos akuga) <\/li><li> Kaal: 4,4 kg (koos BSL1850MA akuga) <\/li><\/ul>\n","protected":false},"excerpt":{"rendered":"<p>Akunaelap\u00fcstol Hikoki NR1890DCA + 5ah + laadija\u00a0, heas seisu- ja t\u00f6\u00f6korras! KIRJELDUS Pinge: 18V Naela t\u00fc\u00fcp: Clipped Head (34\u00b0) Naela pikkus: 50\u201390 mm Naela l\u00e4bim\u00f5\u00f5t: 2,9 \u2013 3,3 mm Naelte mahutavus: 50 naela T\u00f6\u00f6re\u017eiimid: \u00dcksik- ja kontaktnaelutamine T\u00f6\u00f6kiirus: 1,8 \u2013 2,7 naela\/sekundis M\u00f5\u00f5dud: 359 \u00d7 315 \u00d7 133 mm (koos akuga) Kaal: 4,4 kg (koos [&hellip;]<\/p>\n","protected":false},"featured_media":33328,"comment_status":"closed","ping_status":"open","template":"","meta":{"inline_featured_image":false},"product_brand":[],"product_cat":[246],"product_tag":[],"class_list":{"0":"post-33327","1":"product","2":"type-product","3":"status-publish","4":"has-post-thumbnail","6":"product_cat-instrumenty-drugoe","7":"pa_asukoht-mustamae","8":"pa_seisukord-ispolzovano","10":"first","11":"instock","12":"taxable","13":"shipping-taxable","14":"purchasable","15":"product-type-simple"},"_links":{"self":[{"href":"https:\/\/a-pant.ee\/ru\/wp-json\/wp\/v2\/product\/33327","targetHints":{"allow":["GET"]}}],"collection":[{"href":"https:\/\/a-pant.ee\/ru\/wp-json\/wp\/v2\/product"}],"about":[{"href":"https:\/\/a-pant.ee\/ru\/wp-json\/wp\/v2\/types\/product"}],"replies":[{"embeddable":true,"href":"https:\/\/a-pant.ee\/ru\/wp-json\/wp\/v2\/comments?post=33327"}],"wp:featuredmedia":[{"embeddable":true,"href":"https:\/\/a-pant.ee\/ru\/wp-json\/wp\/v2\/media\/33328"}],"wp:attachment":[{"href":"https:\/\/a-pant.ee\/ru\/wp-json\/wp\/v2\/media?parent=33327"}],"wp:term":[{"taxonomy":"product_brand","embeddable":true,"href":"https:\/\/a-pant.ee\/ru\/wp-json\/wp\/v2\/product_brand?post=33327"},{"taxonomy":"product_cat","embeddable":true,"href":"https:\/\/a-pant.ee\/ru\/wp-json\/wp\/v2\/product_cat?post=33327"},{"taxonomy":"product_tag","embeddable":true,"href":"https:\/\/a-pant.ee\/ru\/wp-json\/wp\/v2\/product_tag?post=33327"}],"curies":[{"name":"wp","href":"https:\/\/api.w.org\/{rel}","templated":true}]}}