{"id":33321,"date":"2026-02-04T14:59:21","date_gmt":"2026-02-04T11:59:21","guid":{"rendered":"https:\/\/a-pant.ee\/product\/telefon-iphone-11-64gb\/"},"modified":"2026-02-22T12:13:47","modified_gmt":"2026-02-22T09:13:47","slug":"telefon-iphone-11-64gb-akb-80","status":"publish","type":"product","link":"https:\/\/a-pant.ee\/ru\/product\/telefon-iphone-11-64gb-akb-80\/","title":{"rendered":"\u0422\u0435\u043b\u0435\u0444\u043e\u043d Iphone 11 64GB \u0410\u041a\u0411 80%"},"content":{"rendered":"\n<p> Telefon Iphone 11 64GB AKU 80%, heas seisu- ja t\u00f6\u00f6korras! <\/p><p> Ekraanil on Kriimud ! <\/p><p> KIRJELDUS <\/p><ul><li> Mudel: iPhone 11 <\/li><li> M\u00e4lu: 64 GB <\/li><li> Ekraan: 6,1&#8243; Liquid Retina HD, IPS <\/li><li> Protsessor: Apple A13 Bionic <\/li><li> Kaamerad: topelt tagumine 12 MP (lainurk + \u00fclilainurk), esikaamera 12 MP <\/li><li> Video: 4K salvestus <\/li><li> Biomeetria: Face ID <\/li><li> Traadita tehnoloogiad: Wi\u2011Fi, Bluetooth <\/li><li> Pordid: Lightning <\/li><li> Aku: kuni 17 tundi videopleieri t\u00f6\u00f6aega <\/li><li> Operatsioonis\u00fcsteem: iOS <\/li><\/ul>\n","protected":false},"excerpt":{"rendered":"<p>Telefon Iphone 11 64GB AKU 80%, heas seisu- ja t\u00f6\u00f6korras! Ekraanil on Kriimud ! KIRJELDUS Mudel: iPhone 11 M\u00e4lu: 64 GB Ekraan: 6,1&#8243; Liquid Retina HD, IPS Protsessor: Apple A13 Bionic Kaamerad: topelt tagumine 12 MP (lainurk + \u00fclilainurk), esikaamera 12 MP Video: 4K salvestus Biomeetria: Face ID Traadita tehnoloogiad: Wi\u2011Fi, Bluetooth Pordid: Lightning Aku: [&hellip;]<\/p>\n","protected":false},"featured_media":33322,"comment_status":"closed","ping_status":"closed","template":"","meta":{"inline_featured_image":false},"product_brand":[],"product_cat":[171],"product_tag":[],"class_list":{"0":"post-33321","1":"product","2":"type-product","3":"status-publish","4":"has-post-thumbnail","6":"product_cat-mobilnye-telefony","7":"pa_asukoht-mustamae","8":"pa_seisukord-ispolzovano","10":"first","11":"outofstock","12":"taxable","13":"shipping-taxable","14":"purchasable","15":"product-type-simple"},"_links":{"self":[{"href":"https:\/\/a-pant.ee\/ru\/wp-json\/wp\/v2\/product\/33321","targetHints":{"allow":["GET"]}}],"collection":[{"href":"https:\/\/a-pant.ee\/ru\/wp-json\/wp\/v2\/product"}],"about":[{"href":"https:\/\/a-pant.ee\/ru\/wp-json\/wp\/v2\/types\/product"}],"replies":[{"embeddable":true,"href":"https:\/\/a-pant.ee\/ru\/wp-json\/wp\/v2\/comments?post=33321"}],"wp:featuredmedia":[{"embeddable":true,"href":"https:\/\/a-pant.ee\/ru\/wp-json\/wp\/v2\/media\/33322"}],"wp:attachment":[{"href":"https:\/\/a-pant.ee\/ru\/wp-json\/wp\/v2\/media?parent=33321"}],"wp:term":[{"taxonomy":"product_brand","embeddable":true,"href":"https:\/\/a-pant.ee\/ru\/wp-json\/wp\/v2\/product_brand?post=33321"},{"taxonomy":"product_cat","embeddable":true,"href":"https:\/\/a-pant.ee\/ru\/wp-json\/wp\/v2\/product_cat?post=33321"},{"taxonomy":"product_tag","embeddable":true,"href":"https:\/\/a-pant.ee\/ru\/wp-json\/wp\/v2\/product_tag?post=33321"}],"curies":[{"name":"wp","href":"https:\/\/api.w.org\/{rel}","templated":true}]}}