{"id":33316,"date":"2026-02-04T14:59:21","date_gmt":"2026-02-04T11:59:21","guid":{"rendered":"https:\/\/a-pant.ee\/product\/zaryadka-makita-dc18rc\/"},"modified":"2026-02-22T12:13:47","modified_gmt":"2026-02-22T09:13:47","slug":"zaryadka-makita-dc18rc","status":"publish","type":"product","link":"https:\/\/a-pant.ee\/ru\/product\/zaryadka-makita-dc18rc\/","title":{"rendered":"\u0417\u0430\u0440\u044f\u0434\u043a\u0430 Makita DC18RC"},"content":{"rendered":"\n<p> Laadija Makita DC18RC\u00a0, heas seisu- ja t\u00f6\u00f6korras! <\/p><p> KIRJELDUS <\/p><ul><li> Seadme t\u00fc\u00fcp: akulaadija <\/li><li> Toitepinge:\u00a0220\u2013240 V <\/li><li> Sagedus:\u00a050\u201360 Hz <\/li><li> Toetatav akude t\u00f6\u00f6pinge:\u00a07,2\u201318 V <\/li><li> \u00dchilduvus: sobib Makita liitium-ioon akudega <\/li><li> Kiire laadimise funktsioon erinevat t\u00fc\u00fcpi akudele <\/li><li> Jahutuss\u00fcsteem t\u00f5husaks t\u00f6\u00f6ks <\/li><li> \u00dclekoormuse ja \u00fclekuumenemise kaitse <\/li><li> Laadimise oleku indikaatorid <\/li><li> Automaatne laadimise l\u00f5petamine aku t\u00e4ielikul t\u00e4islaadimisel <\/li><li> Vastupidav ja usaldusv\u00e4\u00e4rne korpus sagedaseks kasutamiseks <\/li><li> M\u00f5eldud nii professionaalseks kui ka igap\u00e4evakasutuseks <\/li><\/ul>\n","protected":false},"excerpt":{"rendered":"<p>Laadija Makita DC18RC\u00a0, heas seisu- ja t\u00f6\u00f6korras! KIRJELDUS Seadme t\u00fc\u00fcp: akulaadija Toitepinge:\u00a0220\u2013240 V Sagedus:\u00a050\u201360 Hz Toetatav akude t\u00f6\u00f6pinge:\u00a07,2\u201318 V \u00dchilduvus: sobib Makita liitium-ioon akudega Kiire laadimise funktsioon erinevat t\u00fc\u00fcpi akudele Jahutuss\u00fcsteem t\u00f5husaks t\u00f6\u00f6ks \u00dclekoormuse ja \u00fclekuumenemise kaitse Laadimise oleku indikaatorid Automaatne laadimise l\u00f5petamine aku t\u00e4ielikul t\u00e4islaadimisel Vastupidav ja usaldusv\u00e4\u00e4rne korpus sagedaseks kasutamiseks M\u00f5eldud nii professionaalseks [&hellip;]<\/p>\n","protected":false},"featured_media":33317,"comment_status":"closed","ping_status":"closed","template":"","meta":{"inline_featured_image":false},"product_brand":[],"product_cat":[223],"product_tag":[],"class_list":{"0":"post-33316","1":"product","2":"type-product","3":"status-publish","4":"has-post-thumbnail","6":"product_cat-vsyo-dlya-instrumenta","7":"pa_asukoht-mustamae","8":"pa_seisukord-ispolzovano","10":"first","11":"outofstock","12":"taxable","13":"shipping-taxable","14":"purchasable","15":"product-type-simple"},"_links":{"self":[{"href":"https:\/\/a-pant.ee\/ru\/wp-json\/wp\/v2\/product\/33316","targetHints":{"allow":["GET"]}}],"collection":[{"href":"https:\/\/a-pant.ee\/ru\/wp-json\/wp\/v2\/product"}],"about":[{"href":"https:\/\/a-pant.ee\/ru\/wp-json\/wp\/v2\/types\/product"}],"replies":[{"embeddable":true,"href":"https:\/\/a-pant.ee\/ru\/wp-json\/wp\/v2\/comments?post=33316"}],"wp:featuredmedia":[{"embeddable":true,"href":"https:\/\/a-pant.ee\/ru\/wp-json\/wp\/v2\/media\/33317"}],"wp:attachment":[{"href":"https:\/\/a-pant.ee\/ru\/wp-json\/wp\/v2\/media?parent=33316"}],"wp:term":[{"taxonomy":"product_brand","embeddable":true,"href":"https:\/\/a-pant.ee\/ru\/wp-json\/wp\/v2\/product_brand?post=33316"},{"taxonomy":"product_cat","embeddable":true,"href":"https:\/\/a-pant.ee\/ru\/wp-json\/wp\/v2\/product_cat?post=33316"},{"taxonomy":"product_tag","embeddable":true,"href":"https:\/\/a-pant.ee\/ru\/wp-json\/wp\/v2\/product_tag?post=33316"}],"curies":[{"name":"wp","href":"https:\/\/api.w.org\/{rel}","templated":true}]}}