{"id":33306,"date":"2026-02-04T14:59:21","date_gmt":"2026-02-04T11:59:21","guid":{"rendered":"https:\/\/a-pant.ee\/product\/akkumulyatornaya-bolgarka-makita-dga506\/"},"modified":"2026-02-22T12:13:47","modified_gmt":"2026-02-22T09:13:47","slug":"akkumulyatornaya-bolgarka-makita-dga506-bez-aku-2","status":"publish","type":"product","link":"https:\/\/a-pant.ee\/ru\/product\/akkumulyatornaya-bolgarka-makita-dga506-bez-aku-2\/","title":{"rendered":"\u0410\u043a\u043a\u0443\u043c\u0443\u043b\u044f\u0442\u043e\u0440\u043d\u0430\u044f \u0411\u043e\u043b\u0433\u0430\u0440\u043a\u0430 Makita DGA506 \u0431\u0435\u0437 \u0410\u043a\u0443"},"content":{"rendered":"\n<p> Aku Relakas Makita DGA506 ilma akuta\u00a0, heas seisu- ja t\u00f6\u00f6korras! <\/p><p> KIRJELDUS <\/p><ul><li> Seadme t\u00fc\u00fcp: akuga nurklihvija <\/li><li> Toitepinge:\u00a018 V\u00a0(t\u00f6\u00f6tab Makita akudega) <\/li><li> Mootori t\u00fc\u00fcp: hari\u00advaba (brushless) <\/li><li> Ketaste l\u00e4bim\u00f5\u00f5t:\u00a0125 mm <\/li><li> Kiiruse reguleerimine: olemas <\/li><li> Mootori elektrooniline \u00fclekoormuskaitse <\/li><li> Turvakate ohutuks t\u00f6\u00f6ks <\/li><li> Ergonoomiline k\u00e4epide mugavaks haardeks <\/li><li> Sobib l\u00f5ikamiseks, lihvimiseks ja puhastamiseks <\/li><li> Sobib metalli, kivi ja teiste materjalide t\u00f6\u00f6tlemiseks <\/li><li> Kompaktne ja h\u00e4sti tasakaalustatud konstruktsioon <\/li><\/ul>\n","protected":false},"excerpt":{"rendered":"<p>Aku Relakas Makita DGA506 ilma akuta\u00a0, heas seisu- ja t\u00f6\u00f6korras! KIRJELDUS Seadme t\u00fc\u00fcp: akuga nurklihvija Toitepinge:\u00a018 V\u00a0(t\u00f6\u00f6tab Makita akudega) Mootori t\u00fc\u00fcp: hari\u00advaba (brushless) Ketaste l\u00e4bim\u00f5\u00f5t:\u00a0125 mm Kiiruse reguleerimine: olemas Mootori elektrooniline \u00fclekoormuskaitse Turvakate ohutuks t\u00f6\u00f6ks Ergonoomiline k\u00e4epide mugavaks haardeks Sobib l\u00f5ikamiseks, lihvimiseks ja puhastamiseks Sobib metalli, kivi ja teiste materjalide t\u00f6\u00f6tlemiseks Kompaktne ja h\u00e4sti tasakaalustatud [&hellip;]<\/p>\n","protected":false},"featured_media":33307,"comment_status":"closed","ping_status":"closed","template":"","meta":{"inline_featured_image":false},"product_brand":[],"product_cat":[235],"product_tag":[],"class_list":{"0":"post-33306","1":"product","2":"type-product","3":"status-publish","4":"has-post-thumbnail","6":"product_cat-bolgarki","7":"pa_asukoht-mustamae","8":"pa_seisukord-ispolzovano","10":"first","11":"outofstock","12":"taxable","13":"shipping-taxable","14":"purchasable","15":"product-type-simple"},"_links":{"self":[{"href":"https:\/\/a-pant.ee\/ru\/wp-json\/wp\/v2\/product\/33306","targetHints":{"allow":["GET"]}}],"collection":[{"href":"https:\/\/a-pant.ee\/ru\/wp-json\/wp\/v2\/product"}],"about":[{"href":"https:\/\/a-pant.ee\/ru\/wp-json\/wp\/v2\/types\/product"}],"replies":[{"embeddable":true,"href":"https:\/\/a-pant.ee\/ru\/wp-json\/wp\/v2\/comments?post=33306"}],"wp:featuredmedia":[{"embeddable":true,"href":"https:\/\/a-pant.ee\/ru\/wp-json\/wp\/v2\/media\/33307"}],"wp:attachment":[{"href":"https:\/\/a-pant.ee\/ru\/wp-json\/wp\/v2\/media?parent=33306"}],"wp:term":[{"taxonomy":"product_brand","embeddable":true,"href":"https:\/\/a-pant.ee\/ru\/wp-json\/wp\/v2\/product_brand?post=33306"},{"taxonomy":"product_cat","embeddable":true,"href":"https:\/\/a-pant.ee\/ru\/wp-json\/wp\/v2\/product_cat?post=33306"},{"taxonomy":"product_tag","embeddable":true,"href":"https:\/\/a-pant.ee\/ru\/wp-json\/wp\/v2\/product_tag?post=33306"}],"curies":[{"name":"wp","href":"https:\/\/api.w.org\/{rel}","templated":true}]}}