{"id":33299,"date":"2026-02-04T14:59:21","date_gmt":"2026-02-04T11:59:21","guid":{"rendered":"https:\/\/a-pant.ee\/product\/perforator-dewalt-d25033-chemodan\/"},"modified":"2026-02-22T12:13:47","modified_gmt":"2026-02-22T09:13:47","slug":"perforator-dewalt-d25033-chemodan","status":"publish","type":"product","link":"https:\/\/a-pant.ee\/ru\/product\/perforator-dewalt-d25033-chemodan\/","title":{"rendered":"\u041f\u0435\u0440\u0444\u043e\u0440\u0430\u0442\u043e\u0440 DeWalt D25033 + \u0447\u0435\u043c\u043e\u0434\u0430\u043d"},"content":{"rendered":"\n<p> Puurvasar DeWalt D25033 + kohver\u00a0, heas seisu- ja t\u00f6\u00f6korras! <\/p><p> KIRJELDUS <\/p><p> V\u00e4rv: Kollane Mitmev\u00e4rviline Kollane\/must <\/p><p> Komplektis: Kohver <\/p><p> Kiirus: 1550 p\/min <\/p><p> V\u00f5imsus: 710 W <\/p><p> Pinge: 220-240 V 18V <\/p><p> \u00dchendatav toode: jah <\/p><p> Toiteallikas: vooluv\u00f5rgust <\/p><p> Vahelduvvool <\/p>\n","protected":false},"excerpt":{"rendered":"<p>Puurvasar DeWalt D25033 + kohver\u00a0, heas seisu- ja t\u00f6\u00f6korras! KIRJELDUS V\u00e4rv: Kollane Mitmev\u00e4rviline Kollane\/must Komplektis: Kohver Kiirus: 1550 p\/min V\u00f5imsus: 710 W Pinge: 220-240 V 18V \u00dchendatav toode: jah Toiteallikas: vooluv\u00f5rgust Vahelduvvool<\/p>\n","protected":false},"featured_media":33300,"comment_status":"closed","ping_status":"open","template":"","meta":{"inline_featured_image":false},"product_brand":[],"product_cat":[239],"product_tag":[],"class_list":{"0":"post-33299","1":"product","2":"type-product","3":"status-publish","4":"has-post-thumbnail","6":"product_cat-perforatory-i-dreli","7":"pa_asukoht-lasnamae","8":"pa_seisukord-ispolzovano","10":"first","11":"instock","12":"taxable","13":"shipping-taxable","14":"purchasable","15":"product-type-simple"},"_links":{"self":[{"href":"https:\/\/a-pant.ee\/ru\/wp-json\/wp\/v2\/product\/33299","targetHints":{"allow":["GET"]}}],"collection":[{"href":"https:\/\/a-pant.ee\/ru\/wp-json\/wp\/v2\/product"}],"about":[{"href":"https:\/\/a-pant.ee\/ru\/wp-json\/wp\/v2\/types\/product"}],"replies":[{"embeddable":true,"href":"https:\/\/a-pant.ee\/ru\/wp-json\/wp\/v2\/comments?post=33299"}],"wp:featuredmedia":[{"embeddable":true,"href":"https:\/\/a-pant.ee\/ru\/wp-json\/wp\/v2\/media\/33300"}],"wp:attachment":[{"href":"https:\/\/a-pant.ee\/ru\/wp-json\/wp\/v2\/media?parent=33299"}],"wp:term":[{"taxonomy":"product_brand","embeddable":true,"href":"https:\/\/a-pant.ee\/ru\/wp-json\/wp\/v2\/product_brand?post=33299"},{"taxonomy":"product_cat","embeddable":true,"href":"https:\/\/a-pant.ee\/ru\/wp-json\/wp\/v2\/product_cat?post=33299"},{"taxonomy":"product_tag","embeddable":true,"href":"https:\/\/a-pant.ee\/ru\/wp-json\/wp\/v2\/product_tag?post=33299"}],"curies":[{"name":"wp","href":"https:\/\/api.w.org\/{rel}","templated":true}]}}