{"id":33282,"date":"2026-02-04T14:59:21","date_gmt":"2026-02-04T11:59:21","guid":{"rendered":"https:\/\/a-pant.ee\/product\/televizor-samsung-ue22f5000aw\/"},"modified":"2026-02-22T12:13:46","modified_gmt":"2026-02-22T09:13:46","slug":"televizor-samsung-ue22f5000aw-provod-pult-bez-nozhek","status":"publish","type":"product","link":"https:\/\/a-pant.ee\/ru\/product\/televizor-samsung-ue22f5000aw-provod-pult-bez-nozhek\/","title":{"rendered":"\u0422\u0435\u043b\u0435\u0432\u0438\u0437\u043e\u0440 Samsung UE22F5000AW + \u041f\u0440\u043e\u0432\u043e\u0434 + \u041f\u0443\u043b\u044c\u0442, \u0411\u0435\u0437 \u043d\u043e\u0436\u0435\u043a"},"content":{"rendered":"\n<p> Teler Samsung UE22F5000AW + Juhe + Pult, Ilma jalata\u00a0, heas seisu- ja t\u00f6\u00f6korras! <\/p><p> KIRJELDUS <\/p><ul><li> Seadme t\u00fc\u00fcp: vedelkristall-televisioon (LCD) <\/li><li> Ekraani diagonaal:\u00a022 tolli <\/li><li> Ekraani eraldusv\u00f5ime:\u00a01366 \u00d7 768 (HD) <\/li><li> Ekraani formaadisuhte: 16:9 <\/li><li> Taustvalgus: LED <\/li><li> Digitaalne TV: sisseehitatud tugi <\/li><li> \u00dchendused: HDMI, USB, VGA, AV <\/li><li> Audio: sisseehitatud k\u00f5larid <\/li><li> Juhtimine: puldist <\/li><li> Sobib kasutamiseks kodus, k\u00f6\u00f6gis, magamistoas v\u00f5i kontoris <\/li><\/ul>\n","protected":false},"excerpt":{"rendered":"<p>Teler Samsung UE22F5000AW + Juhe + Pult, Ilma jalata\u00a0, heas seisu- ja t\u00f6\u00f6korras! KIRJELDUS Seadme t\u00fc\u00fcp: vedelkristall-televisioon (LCD) Ekraani diagonaal:\u00a022 tolli Ekraani eraldusv\u00f5ime:\u00a01366 \u00d7 768 (HD) Ekraani formaadisuhte: 16:9 Taustvalgus: LED Digitaalne TV: sisseehitatud tugi \u00dchendused: HDMI, USB, VGA, AV Audio: sisseehitatud k\u00f5larid Juhtimine: puldist Sobib kasutamiseks kodus, k\u00f6\u00f6gis, magamistoas v\u00f5i kontoris<\/p>\n","protected":false},"featured_media":33283,"comment_status":"closed","ping_status":"closed","template":"","meta":{"inline_featured_image":false},"product_brand":[],"product_cat":[181],"product_tag":[],"class_list":{"0":"post-33282","1":"product","2":"type-product","3":"status-publish","4":"has-post-thumbnail","6":"product_cat-televizory","7":"product_shipping_class-oversize","8":"pa_asukoht-mustamae","9":"pa_seisukord-ispolzovano","11":"first","12":"outofstock","13":"taxable","14":"shipping-taxable","15":"purchasable","16":"product-type-simple"},"_links":{"self":[{"href":"https:\/\/a-pant.ee\/ru\/wp-json\/wp\/v2\/product\/33282","targetHints":{"allow":["GET"]}}],"collection":[{"href":"https:\/\/a-pant.ee\/ru\/wp-json\/wp\/v2\/product"}],"about":[{"href":"https:\/\/a-pant.ee\/ru\/wp-json\/wp\/v2\/types\/product"}],"replies":[{"embeddable":true,"href":"https:\/\/a-pant.ee\/ru\/wp-json\/wp\/v2\/comments?post=33282"}],"wp:featuredmedia":[{"embeddable":true,"href":"https:\/\/a-pant.ee\/ru\/wp-json\/wp\/v2\/media\/33283"}],"wp:attachment":[{"href":"https:\/\/a-pant.ee\/ru\/wp-json\/wp\/v2\/media?parent=33282"}],"wp:term":[{"taxonomy":"product_brand","embeddable":true,"href":"https:\/\/a-pant.ee\/ru\/wp-json\/wp\/v2\/product_brand?post=33282"},{"taxonomy":"product_cat","embeddable":true,"href":"https:\/\/a-pant.ee\/ru\/wp-json\/wp\/v2\/product_cat?post=33282"},{"taxonomy":"product_tag","embeddable":true,"href":"https:\/\/a-pant.ee\/ru\/wp-json\/wp\/v2\/product_tag?post=33282"}],"curies":[{"name":"wp","href":"https:\/\/api.w.org\/{rel}","templated":true}]}}