{"id":33276,"date":"2026-02-04T14:59:21","date_gmt":"2026-02-04T11:59:21","guid":{"rendered":"https:\/\/a-pant.ee\/product\/zebra-tc26-terminal-android-10\/"},"modified":"2026-02-22T12:13:46","modified_gmt":"2026-02-22T09:13:46","slug":"zebra-tc26","status":"publish","type":"product","link":"https:\/\/a-pant.ee\/ru\/product\/zebra-tc26\/","title":{"rendered":"Zebra TC26"},"content":{"rendered":"\n<p> M\u00fc\u00fcakse\u00a0Zebra TC26, t\u00f6\u00f6korras! <\/p><p> KIRJELDUS <\/p><p> T\u00f6\u00f6stuslik terminal Android 10-ga. <br \/> Ekraan\u00a05&#8243; HD, 2D skanner\u00a0SE4100, m\u00e4lu\u00a03GB\/32GB. <br \/> Snapdragon 660 protsessor. <br \/> 4G, WiFi, Bluetooth 5.0, GPS. <br \/> Kaamera\u00a013 MP, IP67 kaitse, peab kukkumist 1,2 m. <br \/> Aku\u00a03100 mAh. <\/p>\n","protected":false},"excerpt":{"rendered":"<p>M\u00fc\u00fcakse\u00a0Zebra TC26, t\u00f6\u00f6korras! KIRJELDUS T\u00f6\u00f6stuslik terminal Android 10-ga. Ekraan\u00a05&#8243; HD, 2D skanner\u00a0SE4100, m\u00e4lu\u00a03GB\/32GB. Snapdragon 660 protsessor. 4G, WiFi, Bluetooth 5.0, GPS. Kaamera\u00a013 MP, IP67 kaitse, peab kukkumist 1,2 m. Aku\u00a03100 mAh.<\/p>\n","protected":false},"featured_media":33277,"comment_status":"closed","ping_status":"open","template":"","meta":{"inline_featured_image":false},"product_brand":[],"product_cat":[171],"product_tag":[],"class_list":{"0":"post-33276","1":"product","2":"type-product","3":"status-publish","4":"has-post-thumbnail","6":"product_cat-mobilnye-telefony","7":"pa_asukoht-mustamae","8":"pa_seisukord-ispolzovano","10":"first","11":"instock","12":"taxable","13":"shipping-taxable","14":"purchasable","15":"product-type-simple"},"_links":{"self":[{"href":"https:\/\/a-pant.ee\/ru\/wp-json\/wp\/v2\/product\/33276","targetHints":{"allow":["GET"]}}],"collection":[{"href":"https:\/\/a-pant.ee\/ru\/wp-json\/wp\/v2\/product"}],"about":[{"href":"https:\/\/a-pant.ee\/ru\/wp-json\/wp\/v2\/types\/product"}],"replies":[{"embeddable":true,"href":"https:\/\/a-pant.ee\/ru\/wp-json\/wp\/v2\/comments?post=33276"}],"wp:featuredmedia":[{"embeddable":true,"href":"https:\/\/a-pant.ee\/ru\/wp-json\/wp\/v2\/media\/33277"}],"wp:attachment":[{"href":"https:\/\/a-pant.ee\/ru\/wp-json\/wp\/v2\/media?parent=33276"}],"wp:term":[{"taxonomy":"product_brand","embeddable":true,"href":"https:\/\/a-pant.ee\/ru\/wp-json\/wp\/v2\/product_brand?post=33276"},{"taxonomy":"product_cat","embeddable":true,"href":"https:\/\/a-pant.ee\/ru\/wp-json\/wp\/v2\/product_cat?post=33276"},{"taxonomy":"product_tag","embeddable":true,"href":"https:\/\/a-pant.ee\/ru\/wp-json\/wp\/v2\/product_tag?post=33276"}],"curies":[{"name":"wp","href":"https:\/\/api.w.org\/{rel}","templated":true}]}}