{"id":33270,"date":"2026-02-04T14:55:42","date_gmt":"2026-02-04T11:55:42","guid":{"rendered":"https:\/\/a-pant.ee\/product\/akkudrel-dewalt-dcf887-aku-5-0ah\/"},"modified":"2026-02-22T12:13:52","modified_gmt":"2026-02-22T09:13:52","slug":"akkudrel-dewalt-dcf887-aku-5-0ah","status":"publish","type":"product","link":"https:\/\/a-pant.ee\/ru\/product\/akkudrel-dewalt-dcf887-aku-5-0ah\/","title":{"rendered":"\u0410\u043a\u043a\u0443\u0434\u0440\u0435\u043b\u044c Dewalt DCF887 + \u0410\u043a\u0443 5.0Ah"},"content":{"rendered":"\n<p> Akutrell Dewalt DCF887 + Aku 5.0Ah\u00a0, heas seisu- ja t\u00f6\u00f6korras! <\/p><p> KIRJELDUS <\/p><p> Mootori t\u00fc\u00fcp: aku <\/p><p> Aku: 18V <\/p><p> Maksimaalne p\u00f6\u00f6rdemoment: 205 Nm <\/p><p> V\u00f5imsus: 400 W <\/p><p> L\u00f6\u00f6gisagedus: 3800 l\u00f6\u00f6ki\/min <\/p><p> Hoidiku t\u00fc\u00fcp: 1\/4 sisemine kuusnurk, 6,35 mm <\/p><p> Kaal: 1,8 kg <\/p>\n","protected":false},"excerpt":{"rendered":"<p>Akutrell Dewalt DCF887 + Aku 5.0Ah\u00a0, heas seisu- ja t\u00f6\u00f6korras! KIRJELDUS Mootori t\u00fc\u00fcp: aku Aku: 18V Maksimaalne p\u00f6\u00f6rdemoment: 205 Nm V\u00f5imsus: 400 W L\u00f6\u00f6gisagedus: 3800 l\u00f6\u00f6ki\/min Hoidiku t\u00fc\u00fcp: 1\/4 sisemine kuusnurk, 6,35 mm Kaal: 1,8 kg<\/p>\n","protected":false},"featured_media":33271,"comment_status":"closed","ping_status":"open","template":"","meta":{"inline_featured_image":false},"product_brand":[],"product_cat":[221],"product_tag":[],"class_list":{"0":"post-33270","1":"product","2":"type-product","3":"status-publish","4":"has-post-thumbnail","6":"product_cat-akkumulyatornye-dreli","7":"pa_asukoht-mustamae","8":"pa_seisukord-ispolzovano","10":"first","11":"instock","12":"taxable","13":"shipping-taxable","14":"purchasable","15":"product-type-simple"},"_links":{"self":[{"href":"https:\/\/a-pant.ee\/ru\/wp-json\/wp\/v2\/product\/33270","targetHints":{"allow":["GET"]}}],"collection":[{"href":"https:\/\/a-pant.ee\/ru\/wp-json\/wp\/v2\/product"}],"about":[{"href":"https:\/\/a-pant.ee\/ru\/wp-json\/wp\/v2\/types\/product"}],"replies":[{"embeddable":true,"href":"https:\/\/a-pant.ee\/ru\/wp-json\/wp\/v2\/comments?post=33270"}],"wp:featuredmedia":[{"embeddable":true,"href":"https:\/\/a-pant.ee\/ru\/wp-json\/wp\/v2\/media\/33271"}],"wp:attachment":[{"href":"https:\/\/a-pant.ee\/ru\/wp-json\/wp\/v2\/media?parent=33270"}],"wp:term":[{"taxonomy":"product_brand","embeddable":true,"href":"https:\/\/a-pant.ee\/ru\/wp-json\/wp\/v2\/product_brand?post=33270"},{"taxonomy":"product_cat","embeddable":true,"href":"https:\/\/a-pant.ee\/ru\/wp-json\/wp\/v2\/product_cat?post=33270"},{"taxonomy":"product_tag","embeddable":true,"href":"https:\/\/a-pant.ee\/ru\/wp-json\/wp\/v2\/product_tag?post=33270"}],"curies":[{"name":"wp","href":"https:\/\/api.w.org\/{rel}","templated":true}]}}