{"id":33253,"date":"2026-02-04T14:55:42","date_gmt":"2026-02-04T11:55:42","guid":{"rendered":"https:\/\/a-pant.ee\/product\/naushniki-jbl-tune-520-bt\/"},"modified":"2026-02-22T12:13:51","modified_gmt":"2026-02-22T09:13:51","slug":"naushniki-jbl-tune-520-bt","status":"publish","type":"product","link":"https:\/\/a-pant.ee\/ru\/product\/naushniki-jbl-tune-520-bt\/","title":{"rendered":"\u041d\u0430\u0443\u0448\u043d\u0438\u043a\u0438 JBL Tune 520 BT"},"content":{"rendered":"\n<p> \u00a0K\u00f5rvaklapid JBL Tune 520BT, must, t\u00f6\u00f6korras! <\/p><p> KIRJELDUS <\/p><p> Juhtmevabad\u00a0JBL\u00a0k\u00f5rvaklapid, on-ear, Bluetooth 5.3. <br \/> Sagedus 20\u201320 000 Hz, 30 \u03a9, tundlikkus 102 dB. <br \/> Poolavatud disain, m\u00e4luvahust padjad. <br \/> Mikrofon, h\u00e4\u00e4ljuhtimine. <br \/> Aku kestab kuni\u00a057 h, kiire laadimine, laadimisaeg ~2 h. <br \/> Kokkuvolditav, must v\u00e4rv. <\/p>\n","protected":false},"excerpt":{"rendered":"<p>\u00a0K\u00f5rvaklapid JBL Tune 520BT, must, t\u00f6\u00f6korras! KIRJELDUS Juhtmevabad\u00a0JBL\u00a0k\u00f5rvaklapid, on-ear, Bluetooth 5.3. Sagedus 20\u201320 000 Hz, 30 \u03a9, tundlikkus 102 dB. Poolavatud disain, m\u00e4luvahust padjad. Mikrofon, h\u00e4\u00e4ljuhtimine. Aku kestab kuni\u00a057 h, kiire laadimine, laadimisaeg ~2 h. Kokkuvolditav, must v\u00e4rv.<\/p>\n","protected":false},"featured_media":33254,"comment_status":"closed","ping_status":"closed","template":"","meta":{"inline_featured_image":false},"product_brand":[],"product_cat":[168],"product_tag":[],"class_list":{"0":"post-33253","1":"product","2":"type-product","3":"status-publish","4":"has-post-thumbnail","6":"product_cat-naushniki","7":"pa_seisukord-ispolzovano","9":"first","10":"outofstock","11":"taxable","12":"shipping-taxable","13":"purchasable","14":"product-type-simple"},"_links":{"self":[{"href":"https:\/\/a-pant.ee\/ru\/wp-json\/wp\/v2\/product\/33253","targetHints":{"allow":["GET"]}}],"collection":[{"href":"https:\/\/a-pant.ee\/ru\/wp-json\/wp\/v2\/product"}],"about":[{"href":"https:\/\/a-pant.ee\/ru\/wp-json\/wp\/v2\/types\/product"}],"replies":[{"embeddable":true,"href":"https:\/\/a-pant.ee\/ru\/wp-json\/wp\/v2\/comments?post=33253"}],"wp:featuredmedia":[{"embeddable":true,"href":"https:\/\/a-pant.ee\/ru\/wp-json\/wp\/v2\/media\/33254"}],"wp:attachment":[{"href":"https:\/\/a-pant.ee\/ru\/wp-json\/wp\/v2\/media?parent=33253"}],"wp:term":[{"taxonomy":"product_brand","embeddable":true,"href":"https:\/\/a-pant.ee\/ru\/wp-json\/wp\/v2\/product_brand?post=33253"},{"taxonomy":"product_cat","embeddable":true,"href":"https:\/\/a-pant.ee\/ru\/wp-json\/wp\/v2\/product_cat?post=33253"},{"taxonomy":"product_tag","embeddable":true,"href":"https:\/\/a-pant.ee\/ru\/wp-json\/wp\/v2\/product_tag?post=33253"}],"curies":[{"name":"wp","href":"https:\/\/api.w.org\/{rel}","templated":true}]}}