{"id":33240,"date":"2026-02-04T14:55:42","date_gmt":"2026-02-04T11:55:42","guid":{"rendered":"https:\/\/a-pant.ee\/product\/smartfon-samsung-galaxy-a20e-32-3gb\/"},"modified":"2026-02-22T12:13:51","modified_gmt":"2026-02-22T09:13:51","slug":"smartfon-samsung-galaxy-a20e-32-3gb","status":"publish","type":"product","link":"https:\/\/a-pant.ee\/ru\/product\/smartfon-samsung-galaxy-a20e-32-3gb\/","title":{"rendered":"\u0421\u043c\u0430\u0440\u0442\u0444\u043e\u043d Samsung Galaxy A20e 32\/3gb"},"content":{"rendered":"\n<p><strong> Nutitelefon Samsung Galaxy A20e 32\/3gb <\/strong> , t\u00f6\u00f6korras! <\/p><p> KIRJELDUS <\/p><ul><li><strong> Ekraan: <\/strong> \u00a05,8&#8243; PLS TFT, resolutsioon 1560\u00d7720 (HD+), kuvasuhe 19.5:9 <\/li><li><strong> Protsessor: <\/strong> \u00a08-tuumaline Exynos 7884 (2\u00d71.6 GHz + 6\u00d71.35 GHz) <\/li><li><strong> RAM-m\u00e4lu: <\/strong> \u00a03 GB <\/li><li><strong> Sisem\u00e4lu: <\/strong> \u00a032 GB (microSD tugi kuni 512 GB) <\/li><li><strong> Tagakaamera: <\/strong> \u00a0kahekordne \u2013 13 MP (f\/1.9) + 5 MP \u00fclilai (f\/2.2) <\/li><li><strong> Esikaamera: <\/strong> \u00a08 MP (f\/2.0) <\/li><li><strong> Aku: <\/strong> \u00a03000 mAh, kiirlaadimine 15 W (USB Type-C) <\/li><li><strong> Operatsioonis\u00fcsteem: <\/strong> \u00a0Android (alguses Android 9.0, hilisemad uuendused) <\/li><li><strong> S\u00f5rmej\u00e4ljelugeja: <\/strong> \u00a0tagaosas <\/li><li><strong> \u00dchendused: <\/strong> \u00a0USB Type-C, 3.5 mm audio <\/li><li><strong> M\u00f5\u00f5dud: <\/strong> \u00a0147.4 \u00d7 69.7 \u00d7 8.4 mm <\/li><li><strong> Kaal: <\/strong> \u00a0141 g <\/li><\/ul>\n","protected":false},"excerpt":{"rendered":"<p>Nutitelefon Samsung Galaxy A20e 32\/3gb , t\u00f6\u00f6korras! KIRJELDUS Ekraan: \u00a05,8&#8243; PLS TFT, resolutsioon 1560\u00d7720 (HD+), kuvasuhe 19.5:9 Protsessor: \u00a08-tuumaline Exynos 7884 (2\u00d71.6 GHz + 6\u00d71.35 GHz) RAM-m\u00e4lu: \u00a03 GB Sisem\u00e4lu: \u00a032 GB (microSD tugi kuni 512 GB) Tagakaamera: \u00a0kahekordne \u2013 13 MP (f\/1.9) + 5 MP \u00fclilai (f\/2.2) Esikaamera: \u00a08 MP (f\/2.0) Aku: \u00a03000 mAh, [&hellip;]<\/p>\n","protected":false},"featured_media":33241,"comment_status":"closed","ping_status":"open","template":"","meta":{"inline_featured_image":false},"product_brand":[],"product_cat":[171],"product_tag":[],"class_list":{"0":"post-33240","1":"product","2":"type-product","3":"status-publish","4":"has-post-thumbnail","6":"product_cat-mobilnye-telefony","7":"pa_asukoht-lasnamae","8":"pa_seisukord-ispolzovano","10":"first","11":"instock","12":"taxable","13":"shipping-taxable","14":"purchasable","15":"product-type-simple"},"_links":{"self":[{"href":"https:\/\/a-pant.ee\/ru\/wp-json\/wp\/v2\/product\/33240","targetHints":{"allow":["GET"]}}],"collection":[{"href":"https:\/\/a-pant.ee\/ru\/wp-json\/wp\/v2\/product"}],"about":[{"href":"https:\/\/a-pant.ee\/ru\/wp-json\/wp\/v2\/types\/product"}],"replies":[{"embeddable":true,"href":"https:\/\/a-pant.ee\/ru\/wp-json\/wp\/v2\/comments?post=33240"}],"wp:featuredmedia":[{"embeddable":true,"href":"https:\/\/a-pant.ee\/ru\/wp-json\/wp\/v2\/media\/33241"}],"wp:attachment":[{"href":"https:\/\/a-pant.ee\/ru\/wp-json\/wp\/v2\/media?parent=33240"}],"wp:term":[{"taxonomy":"product_brand","embeddable":true,"href":"https:\/\/a-pant.ee\/ru\/wp-json\/wp\/v2\/product_brand?post=33240"},{"taxonomy":"product_cat","embeddable":true,"href":"https:\/\/a-pant.ee\/ru\/wp-json\/wp\/v2\/product_cat?post=33240"},{"taxonomy":"product_tag","embeddable":true,"href":"https:\/\/a-pant.ee\/ru\/wp-json\/wp\/v2\/product_tag?post=33240"}],"curies":[{"name":"wp","href":"https:\/\/api.w.org\/{rel}","templated":true}]}}