{"id":33234,"date":"2026-02-04T14:55:42","date_gmt":"2026-02-04T11:55:42","guid":{"rendered":"https:\/\/a-pant.ee\/product\/shlifovalnaya-mashina-power-craft-s1a-kt02-125\/"},"modified":"2026-02-22T12:13:50","modified_gmt":"2026-02-22T09:13:50","slug":"shlifovalnaya-mashina-power-craft-s1a-kt02-125","status":"publish","type":"product","link":"https:\/\/a-pant.ee\/ru\/product\/shlifovalnaya-mashina-power-craft-s1a-kt02-125\/","title":{"rendered":"\u0428\u043b\u0438\u0444\u043e\u0432\u0430\u043b\u044c\u043d\u0430\u044f \u041c\u0430\u0448\u0438\u043d\u0430 Power Craft S1A-KT02-125"},"content":{"rendered":"\n<p><b> Lihvija Power Craft S1A-KT02-125 <\/b> , heas seisu- ja t\u00f6\u00f6korras! <\/p><p> KIRJELDUS <\/p><ul><li><p> T\u00fc\u00fcp: <strong> Nurkslihvija \/ \u0161lifer <\/strong> \u2013 elektriline t\u00f6\u00f6riist metallile ja kivile t\u00f6\u00f6tlemiseks <\/p><\/li><li><p> Toiteallikas: <strong> Elektriv\u00f5rk 230 V, 50 Hz <\/strong><\/p><\/li><li><p> Ketaspikkus: <strong> 125 mm <\/strong> (Sobib standardse 5\u2033 ketta tarvikutele) <\/p><\/li><li><p> Spindli kinnitus: <strong> M14 <\/strong> (tavaline kinnituse m\u00f5\u00f5t) <a href=\"https:\/\/manualzz.com\/doc\/4454340\/power-craft-pag-125-1020-angle-grinder-users-manual?utm_source=chatgpt.com\" target=\"_blank\" rel=\"noreferrer noopener nofollow\"> manualzz.com <\/a><\/p><\/li><\/ul><p><strong> Tehnilised andmed <\/strong><\/p><ul><li><p><strong> V\u00f5imsus (umbes) <\/strong> : ~1000\u20131020 W <\/p><\/li><li><p><strong> T\u00fchik\u00e4igu p\u00f6\u00f6rete arv <\/strong> : ~11000 rpm (p\u00f6\u00f6ret minutis) <\/p><\/li><li><p><strong> Ketaspaksus \/ diameeter <\/strong> : 125 mm <\/p><\/li><li><p><strong> Kaal <\/strong> : ~2,6 kg <\/p><\/li><\/ul>\n","protected":false},"excerpt":{"rendered":"<p>Lihvija Power Craft S1A-KT02-125 , heas seisu- ja t\u00f6\u00f6korras! KIRJELDUS T\u00fc\u00fcp: Nurkslihvija \/ \u0161lifer \u2013 elektriline t\u00f6\u00f6riist metallile ja kivile t\u00f6\u00f6tlemiseks Toiteallikas: Elektriv\u00f5rk 230 V, 50 Hz Ketaspikkus: 125 mm (Sobib standardse 5\u2033 ketta tarvikutele) Spindli kinnitus: M14 (tavaline kinnituse m\u00f5\u00f5t) manualzz.com Tehnilised andmed V\u00f5imsus (umbes) : ~1000\u20131020 W T\u00fchik\u00e4igu p\u00f6\u00f6rete arv : ~11000 rpm [&hellip;]<\/p>\n","protected":false},"featured_media":33235,"comment_status":"closed","ping_status":"open","template":"","meta":{"inline_featured_image":false},"product_brand":[],"product_cat":[233],"product_tag":[],"class_list":{"0":"post-33234","1":"product","2":"type-product","3":"status-publish","4":"has-post-thumbnail","6":"product_cat-shlifovalnyj-instrument","7":"pa_asukoht-lasnamae","8":"pa_seisukord-ispolzovano","10":"first","11":"instock","12":"taxable","13":"shipping-taxable","14":"purchasable","15":"product-type-simple"},"_links":{"self":[{"href":"https:\/\/a-pant.ee\/ru\/wp-json\/wp\/v2\/product\/33234","targetHints":{"allow":["GET"]}}],"collection":[{"href":"https:\/\/a-pant.ee\/ru\/wp-json\/wp\/v2\/product"}],"about":[{"href":"https:\/\/a-pant.ee\/ru\/wp-json\/wp\/v2\/types\/product"}],"replies":[{"embeddable":true,"href":"https:\/\/a-pant.ee\/ru\/wp-json\/wp\/v2\/comments?post=33234"}],"wp:featuredmedia":[{"embeddable":true,"href":"https:\/\/a-pant.ee\/ru\/wp-json\/wp\/v2\/media\/33235"}],"wp:attachment":[{"href":"https:\/\/a-pant.ee\/ru\/wp-json\/wp\/v2\/media?parent=33234"}],"wp:term":[{"taxonomy":"product_brand","embeddable":true,"href":"https:\/\/a-pant.ee\/ru\/wp-json\/wp\/v2\/product_brand?post=33234"},{"taxonomy":"product_cat","embeddable":true,"href":"https:\/\/a-pant.ee\/ru\/wp-json\/wp\/v2\/product_cat?post=33234"},{"taxonomy":"product_tag","embeddable":true,"href":"https:\/\/a-pant.ee\/ru\/wp-json\/wp\/v2\/product_tag?post=33234"}],"curies":[{"name":"wp","href":"https:\/\/api.w.org\/{rel}","templated":true}]}}