{"id":33227,"date":"2026-02-04T14:55:42","date_gmt":"2026-02-04T11:55:42","guid":{"rendered":"https:\/\/a-pant.ee\/product\/telefon-redmi-note-7-128gb\/"},"modified":"2026-02-22T12:13:50","modified_gmt":"2026-02-22T09:13:50","slug":"telefon-redmi-note-7-128gb","status":"publish","type":"product","link":"https:\/\/a-pant.ee\/ru\/product\/telefon-redmi-note-7-128gb\/","title":{"rendered":"\u0422\u0435\u043b\u0435\u0444\u043e\u043d Redmi Note 7 128\u0433\u0431"},"content":{"rendered":"\n<p><b> Telefon Redmi Note 7 128gb, <\/b> \u00a0heas seisu- ja t\u00f6\u00f6korras! <\/p><p> KIRJELDUS <\/p><ul><li><p> Tootja: Xiaomi <\/p><\/li><li><p> Mudel: Redmi Note 7 128 GB <\/p><\/li><li><p> Operatsioonis\u00fcsteem: Android 9.0 (Pie) koos MIUI-liidesega <a href=\"https:\/\/www.mobilemaya.com\/phone\/xiaomi-redmi-note-7-128gb\/specifications?utm_source=chatgpt.com\" target=\"_blank\" rel=\"noreferrer noopener nofollow\"> MobileMaya <\/a><\/p><\/li><\/ul><p><strong> Ekraan <\/strong><\/p><ul><li><p> Ekraani t\u00fc\u00fcp: IPS LCD <\/p><\/li><li><p> Suurus: 6.3 tolli <\/p><\/li><li><p> Resolutsioon: 1080 \u00d7 2340 px, 19.5:9 <a href=\"https:\/\/www.phonemore.com\/specs\/xiaomi\/redmi-note-7\/48mp-128gb\/?utm_source=chatgpt.com\" target=\"_blank\" rel=\"noreferrer noopener nofollow\"> PhoneMore <\/a><\/p><\/li><li><p> Kaitse: Corning Gorilla Glass 5 <a href=\"https:\/\/www.phonemore.com\/specs\/xiaomi\/redmi-note-7\/48mp-128gb\/?utm_source=chatgpt.com\" target=\"_blank\" rel=\"noreferrer noopener nofollow\"> PhoneMore <\/a><\/p><\/li><\/ul><p><strong> Riistvara <\/strong><\/p><ul><li><p> Kiibistik: Qualcomm Snapdragon 660 <\/p><\/li><li><p> CPU: 8-tuumaline (quad-core 2.2 GHz + quad-core 1.8 GHz) <a href=\"https:\/\/www.mobilemaya.com\/phone\/xiaomi-redmi-note-7-128gb\/specifications?utm_source=chatgpt.com\" target=\"_blank\" rel=\"noreferrer noopener nofollow\"> MobileMaya <\/a><\/p><\/li><li><p> GPU: Adreno 512 <a href=\"https:\/\/www.mobilemaya.com\/phone\/xiaomi-redmi-note-7-128gb\/specifications?utm_source=chatgpt.com\" target=\"_blank\" rel=\"noreferrer noopener nofollow\"> MobileMaya <\/a><\/p><\/li><li><p> RAM: 4 GB <a href=\"https:\/\/www.phonemore.com\/specs\/xiaomi\/redmi-note-7\/48mp-128gb\/?utm_source=chatgpt.com\" target=\"_blank\" rel=\"noreferrer noopener nofollow\"> PhoneMore <\/a><\/p><\/li><li><p> Salvestusruum: 128 GB (laiendatav kuni 256 GB microSD) <a href=\"https:\/\/www.mobilemaya.com\/phone\/xiaomi-redmi-note-7-128gb\/specifications?utm_source=chatgpt.com\" target=\"_blank\" rel=\"noreferrer noopener nofollow\"> MobileMaya <\/a><\/p><\/li><\/ul><p><strong> Kaamerad <\/strong><\/p><ul><li><p> Tagumine kaamera: 48 MP (f\/1.8) + 5 MP s\u00fcgavussensor <a href=\"https:\/\/www.mobilemaya.com\/phone\/xiaomi-redmi-note-7-128gb\/specifications?utm_source=chatgpt.com\" target=\"_blank\" rel=\"noreferrer noopener nofollow\"> MobileMaya <\/a><\/p><\/li><li><p> Esikaamera: 13 MP <a href=\"https:\/\/www.mobilemaya.com\/phone\/xiaomi-redmi-note-7-128gb\/specifications?utm_source=chatgpt.com\" target=\"_blank\" rel=\"noreferrer noopener nofollow\"> MobileMaya <\/a><\/p><\/li><\/ul><p><strong> Aku ja laadimine <\/strong><\/p><ul><li><p> Aku: 4000 mAh <\/p><\/li><li><p> Kiirlaadimine: Qualcomm Quick Charge <a href=\"https:\/\/www.mobilemaya.com\/phone\/xiaomi-redmi-note-7-128gb\/specifications?utm_source=chatgpt.com\" target=\"_blank\" rel=\"noreferrer noopener nofollow\"> MobileMaya <\/a><\/p><\/li><\/ul><p><strong> Side ja \u00fchenduvus <\/strong><\/p><ul><li><p> Wi-Fi: 802.11 a\/b\/g\/n\/ac <\/p><\/li><li><p> Bluetooth: 5.0 <\/p><\/li><li><p> USB: USB-C <\/p><\/li><li><p> GPS: kyll\u00e4\u00a0 <\/p><\/li><\/ul>\n","protected":false},"excerpt":{"rendered":"<p>Telefon Redmi Note 7 128gb, \u00a0heas seisu- ja t\u00f6\u00f6korras! KIRJELDUS Tootja: Xiaomi Mudel: Redmi Note 7 128 GB Operatsioonis\u00fcsteem: Android 9.0 (Pie) koos MIUI-liidesega MobileMaya Ekraan Ekraani t\u00fc\u00fcp: IPS LCD Suurus: 6.3 tolli Resolutsioon: 1080 \u00d7 2340 px, 19.5:9 PhoneMore Kaitse: Corning Gorilla Glass 5 PhoneMore Riistvara Kiibistik: Qualcomm Snapdragon 660 CPU: 8-tuumaline (quad-core 2.2 [&hellip;]<\/p>\n","protected":false},"featured_media":33228,"comment_status":"closed","ping_status":"open","template":"","meta":{"inline_featured_image":false},"product_brand":[],"product_cat":[171],"product_tag":[],"class_list":{"0":"post-33227","1":"product","2":"type-product","3":"status-publish","4":"has-post-thumbnail","6":"product_cat-mobilnye-telefony","7":"pa_asukoht-lasnamae","8":"pa_seisukord-ispolzovano","10":"first","11":"instock","12":"taxable","13":"shipping-taxable","14":"purchasable","15":"product-type-simple"},"_links":{"self":[{"href":"https:\/\/a-pant.ee\/ru\/wp-json\/wp\/v2\/product\/33227","targetHints":{"allow":["GET"]}}],"collection":[{"href":"https:\/\/a-pant.ee\/ru\/wp-json\/wp\/v2\/product"}],"about":[{"href":"https:\/\/a-pant.ee\/ru\/wp-json\/wp\/v2\/types\/product"}],"replies":[{"embeddable":true,"href":"https:\/\/a-pant.ee\/ru\/wp-json\/wp\/v2\/comments?post=33227"}],"wp:featuredmedia":[{"embeddable":true,"href":"https:\/\/a-pant.ee\/ru\/wp-json\/wp\/v2\/media\/33228"}],"wp:attachment":[{"href":"https:\/\/a-pant.ee\/ru\/wp-json\/wp\/v2\/media?parent=33227"}],"wp:term":[{"taxonomy":"product_brand","embeddable":true,"href":"https:\/\/a-pant.ee\/ru\/wp-json\/wp\/v2\/product_brand?post=33227"},{"taxonomy":"product_cat","embeddable":true,"href":"https:\/\/a-pant.ee\/ru\/wp-json\/wp\/v2\/product_cat?post=33227"},{"taxonomy":"product_tag","embeddable":true,"href":"https:\/\/a-pant.ee\/ru\/wp-json\/wp\/v2\/product_tag?post=33227"}],"curies":[{"name":"wp","href":"https:\/\/api.w.org\/{rel}","templated":true}]}}