{"id":33222,"date":"2026-02-04T14:55:42","date_gmt":"2026-02-04T11:55:42","guid":{"rendered":"https:\/\/a-pant.ee\/product\/naruchnye-chasy-casio-g-shock-ga-2100-korobka\/"},"modified":"2026-02-22T12:13:50","modified_gmt":"2026-02-22T09:13:50","slug":"naruchnye-chasy-casio-g-shock-ga-2100-korobka","status":"publish","type":"product","link":"https:\/\/a-pant.ee\/ru\/product\/naruchnye-chasy-casio-g-shock-ga-2100-korobka\/","title":{"rendered":"\u041d\u0430\u0440\u0443\u0447\u043d\u044b\u0435 \u0447\u0430\u0441\u044b Casio G-Shock GA-2100 + \u043a\u043e\u0440\u043e\u0431\u043a\u0430"},"content":{"rendered":"\n<p> K\u00e4ekell Casio G-Shock GA-2100 + karp, t\u00f6\u00f6korras! <\/p><p> KIRJELDUS <\/p><p> Mehhanism: Kvarts (patarei t\u00f6\u00f6iga: umbes 3 aastat). <br \/> Korpus: S\u00fcsinikkiuga tugevdatud korpus pol\u00fcmeerraamiga. <br \/> M\u00f5\u00f5tmed: 48,5 x 45,4 x 11,8 mm (paksus: 11,8 mm). <br \/> Kaal: Ligikaudu 51 g. <br \/> Klaas: Mineraal. <br \/> Rihm: Pol\u00fcmeer. <br \/> Veekindlus: WR 200 m (20 ATM). <br \/> Ekraan: Analoog-digitaalne (osutid + numbrid) <\/p>\n","protected":false},"excerpt":{"rendered":"<p>K\u00e4ekell Casio G-Shock GA-2100 + karp, t\u00f6\u00f6korras! KIRJELDUS Mehhanism: Kvarts (patarei t\u00f6\u00f6iga: umbes 3 aastat). Korpus: S\u00fcsinikkiuga tugevdatud korpus pol\u00fcmeerraamiga. M\u00f5\u00f5tmed: 48,5 x 45,4 x 11,8 mm (paksus: 11,8 mm). Kaal: Ligikaudu 51 g. Klaas: Mineraal. Rihm: Pol\u00fcmeer. Veekindlus: WR 200 m (20 ATM). Ekraan: Analoog-digitaalne (osutid + numbrid)<\/p>\n","protected":false},"featured_media":33223,"comment_status":"closed","ping_status":"closed","template":"","meta":{"inline_featured_image":false},"product_brand":[],"product_cat":[211,210],"product_tag":[],"class_list":{"0":"post-33222","1":"product","2":"type-product","3":"status-publish","4":"has-post-thumbnail","6":"product_cat-muzhskie-chasy","7":"product_cat-chasy-na-ruku","8":"pa_asukoht-mustamae","9":"pa_seisukord-ispolzovano","11":"first","12":"outofstock","13":"taxable","14":"shipping-taxable","15":"purchasable","16":"product-type-simple"},"_links":{"self":[{"href":"https:\/\/a-pant.ee\/ru\/wp-json\/wp\/v2\/product\/33222","targetHints":{"allow":["GET"]}}],"collection":[{"href":"https:\/\/a-pant.ee\/ru\/wp-json\/wp\/v2\/product"}],"about":[{"href":"https:\/\/a-pant.ee\/ru\/wp-json\/wp\/v2\/types\/product"}],"replies":[{"embeddable":true,"href":"https:\/\/a-pant.ee\/ru\/wp-json\/wp\/v2\/comments?post=33222"}],"wp:featuredmedia":[{"embeddable":true,"href":"https:\/\/a-pant.ee\/ru\/wp-json\/wp\/v2\/media\/33223"}],"wp:attachment":[{"href":"https:\/\/a-pant.ee\/ru\/wp-json\/wp\/v2\/media?parent=33222"}],"wp:term":[{"taxonomy":"product_brand","embeddable":true,"href":"https:\/\/a-pant.ee\/ru\/wp-json\/wp\/v2\/product_brand?post=33222"},{"taxonomy":"product_cat","embeddable":true,"href":"https:\/\/a-pant.ee\/ru\/wp-json\/wp\/v2\/product_cat?post=33222"},{"taxonomy":"product_tag","embeddable":true,"href":"https:\/\/a-pant.ee\/ru\/wp-json\/wp\/v2\/product_tag?post=33222"}],"curies":[{"name":"wp","href":"https:\/\/api.w.org\/{rel}","templated":true}]}}