{"id":33216,"date":"2026-02-04T14:55:42","date_gmt":"2026-02-04T11:55:42","guid":{"rendered":"https:\/\/a-pant.ee\/product\/casio-g-shock-gae-2100rc-1aer\/"},"modified":"2026-02-22T12:13:50","modified_gmt":"2026-02-22T09:13:50","slug":"naruchnye-chasy-casio-g-shock-gae-2100rc-1aer-korobka-chek","status":"publish","type":"product","link":"https:\/\/a-pant.ee\/ru\/product\/naruchnye-chasy-casio-g-shock-gae-2100rc-1aer-korobka-chek\/","title":{"rendered":"\u041d\u0430\u0440\u0443\u0447\u043d\u044b\u0435 \u0447\u0430\u0441\u044b Casio G-Shock GAE-2100RC-1AER + \u043a\u043e\u0440\u043e\u0431\u043a\u0430 + \u0447\u0435\u043a"},"content":{"rendered":"\n<p> K\u00e4ekell Casio G-Shock GAE-2100RC-1AER + karp + tshekk, t\u00f6\u00f6korras! <\/p><p> KIRJELDUS <\/p><p> Mudel: GAE-2100RC-1AER <br \/> Korpus: S\u00fcsinikkiust, kerge ja l\u00f6\u00f6gikindel (Carbon Core Guard). <br \/> Kuju: Kaheksanurkne, G-Shocki klassika moodne t\u00f5lgendus. <br \/> Mehhanism: Analoog\/digitaalne. <br \/> Valgustus: LED sihverplaadil ja digitaalsel ekraanil (topelt-taustvalgus). <br \/> Luminestsents: Neobrite (luminestsentskate osutitel ja markeritel). <br \/> Veekindlus: 200 m (sobib ujumiseks, kuid mitte s\u00fcvamere sukeldumiseks ilma nuppudele vajutamata). <br \/> Rihm: Pol\u00fcmeer. <\/p>\n","protected":false},"excerpt":{"rendered":"<p>K\u00e4ekell Casio G-Shock GAE-2100RC-1AER + karp + tshekk, t\u00f6\u00f6korras! KIRJELDUS Mudel: GAE-2100RC-1AER Korpus: S\u00fcsinikkiust, kerge ja l\u00f6\u00f6gikindel (Carbon Core Guard). Kuju: Kaheksanurkne, G-Shocki klassika moodne t\u00f5lgendus. Mehhanism: Analoog\/digitaalne. Valgustus: LED sihverplaadil ja digitaalsel ekraanil (topelt-taustvalgus). Luminestsents: Neobrite (luminestsentskate osutitel ja markeritel). Veekindlus: 200 m (sobib ujumiseks, kuid mitte s\u00fcvamere sukeldumiseks ilma nuppudele vajutamata). Rihm: Pol\u00fcmeer.<\/p>\n","protected":false},"featured_media":33217,"comment_status":"closed","ping_status":"closed","template":"","meta":{"inline_featured_image":false},"product_brand":[],"product_cat":[211,210],"product_tag":[],"class_list":{"0":"post-33216","1":"product","2":"type-product","3":"status-publish","4":"has-post-thumbnail","6":"product_cat-muzhskie-chasy","7":"product_cat-chasy-na-ruku","8":"pa_asukoht-mustamae","9":"pa_seisukord-ispolzovano","11":"first","12":"outofstock","13":"taxable","14":"shipping-taxable","15":"purchasable","16":"product-type-simple"},"_links":{"self":[{"href":"https:\/\/a-pant.ee\/ru\/wp-json\/wp\/v2\/product\/33216","targetHints":{"allow":["GET"]}}],"collection":[{"href":"https:\/\/a-pant.ee\/ru\/wp-json\/wp\/v2\/product"}],"about":[{"href":"https:\/\/a-pant.ee\/ru\/wp-json\/wp\/v2\/types\/product"}],"replies":[{"embeddable":true,"href":"https:\/\/a-pant.ee\/ru\/wp-json\/wp\/v2\/comments?post=33216"}],"wp:featuredmedia":[{"embeddable":true,"href":"https:\/\/a-pant.ee\/ru\/wp-json\/wp\/v2\/media\/33217"}],"wp:attachment":[{"href":"https:\/\/a-pant.ee\/ru\/wp-json\/wp\/v2\/media?parent=33216"}],"wp:term":[{"taxonomy":"product_brand","embeddable":true,"href":"https:\/\/a-pant.ee\/ru\/wp-json\/wp\/v2\/product_brand?post=33216"},{"taxonomy":"product_cat","embeddable":true,"href":"https:\/\/a-pant.ee\/ru\/wp-json\/wp\/v2\/product_cat?post=33216"},{"taxonomy":"product_tag","embeddable":true,"href":"https:\/\/a-pant.ee\/ru\/wp-json\/wp\/v2\/product_tag?post=33216"}],"curies":[{"name":"wp","href":"https:\/\/api.w.org\/{rel}","templated":true}]}}