{"id":33211,"date":"2026-02-04T14:55:42","date_gmt":"2026-02-04T11:55:42","guid":{"rendered":"https:\/\/a-pant.ee\/product\/rubanok-bosch-professional-gho6500\/"},"modified":"2026-02-22T12:13:49","modified_gmt":"2026-02-22T09:13:49","slug":"rubanok-bosch-professional-gho6500","status":"publish","type":"product","link":"https:\/\/a-pant.ee\/ru\/product\/rubanok-bosch-professional-gho6500\/","title":{"rendered":"\u0420\u0443\u0431\u0430\u043d\u043e\u043a Bosch Professional GHO6500"},"content":{"rendered":"\n<p> M\u00fc\u00fcakse\u00a0H\u00f6\u00f6vel Bosch Professional GHO6500, t\u00f6\u00f6korras! <\/p><p> KIRJELDUS <\/p><p> Spetsifikatsioonid <br \/> V\u00f5imsustarve: 650 W <br \/> Toiteallikas: 220 V <br \/> T\u00fchik\u00e4igukiirus: 16 500 p\/min <br \/> H\u00f6\u00f6veldamislaius: 82 mm <br \/> H\u00f6\u00f6veldamiss\u00fcgavus: 0\u20132,6 mm <br \/> Valimiss\u00fcgavus: kuni 9 mm <br \/> Kaal: 2,8 kg <br \/> M\u00fcratase: 97 dB <br \/> Mootori t\u00fc\u00fcp: Harjadega <br \/> M\u00f5\u00f5tmed (P x L x K): 280 x 158 x 140 mm <\/p>\n","protected":false},"excerpt":{"rendered":"<p>M\u00fc\u00fcakse\u00a0H\u00f6\u00f6vel Bosch Professional GHO6500, t\u00f6\u00f6korras! KIRJELDUS Spetsifikatsioonid V\u00f5imsustarve: 650 W Toiteallikas: 220 V T\u00fchik\u00e4igukiirus: 16 500 p\/min H\u00f6\u00f6veldamislaius: 82 mm H\u00f6\u00f6veldamiss\u00fcgavus: 0\u20132,6 mm Valimiss\u00fcgavus: kuni 9 mm Kaal: 2,8 kg M\u00fcratase: 97 dB Mootori t\u00fc\u00fcp: Harjadega M\u00f5\u00f5tmed (P x L x K): 280 x 158 x 140 mm<\/p>\n","protected":false},"featured_media":33212,"comment_status":"closed","ping_status":"closed","template":"","meta":{"inline_featured_image":false},"product_brand":[],"product_cat":[226],"product_tag":[],"class_list":{"0":"post-33211","1":"product","2":"type-product","3":"status-publish","4":"has-post-thumbnail","6":"product_cat-rubanki","7":"pa_asukoht-mustamae","8":"pa_seisukord-ispolzovano","10":"first","11":"outofstock","12":"taxable","13":"shipping-taxable","14":"purchasable","15":"product-type-simple"},"_links":{"self":[{"href":"https:\/\/a-pant.ee\/ru\/wp-json\/wp\/v2\/product\/33211","targetHints":{"allow":["GET"]}}],"collection":[{"href":"https:\/\/a-pant.ee\/ru\/wp-json\/wp\/v2\/product"}],"about":[{"href":"https:\/\/a-pant.ee\/ru\/wp-json\/wp\/v2\/types\/product"}],"replies":[{"embeddable":true,"href":"https:\/\/a-pant.ee\/ru\/wp-json\/wp\/v2\/comments?post=33211"}],"wp:featuredmedia":[{"embeddable":true,"href":"https:\/\/a-pant.ee\/ru\/wp-json\/wp\/v2\/media\/33212"}],"wp:attachment":[{"href":"https:\/\/a-pant.ee\/ru\/wp-json\/wp\/v2\/media?parent=33211"}],"wp:term":[{"taxonomy":"product_brand","embeddable":true,"href":"https:\/\/a-pant.ee\/ru\/wp-json\/wp\/v2\/product_brand?post=33211"},{"taxonomy":"product_cat","embeddable":true,"href":"https:\/\/a-pant.ee\/ru\/wp-json\/wp\/v2\/product_cat?post=33211"},{"taxonomy":"product_tag","embeddable":true,"href":"https:\/\/a-pant.ee\/ru\/wp-json\/wp\/v2\/product_tag?post=33211"}],"curies":[{"name":"wp","href":"https:\/\/api.w.org\/{rel}","templated":true}]}}