{"id":33206,"date":"2026-02-04T14:55:42","date_gmt":"2026-02-04T11:55:42","guid":{"rendered":"https:\/\/a-pant.ee\/product\/gajkover-makita-dtw300-akkumulyator-4-0ach\/"},"modified":"2026-02-22T12:13:49","modified_gmt":"2026-02-22T09:13:49","slug":"gajkovyort-makita-dtw300-akku-4-0ach","status":"publish","type":"product","link":"https:\/\/a-pant.ee\/ru\/product\/gajkovyort-makita-dtw300-akku-4-0ach\/","title":{"rendered":"\u0413\u0430\u0439\u043a\u043e\u0432\u0451\u0440\u0442 Makita DTW300 + \u0430\u043a\u043a\u0443 4.0\u0410\u0447"},"content":{"rendered":"\n<p> Akul\u00f6\u00f6ktrell Makita DTW300 + aku 4.0Ah, heas seisu- ja t\u00f6\u00f6korras! <\/p><p> KIRJELDUS <\/p><p> Maks. pingutusmoment: 70 \/ 130 \/ 180 \/ 330 Nm <br \/> Maks. avamismoment: 580 Nm <br \/> P\u00f6\u00f6retearv: 0-1000 \/ 1800 \/ 2600 \/ 3200 min\u207b\u00b9 <br \/> L\u00f6\u00f6gisagedus: 0-1800 \/ 2600 \/ 3400 \/ 4000 min\u207b\u00b9 <br \/> T\u00f6\u00f6riistakinnitus: 1\/2 \u201d <br \/> Standardse poldi pingutusv\u00f5ime: M10-M20 <br \/> K\u00f5rgpingutuspoldi pingutusv\u00f5ime: M10-M16 <br \/> Toote kaal koos akuga (EPTA-Protseduur 01\/2003): 1,5 \u2013 1,8 kg <br \/> Toote m\u00f5\u00f5dud (P x L x K): 144 x 81 x 246 mm <br \/> Aku kaitses\u00fcsteem <br \/> Aku nominaalpinge: 18 V <br \/> Pinge LXT <br \/> Heliv\u00f5imsuse tase (LWA): 108 dB(A) <br \/> Helir\u00f5hu tase (LpA): 97 dB(A) <br \/> M\u00e4\u00e4ramatu m\u00fcra (K faktor): 3 dB(A) <br \/> Vibratsioonitase (3 teljel), poltide kinnitamisel: 12,5 m\/sec\u00b2 <br \/> M\u00e4\u00e4ramatu vibratsioon (K faktor): 1,5 m\/sec\u00b2 <\/p>\n","protected":false},"excerpt":{"rendered":"<p>Akul\u00f6\u00f6ktrell Makita DTW300 + aku 4.0Ah, heas seisu- ja t\u00f6\u00f6korras! KIRJELDUS Maks. pingutusmoment: 70 \/ 130 \/ 180 \/ 330 Nm Maks. avamismoment: 580 Nm P\u00f6\u00f6retearv: 0-1000 \/ 1800 \/ 2600 \/ 3200 min\u207b\u00b9 L\u00f6\u00f6gisagedus: 0-1800 \/ 2600 \/ 3400 \/ 4000 min\u207b\u00b9 T\u00f6\u00f6riistakinnitus: 1\/2 \u201d Standardse poldi pingutusv\u00f5ime: M10-M20 K\u00f5rgpingutuspoldi pingutusv\u00f5ime: M10-M16 Toote kaal [&hellip;]<\/p>\n","protected":false},"featured_media":33207,"comment_status":"closed","ping_status":"closed","template":"","meta":{"inline_featured_image":false},"product_brand":[],"product_cat":[221],"product_tag":[],"class_list":{"0":"post-33206","1":"product","2":"type-product","3":"status-publish","4":"has-post-thumbnail","6":"product_cat-akkumulyatornye-dreli","7":"pa_asukoht-mustamae","8":"pa_seisukord-ispolzovano","10":"first","11":"outofstock","12":"taxable","13":"shipping-taxable","14":"purchasable","15":"product-type-simple"},"_links":{"self":[{"href":"https:\/\/a-pant.ee\/ru\/wp-json\/wp\/v2\/product\/33206","targetHints":{"allow":["GET"]}}],"collection":[{"href":"https:\/\/a-pant.ee\/ru\/wp-json\/wp\/v2\/product"}],"about":[{"href":"https:\/\/a-pant.ee\/ru\/wp-json\/wp\/v2\/types\/product"}],"replies":[{"embeddable":true,"href":"https:\/\/a-pant.ee\/ru\/wp-json\/wp\/v2\/comments?post=33206"}],"wp:featuredmedia":[{"embeddable":true,"href":"https:\/\/a-pant.ee\/ru\/wp-json\/wp\/v2\/media\/33207"}],"wp:attachment":[{"href":"https:\/\/a-pant.ee\/ru\/wp-json\/wp\/v2\/media?parent=33206"}],"wp:term":[{"taxonomy":"product_brand","embeddable":true,"href":"https:\/\/a-pant.ee\/ru\/wp-json\/wp\/v2\/product_brand?post=33206"},{"taxonomy":"product_cat","embeddable":true,"href":"https:\/\/a-pant.ee\/ru\/wp-json\/wp\/v2\/product_cat?post=33206"},{"taxonomy":"product_tag","embeddable":true,"href":"https:\/\/a-pant.ee\/ru\/wp-json\/wp\/v2\/product_tag?post=33206"}],"curies":[{"name":"wp","href":"https:\/\/api.w.org\/{rel}","templated":true}]}}