{"id":33201,"date":"2026-02-04T14:55:42","date_gmt":"2026-02-04T11:55:42","guid":{"rendered":"https:\/\/a-pant.ee\/product\/smart-chasy-apple-watch-se-44mm-zaryadka\/"},"modified":"2026-02-22T12:13:49","modified_gmt":"2026-02-22T09:13:49","slug":"smart-chasy-apple-watch-se-44mm-zaryadka","status":"publish","type":"product","link":"https:\/\/a-pant.ee\/ru\/product\/smart-chasy-apple-watch-se-44mm-zaryadka\/","title":{"rendered":"\u0421\u043c\u0430\u0440\u0442-\u0447\u0430\u0441\u044b Apple Watch SE 44\u043c\u043c + \u0437\u0430\u0440\u044f\u0434\u043a\u0430"},"content":{"rendered":"\n<p> Nutikell Apple Watch SE 44mm + laadija, heas seisu- ja t\u00f6\u00f6korras! <\/p><p> KIRJELDUS <\/p><p> \u00dcldomadused <\/p><ul><li> Liik:Nutikell <\/li><li> Korpuse materjal:Alumiinium <\/li><li> Rihma materjal:Fluoroelastomeer <\/li><li> Sisemine m\u00e4lu:32 GB <\/li><li> Veekindlus:Kuni 50 m <\/li><li> Aku kestvus:Kuni 18 h <\/li><li> \u00dchildub tootega:iOS 18 v\u00f5i uuem <\/li><\/ul><p> Ekraani omadused <\/p><ul><li> Ekraani suurus:44 mm <\/li><li> Ekraani diagonaal:1.78 &#187; (tolli) <\/li><li> Piksli tihedus:326 ppi <\/li><li> Heledus:Kuni 1000 nitti <\/li><li> Klaasi materjal:Ion-X <\/li><\/ul><p> V\u00f5rk ja \u00fchenduvus <\/p><ul><li> SIM kaardi tugi:Ei <\/li><li> 2G (GSM):Ei <\/li><li> 3G:Ei <\/li><li> 4G:Ei <\/li><li> WLAN (WiFi):802.11b\/g\/n <\/li><li> GPS:Jah <\/li><li> Bluetooth versioon:5.3 <\/li><li> NFC:Jah <\/li><li> VoLTE:Ei <\/li><li> VoWiFi:Ei <\/li><\/ul><p> Andurid <\/p><ul><li> Optiline s\u00fcdame l\u00f6\u00f6gisageduse andur:Jah <\/li><li> Vere hapnikusisalduse andur (SpO2):Ei <\/li><li> Temperatuuriandur:Ei <\/li><li> Kiirendusandur:Jah <\/li><li> Baromeeter:Jah <\/li><li> G\u00fcroskoop:Jah <\/li><li> S\u00fcgavuse andur:Ei <\/li><li> EKG andur:Ei <\/li><\/ul>\n","protected":false},"excerpt":{"rendered":"<p>Nutikell Apple Watch SE 44mm + laadija, heas seisu- ja t\u00f6\u00f6korras! KIRJELDUS \u00dcldomadused Liik:Nutikell Korpuse materjal:Alumiinium Rihma materjal:Fluoroelastomeer Sisemine m\u00e4lu:32 GB Veekindlus:Kuni 50 m Aku kestvus:Kuni 18 h \u00dchildub tootega:iOS 18 v\u00f5i uuem Ekraani omadused Ekraani suurus:44 mm Ekraani diagonaal:1.78 &#187; (tolli) Piksli tihedus:326 ppi Heledus:Kuni 1000 nitti Klaasi materjal:Ion-X V\u00f5rk ja \u00fchenduvus SIM kaardi [&hellip;]<\/p>\n","protected":false},"featured_media":33202,"comment_status":"closed","ping_status":"open","template":"","meta":{"inline_featured_image":false},"product_brand":[],"product_cat":[176],"product_tag":[],"class_list":{"0":"post-33201","1":"product","2":"type-product","3":"status-publish","4":"has-post-thumbnail","6":"product_cat-smart-chasy","7":"pa_asukoht-mustamae","8":"pa_seisukord-ispolzovano","10":"first","11":"instock","12":"taxable","13":"shipping-taxable","14":"purchasable","15":"product-type-simple"},"_links":{"self":[{"href":"https:\/\/a-pant.ee\/ru\/wp-json\/wp\/v2\/product\/33201","targetHints":{"allow":["GET"]}}],"collection":[{"href":"https:\/\/a-pant.ee\/ru\/wp-json\/wp\/v2\/product"}],"about":[{"href":"https:\/\/a-pant.ee\/ru\/wp-json\/wp\/v2\/types\/product"}],"replies":[{"embeddable":true,"href":"https:\/\/a-pant.ee\/ru\/wp-json\/wp\/v2\/comments?post=33201"}],"wp:featuredmedia":[{"embeddable":true,"href":"https:\/\/a-pant.ee\/ru\/wp-json\/wp\/v2\/media\/33202"}],"wp:attachment":[{"href":"https:\/\/a-pant.ee\/ru\/wp-json\/wp\/v2\/media?parent=33201"}],"wp:term":[{"taxonomy":"product_brand","embeddable":true,"href":"https:\/\/a-pant.ee\/ru\/wp-json\/wp\/v2\/product_brand?post=33201"},{"taxonomy":"product_cat","embeddable":true,"href":"https:\/\/a-pant.ee\/ru\/wp-json\/wp\/v2\/product_cat?post=33201"},{"taxonomy":"product_tag","embeddable":true,"href":"https:\/\/a-pant.ee\/ru\/wp-json\/wp\/v2\/product_tag?post=33201"}],"curies":[{"name":"wp","href":"https:\/\/api.w.org\/{rel}","templated":true}]}}