{"id":33196,"date":"2026-02-04T14:55:42","date_gmt":"2026-02-04T11:55:42","guid":{"rendered":"https:\/\/a-pant.ee\/product\/bolgarka-makita-ga5030r\/"},"modified":"2026-02-22T12:13:49","modified_gmt":"2026-02-22T09:13:49","slug":"bolgarka-makita-ga5030r","status":"publish","type":"product","link":"https:\/\/a-pant.ee\/ru\/product\/bolgarka-makita-ga5030r\/","title":{"rendered":"\u0411\u043e\u043b\u0433\u0430\u0440\u043a\u0430 Makita GA5030R"},"content":{"rendered":"\n<p> Relakas Makita GA5030R, heas seisu- ja t\u00f6\u00f6korras! <\/p><p> KIRJELDUS <\/p><p> Energiatarve: 720 W <br \/> Kiirus: 11 000 p\u00f6\u00f6ret minutis <br \/> \u00dchenduse suurus: M14. <br \/> Lihvketta l\u00e4bim\u00f5\u00f5t: 125 mm <br \/> Ketta augu l\u00e4bim\u00f5\u00f5t: 22, 23 mm <br \/> M\u00f5\u00f5dud: 266 x 138 x 103 mm <br \/> Kaal: 1,8 kg <\/p>\n","protected":false},"excerpt":{"rendered":"<p>Relakas Makita GA5030R, heas seisu- ja t\u00f6\u00f6korras! KIRJELDUS Energiatarve: 720 W Kiirus: 11 000 p\u00f6\u00f6ret minutis \u00dchenduse suurus: M14. Lihvketta l\u00e4bim\u00f5\u00f5t: 125 mm Ketta augu l\u00e4bim\u00f5\u00f5t: 22, 23 mm M\u00f5\u00f5dud: 266 x 138 x 103 mm Kaal: 1,8 kg<\/p>\n","protected":false},"featured_media":33197,"comment_status":"closed","ping_status":"closed","template":"","meta":{"inline_featured_image":false},"product_brand":[],"product_cat":[235],"product_tag":[],"class_list":{"0":"post-33196","1":"product","2":"type-product","3":"status-publish","4":"has-post-thumbnail","6":"product_cat-bolgarki","7":"pa_asukoht-mustamae","8":"pa_seisukord-ispolzovano","10":"first","11":"outofstock","12":"taxable","13":"shipping-taxable","14":"purchasable","15":"product-type-simple"},"_links":{"self":[{"href":"https:\/\/a-pant.ee\/ru\/wp-json\/wp\/v2\/product\/33196","targetHints":{"allow":["GET"]}}],"collection":[{"href":"https:\/\/a-pant.ee\/ru\/wp-json\/wp\/v2\/product"}],"about":[{"href":"https:\/\/a-pant.ee\/ru\/wp-json\/wp\/v2\/types\/product"}],"replies":[{"embeddable":true,"href":"https:\/\/a-pant.ee\/ru\/wp-json\/wp\/v2\/comments?post=33196"}],"wp:featuredmedia":[{"embeddable":true,"href":"https:\/\/a-pant.ee\/ru\/wp-json\/wp\/v2\/media\/33197"}],"wp:attachment":[{"href":"https:\/\/a-pant.ee\/ru\/wp-json\/wp\/v2\/media?parent=33196"}],"wp:term":[{"taxonomy":"product_brand","embeddable":true,"href":"https:\/\/a-pant.ee\/ru\/wp-json\/wp\/v2\/product_brand?post=33196"},{"taxonomy":"product_cat","embeddable":true,"href":"https:\/\/a-pant.ee\/ru\/wp-json\/wp\/v2\/product_cat?post=33196"},{"taxonomy":"product_tag","embeddable":true,"href":"https:\/\/a-pant.ee\/ru\/wp-json\/wp\/v2\/product_tag?post=33196"}],"curies":[{"name":"wp","href":"https:\/\/api.w.org\/{rel}","templated":true}]}}