{"id":33191,"date":"2026-02-04T14:55:42","date_gmt":"2026-02-04T11:55:42","guid":{"rendered":"https:\/\/a-pant.ee\/product\/vibrator-betona-makita-dvr-450\/"},"modified":"2026-02-22T12:13:49","modified_gmt":"2026-02-22T09:13:49","slug":"vibrator-dlya-betona-makita-dvr-450","status":"publish","type":"product","link":"https:\/\/a-pant.ee\/ru\/product\/vibrator-dlya-betona-makita-dvr-450\/","title":{"rendered":"\u0412\u0438\u0431\u0440\u0430\u0442\u043e\u0440 \u0434\u043b\u044f \u0431\u0435\u0442\u043e\u043d\u0430 Makita DVR 450"},"content":{"rendered":"\n<div><div><\/div><\/div><div><div><div><div><div><p><strong> Betoonivibraator Makita DVR450\u00a0 <\/strong> , heas seisu- ja t\u00f6\u00f6korras! <\/p><p> KIRJELDUS <\/p><ul><li> Vibraatorv\u00f5lli l\u00e4bim\u00f5\u00f5t 25 mm <\/li><li> Vibraatorv\u00f5lli pikkus 1200 mm <\/li><li> Vibreerimiskiirus 13.000 min-1 <\/li><li> Akukeemia (Ni-Cd \/ Ni-MH \/ Li-ion) Li-ion <\/li><li> Aku nominaalpinge 18 v <\/li><li> Vibratsioonitase (3 teljel)\u22662,5 m\/sec\u00b2 <\/li><li> M\u00e4\u00e4ramatu vibratsioon (K faktor)1,5 m\/sec\u00b2 <\/li><li> Helir\u00f5hu tase (LpA)\u226670 dB(A) <\/li><li> M\u00e4\u00e4ramatu m\u00fcra (K faktor)3 dB(A) <\/li><li> Kaal koos standardse akuga (EPTA-Protseduur 01\/2003)3,7 kg <\/li><\/ul><\/div><\/div><\/div><\/div><\/div>\n","protected":false},"excerpt":{"rendered":"<p>Betoonivibraator Makita DVR450\u00a0 , heas seisu- ja t\u00f6\u00f6korras! KIRJELDUS Vibraatorv\u00f5lli l\u00e4bim\u00f5\u00f5t 25 mm Vibraatorv\u00f5lli pikkus 1200 mm Vibreerimiskiirus 13.000 min-1 Akukeemia (Ni-Cd \/ Ni-MH \/ Li-ion) Li-ion Aku nominaalpinge 18 v Vibratsioonitase (3 teljel)\u22662,5 m\/sec\u00b2 M\u00e4\u00e4ramatu vibratsioon (K faktor)1,5 m\/sec\u00b2 Helir\u00f5hu tase (LpA)\u226670 dB(A) M\u00e4\u00e4ramatu m\u00fcra (K faktor)3 dB(A) Kaal koos standardse akuga (EPTA-Protseduur 01\/2003)3,7 [&hellip;]<\/p>\n","protected":false},"featured_media":33192,"comment_status":"closed","ping_status":"closed","template":"","meta":{"inline_featured_image":false},"product_brand":[],"product_cat":[246],"product_tag":[],"class_list":{"0":"post-33191","1":"product","2":"type-product","3":"status-publish","4":"has-post-thumbnail","6":"product_cat-instrumenty-drugoe","7":"pa_asukoht-mustamae","8":"pa_seisukord-ispolzovano","10":"first","11":"outofstock","12":"taxable","13":"shipping-taxable","14":"purchasable","15":"product-type-simple"},"_links":{"self":[{"href":"https:\/\/a-pant.ee\/ru\/wp-json\/wp\/v2\/product\/33191","targetHints":{"allow":["GET"]}}],"collection":[{"href":"https:\/\/a-pant.ee\/ru\/wp-json\/wp\/v2\/product"}],"about":[{"href":"https:\/\/a-pant.ee\/ru\/wp-json\/wp\/v2\/types\/product"}],"replies":[{"embeddable":true,"href":"https:\/\/a-pant.ee\/ru\/wp-json\/wp\/v2\/comments?post=33191"}],"wp:featuredmedia":[{"embeddable":true,"href":"https:\/\/a-pant.ee\/ru\/wp-json\/wp\/v2\/media\/33192"}],"wp:attachment":[{"href":"https:\/\/a-pant.ee\/ru\/wp-json\/wp\/v2\/media?parent=33191"}],"wp:term":[{"taxonomy":"product_brand","embeddable":true,"href":"https:\/\/a-pant.ee\/ru\/wp-json\/wp\/v2\/product_brand?post=33191"},{"taxonomy":"product_cat","embeddable":true,"href":"https:\/\/a-pant.ee\/ru\/wp-json\/wp\/v2\/product_cat?post=33191"},{"taxonomy":"product_tag","embeddable":true,"href":"https:\/\/a-pant.ee\/ru\/wp-json\/wp\/v2\/product_tag?post=33191"}],"curies":[{"name":"wp","href":"https:\/\/api.w.org\/{rel}","templated":true}]}}