{"id":33186,"date":"2026-02-04T14:55:42","date_gmt":"2026-02-04T11:55:42","guid":{"rendered":"https:\/\/a-pant.ee\/product\/bolgarka-bosch-pws-650-yashchik\/"},"modified":"2026-02-22T12:13:48","modified_gmt":"2026-02-22T09:13:48","slug":"bolgarka-bosch-pws-650-yashhik","status":"publish","type":"product","link":"https:\/\/a-pant.ee\/ru\/product\/bolgarka-bosch-pws-650-yashhik\/","title":{"rendered":"\u0411\u043e\u043b\u0433\u0430\u0440\u043a\u0430 Bosch PWS 650 + \u044f\u0449\u0438\u043a"},"content":{"rendered":"\n<p> Relakas Bosch PWS 650 + kohver, heas seisu- ja t\u00f6\u00f6korras! <\/p><p> KIRJELDUS <\/p><p> V\u00f5imsus: 650 W <\/p><p> Ketta l\u00e4bim\u00f5\u00f5t: 125 mm <\/p><p> Kiirus: 11 000 p\/min <\/p><p> Koormuse all p\u00fcsiv kiirus: Ei <\/p><p> Tolmuimeja \u00fchendus: Ei <\/p><p> Pehme k\u00e4ivitus: Ei <\/p><p> Netokaal: 1,7 kg <\/p>\n","protected":false},"excerpt":{"rendered":"<p>Relakas Bosch PWS 650 + kohver, heas seisu- ja t\u00f6\u00f6korras! KIRJELDUS V\u00f5imsus: 650 W Ketta l\u00e4bim\u00f5\u00f5t: 125 mm Kiirus: 11 000 p\/min Koormuse all p\u00fcsiv kiirus: Ei Tolmuimeja \u00fchendus: Ei Pehme k\u00e4ivitus: Ei Netokaal: 1,7 kg<\/p>\n","protected":false},"featured_media":33187,"comment_status":"closed","ping_status":"open","template":"","meta":{"inline_featured_image":false},"product_brand":[],"product_cat":[235],"product_tag":[],"class_list":{"0":"post-33186","1":"product","2":"type-product","3":"status-publish","4":"has-post-thumbnail","6":"product_cat-bolgarki","7":"pa_asukoht-mustamae","8":"pa_seisukord-ispolzovano","10":"first","11":"outofstock","12":"taxable","13":"shipping-taxable","14":"purchasable","15":"product-type-simple"},"_links":{"self":[{"href":"https:\/\/a-pant.ee\/ru\/wp-json\/wp\/v2\/product\/33186","targetHints":{"allow":["GET"]}}],"collection":[{"href":"https:\/\/a-pant.ee\/ru\/wp-json\/wp\/v2\/product"}],"about":[{"href":"https:\/\/a-pant.ee\/ru\/wp-json\/wp\/v2\/types\/product"}],"replies":[{"embeddable":true,"href":"https:\/\/a-pant.ee\/ru\/wp-json\/wp\/v2\/comments?post=33186"}],"wp:featuredmedia":[{"embeddable":true,"href":"https:\/\/a-pant.ee\/ru\/wp-json\/wp\/v2\/media\/33187"}],"wp:attachment":[{"href":"https:\/\/a-pant.ee\/ru\/wp-json\/wp\/v2\/media?parent=33186"}],"wp:term":[{"taxonomy":"product_brand","embeddable":true,"href":"https:\/\/a-pant.ee\/ru\/wp-json\/wp\/v2\/product_brand?post=33186"},{"taxonomy":"product_cat","embeddable":true,"href":"https:\/\/a-pant.ee\/ru\/wp-json\/wp\/v2\/product_cat?post=33186"},{"taxonomy":"product_tag","embeddable":true,"href":"https:\/\/a-pant.ee\/ru\/wp-json\/wp\/v2\/product_tag?post=33186"}],"curies":[{"name":"wp","href":"https:\/\/api.w.org\/{rel}","templated":true}]}}