{"id":33180,"date":"2026-02-04T14:55:42","date_gmt":"2026-02-04T11:55:42","guid":{"rendered":"https:\/\/a-pant.ee\/product\/nabor-instrumentov-bruder-mannesmann-29070-chemodan\/"},"modified":"2026-02-22T12:13:48","modified_gmt":"2026-02-22T09:13:48","slug":"nabor-instrumentov-bruder-mannesmann-29070-chemodan","status":"publish","type":"product","link":"https:\/\/a-pant.ee\/ru\/product\/nabor-instrumentov-bruder-mannesmann-29070-chemodan\/","title":{"rendered":"\u041d\u0430\u0431\u043e\u0440 \u0438\u043d\u0441\u0442\u0440\u0443\u043c\u0435\u043d\u0442\u043e\u0432 Br\u00fcder Mannesmann 29070 + \u0447\u0435\u043c\u043e\u0434\u0430\u043d"},"content":{"rendered":"\n<p> T\u00f6\u00f6ristakomplekt Br\u00fcder Mannesmann 29070 + kohver, heas seisu- ja t\u00f6\u00f6korras! <\/p><p> KIRJELDUS <\/p><p> Tootja: Br\u00fcder Mannesmann <br \/> Toote m\u00f5\u00f5tmed: 36 x 52 x 25 cm; 2 kg <br \/> Tootekood: M29070 <br \/> V\u00e4rv: Must <br \/> T\u00fc\u00fcp: T\u00f6\u00f6riistad ja otsakud <br \/> Materjal: Legeerteras <br \/> Esemete arv: 122 <br \/> Komplekt sisaldab: kruvikeerajat, tangid, otsakuv\u00f5tmeid, r\u00e4kki ja reguleeritavat mutriv\u00f5tit <\/p>\n","protected":false},"excerpt":{"rendered":"<p>T\u00f6\u00f6ristakomplekt Br\u00fcder Mannesmann 29070 + kohver, heas seisu- ja t\u00f6\u00f6korras! KIRJELDUS Tootja: Br\u00fcder Mannesmann Toote m\u00f5\u00f5tmed: 36 x 52 x 25 cm; 2 kg Tootekood: M29070 V\u00e4rv: Must T\u00fc\u00fcp: T\u00f6\u00f6riistad ja otsakud Materjal: Legeerteras Esemete arv: 122 Komplekt sisaldab: kruvikeerajat, tangid, otsakuv\u00f5tmeid, r\u00e4kki ja reguleeritavat mutriv\u00f5tit<\/p>\n","protected":false},"featured_media":33181,"comment_status":"closed","ping_status":"closed","template":"","meta":{"inline_featured_image":false},"product_brand":[],"product_cat":[246],"product_tag":[],"class_list":{"0":"post-33180","1":"product","2":"type-product","3":"status-publish","4":"has-post-thumbnail","6":"product_cat-instrumenty-drugoe","7":"pa_asukoht-mustamae","8":"pa_seisukord-ispolzovano","10":"first","11":"outofstock","12":"taxable","13":"shipping-taxable","14":"purchasable","15":"product-type-simple"},"_links":{"self":[{"href":"https:\/\/a-pant.ee\/ru\/wp-json\/wp\/v2\/product\/33180","targetHints":{"allow":["GET"]}}],"collection":[{"href":"https:\/\/a-pant.ee\/ru\/wp-json\/wp\/v2\/product"}],"about":[{"href":"https:\/\/a-pant.ee\/ru\/wp-json\/wp\/v2\/types\/product"}],"replies":[{"embeddable":true,"href":"https:\/\/a-pant.ee\/ru\/wp-json\/wp\/v2\/comments?post=33180"}],"wp:featuredmedia":[{"embeddable":true,"href":"https:\/\/a-pant.ee\/ru\/wp-json\/wp\/v2\/media\/33181"}],"wp:attachment":[{"href":"https:\/\/a-pant.ee\/ru\/wp-json\/wp\/v2\/media?parent=33180"}],"wp:term":[{"taxonomy":"product_brand","embeddable":true,"href":"https:\/\/a-pant.ee\/ru\/wp-json\/wp\/v2\/product_brand?post=33180"},{"taxonomy":"product_cat","embeddable":true,"href":"https:\/\/a-pant.ee\/ru\/wp-json\/wp\/v2\/product_cat?post=33180"},{"taxonomy":"product_tag","embeddable":true,"href":"https:\/\/a-pant.ee\/ru\/wp-json\/wp\/v2\/product_tag?post=33180"}],"curies":[{"name":"wp","href":"https:\/\/api.w.org\/{rel}","templated":true}]}}