{"id":33175,"date":"2026-02-04T14:55:42","date_gmt":"2026-02-04T11:55:42","guid":{"rendered":"https:\/\/a-pant.ee\/product\/benzopila-partner-351\/"},"modified":"2026-02-22T12:13:48","modified_gmt":"2026-02-22T09:13:48","slug":"benzopila-partner-351","status":"publish","type":"product","link":"https:\/\/a-pant.ee\/ru\/product\/benzopila-partner-351\/","title":{"rendered":"\u0411\u0435\u043d\u0437\u043e\u043f\u0438\u043b\u0430 Partner 351"},"content":{"rendered":"\n<p> Motorsaag Partner 351, heas seisu- ja t\u00f6\u00f6korras! <\/p><p> KIRJELDUS <\/p><p> Klass: Kodumajapidamine \/ Aed. <br \/> V\u00f5imsus: 1,3 kW \/ 1,8 hj v\u00f5i 1,4 kW \/ 1,9 hj (s\u00f5ltuvalt mudelist). <br \/> T\u00f6\u00f6maht: 34 cm\u00b3 &#8212; 38 cm\u00b3. <br \/> Lati pikkus: 14 tolli (35-36 cm). <br \/> Keti samm: 3\/8&#8243;. <br \/> Netokaal: Ligikaudu 4,7 kg (ilma lati ja ketita). <br \/> K\u00fctusepaagi maht: 0,38 l. <br \/> \u00d5lipaagi maht: 0,29-0,3 l. <br \/> Kiirus: Kuni 13 000 p\/min. <\/p>\n","protected":false},"excerpt":{"rendered":"<p>Motorsaag Partner 351, heas seisu- ja t\u00f6\u00f6korras! KIRJELDUS Klass: Kodumajapidamine \/ Aed. V\u00f5imsus: 1,3 kW \/ 1,8 hj v\u00f5i 1,4 kW \/ 1,9 hj (s\u00f5ltuvalt mudelist). T\u00f6\u00f6maht: 34 cm\u00b3 &#8212; 38 cm\u00b3. Lati pikkus: 14 tolli (35-36 cm). Keti samm: 3\/8&#8243;. Netokaal: Ligikaudu 4,7 kg (ilma lati ja ketita). K\u00fctusepaagi maht: 0,38 l. \u00d5lipaagi maht: [&hellip;]<\/p>\n","protected":false},"featured_media":33176,"comment_status":"closed","ping_status":"closed","template":"","meta":{"inline_featured_image":false},"product_brand":[],"product_cat":[220],"product_tag":[],"class_list":{"0":"post-33175","1":"product","2":"type-product","3":"status-publish","4":"has-post-thumbnail","6":"product_cat-sadovye-instrumenty","7":"pa_asukoht-mustamae","8":"pa_seisukord-ispolzovano","10":"first","11":"outofstock","12":"taxable","13":"shipping-taxable","14":"purchasable","15":"product-type-simple"},"_links":{"self":[{"href":"https:\/\/a-pant.ee\/ru\/wp-json\/wp\/v2\/product\/33175","targetHints":{"allow":["GET"]}}],"collection":[{"href":"https:\/\/a-pant.ee\/ru\/wp-json\/wp\/v2\/product"}],"about":[{"href":"https:\/\/a-pant.ee\/ru\/wp-json\/wp\/v2\/types\/product"}],"replies":[{"embeddable":true,"href":"https:\/\/a-pant.ee\/ru\/wp-json\/wp\/v2\/comments?post=33175"}],"wp:featuredmedia":[{"embeddable":true,"href":"https:\/\/a-pant.ee\/ru\/wp-json\/wp\/v2\/media\/33176"}],"wp:attachment":[{"href":"https:\/\/a-pant.ee\/ru\/wp-json\/wp\/v2\/media?parent=33175"}],"wp:term":[{"taxonomy":"product_brand","embeddable":true,"href":"https:\/\/a-pant.ee\/ru\/wp-json\/wp\/v2\/product_brand?post=33175"},{"taxonomy":"product_cat","embeddable":true,"href":"https:\/\/a-pant.ee\/ru\/wp-json\/wp\/v2\/product_cat?post=33175"},{"taxonomy":"product_tag","embeddable":true,"href":"https:\/\/a-pant.ee\/ru\/wp-json\/wp\/v2\/product_tag?post=33175"}],"curies":[{"name":"wp","href":"https:\/\/api.w.org\/{rel}","templated":true}]}}