{"id":33170,"date":"2026-02-04T14:55:42","date_gmt":"2026-02-04T11:55:42","guid":{"rendered":"https:\/\/a-pant.ee\/product\/kompressor-stanley-dn200-8-6-korobka\/"},"modified":"2026-02-22T12:13:48","modified_gmt":"2026-02-22T09:13:48","slug":"kompressor-stanley-dn200-8-6-korobka","status":"publish","type":"product","link":"https:\/\/a-pant.ee\/ru\/product\/kompressor-stanley-dn200-8-6-korobka\/","title":{"rendered":"\u041a\u043e\u043c\u043f\u0440\u0435\u0441\u0441\u043e\u0440 Stanley DN200\/8\/6 + \u043a\u043e\u0440\u043e\u0431\u043a\u0430"},"content":{"rendered":"\n<p> \u00d5hukompressor Stanley DN200\/8\/6 + karp, heas seisu- ja t\u00f6\u00f6korras! <\/p><p> KIRJELDUS <\/p><p> Atribuut Spetsifikatsioon <br \/> Kaubam\u00e4rk Stanley <br \/> Mudel DN 200\/8\/6 <br \/> Maksimaalne r\u00f5hk 8 baari <br \/> V\u00f5imsus 1100 W (1,5 hj) <br \/> Maht (paak) 6 liitrit <br \/> Tootlikkus (\u00f5huvool) 180 l\/min (liitrit minutis) <br \/> Pinge 230 V \/ 50 Hz <br \/> Maksimaalne kiirus 3400 p\/min (p\u00f6\u00f6ret minutis) <br \/> M\u00fcratase 97 dB <br \/> Kaal Ligikaudu 9 kg <br \/> \u00d5litus \u00d5livaba <br \/> \u00dchendus Euroopa kiir\u00fchendus <br \/> M\u00f5\u00f5tmed 355 x 315 x 370 mm <\/p>\n","protected":false},"excerpt":{"rendered":"<p>\u00d5hukompressor Stanley DN200\/8\/6 + karp, heas seisu- ja t\u00f6\u00f6korras! KIRJELDUS Atribuut Spetsifikatsioon Kaubam\u00e4rk Stanley Mudel DN 200\/8\/6 Maksimaalne r\u00f5hk 8 baari V\u00f5imsus 1100 W (1,5 hj) Maht (paak) 6 liitrit Tootlikkus (\u00f5huvool) 180 l\/min (liitrit minutis) Pinge 230 V \/ 50 Hz Maksimaalne kiirus 3400 p\/min (p\u00f6\u00f6ret minutis) M\u00fcratase 97 dB Kaal Ligikaudu 9 kg [&hellip;]<\/p>\n","protected":false},"featured_media":33171,"comment_status":"closed","ping_status":"open","template":"","meta":{"inline_featured_image":false},"product_brand":[],"product_cat":[246],"product_tag":[],"class_list":{"0":"post-33170","1":"product","2":"type-product","3":"status-publish","4":"has-post-thumbnail","6":"product_cat-instrumenty-drugoe","7":"pa_asukoht-mustamae","8":"pa_seisukord-ispolzovano","10":"first","11":"instock","12":"taxable","13":"shipping-taxable","14":"purchasable","15":"product-type-simple"},"_links":{"self":[{"href":"https:\/\/a-pant.ee\/ru\/wp-json\/wp\/v2\/product\/33170","targetHints":{"allow":["GET"]}}],"collection":[{"href":"https:\/\/a-pant.ee\/ru\/wp-json\/wp\/v2\/product"}],"about":[{"href":"https:\/\/a-pant.ee\/ru\/wp-json\/wp\/v2\/types\/product"}],"replies":[{"embeddable":true,"href":"https:\/\/a-pant.ee\/ru\/wp-json\/wp\/v2\/comments?post=33170"}],"wp:featuredmedia":[{"embeddable":true,"href":"https:\/\/a-pant.ee\/ru\/wp-json\/wp\/v2\/media\/33171"}],"wp:attachment":[{"href":"https:\/\/a-pant.ee\/ru\/wp-json\/wp\/v2\/media?parent=33170"}],"wp:term":[{"taxonomy":"product_brand","embeddable":true,"href":"https:\/\/a-pant.ee\/ru\/wp-json\/wp\/v2\/product_brand?post=33170"},{"taxonomy":"product_cat","embeddable":true,"href":"https:\/\/a-pant.ee\/ru\/wp-json\/wp\/v2\/product_cat?post=33170"},{"taxonomy":"product_tag","embeddable":true,"href":"https:\/\/a-pant.ee\/ru\/wp-json\/wp\/v2\/product_tag?post=33170"}],"curies":[{"name":"wp","href":"https:\/\/api.w.org\/{rel}","templated":true}]}}