{"id":33165,"date":"2026-02-04T14:52:46","date_gmt":"2026-02-04T11:52:46","guid":{"rendered":"https:\/\/a-pant.ee\/product\/gajkovert-dewalt-dcf900-aku-5-0ach\/"},"modified":"2026-02-22T12:13:55","modified_gmt":"2026-02-22T09:13:55","slug":"gajkovert-dewalt-dcf900-aku-50ach","status":"publish","type":"product","link":"https:\/\/a-pant.ee\/ru\/product\/gajkovert-dewalt-dcf900-aku-50ach\/","title":{"rendered":"\u0413\u0430\u0439\u043a\u043e\u0432\u0435\u0440\u0442 Dewalt DCF900 + \u0410\u041a\u0423 5,0\u0410\u0427"},"content":{"rendered":"\n<p> Mutrikeeraja Dewalt DCF900 + AKU 5,0AH, heas seisu- ja t\u00f6\u00f6korras! <\/p><p> KIRJELDUS <\/p><ul><li> Seadme t\u00fc\u00fcp: akuga l\u00f6\u00f6kmutriv\u00f5ti <\/li><li> Toitepinge: 18 V <\/li><li> V\u00e4ljundv\u00f5lli suurus:\u00a01\/2\u2033 ruut <\/li><li> Maksimaalne p\u00f6\u00f6rdemoment: k\u00f5rge tugevate kinnitusdetailide keeramiseks\/lahtikeeramiseks <\/li><li> L\u00f6\u00f6gimehhanism: tagab tugevaks keeramiseks ja lahtikeeramiseks <\/li><li> Revers funktsioon keeramiseks ja lahtikeeramiseks <\/li><li> Kompaktne ja ergonoomiline disain <\/li><li> Sobib poltide, mutrite ja erinevate kinnituste t\u00f6\u00f6tlemiseks <\/li><li> Kasutamiseks ehituses, mehhatroonikas ja autos\u00fcsteemide remondis <\/li><\/ul>\n","protected":false},"excerpt":{"rendered":"<p>Mutrikeeraja Dewalt DCF900 + AKU 5,0AH, heas seisu- ja t\u00f6\u00f6korras! KIRJELDUS Seadme t\u00fc\u00fcp: akuga l\u00f6\u00f6kmutriv\u00f5ti Toitepinge: 18 V V\u00e4ljundv\u00f5lli suurus:\u00a01\/2\u2033 ruut Maksimaalne p\u00f6\u00f6rdemoment: k\u00f5rge tugevate kinnitusdetailide keeramiseks\/lahtikeeramiseks L\u00f6\u00f6gimehhanism: tagab tugevaks keeramiseks ja lahtikeeramiseks Revers funktsioon keeramiseks ja lahtikeeramiseks Kompaktne ja ergonoomiline disain Sobib poltide, mutrite ja erinevate kinnituste t\u00f6\u00f6tlemiseks Kasutamiseks ehituses, mehhatroonikas ja autos\u00fcsteemide remondis<\/p>\n","protected":false},"featured_media":33166,"comment_status":"closed","ping_status":"open","template":"","meta":{"inline_featured_image":false},"product_brand":[],"product_cat":[221],"product_tag":[],"class_list":{"0":"post-33165","1":"product","2":"type-product","3":"status-publish","4":"has-post-thumbnail","6":"product_cat-akkumulyatornye-dreli","7":"pa_asukoht-mustamae","8":"pa_seisukord-ispolzovano","10":"first","11":"instock","12":"taxable","13":"shipping-taxable","14":"purchasable","15":"product-type-simple"},"_links":{"self":[{"href":"https:\/\/a-pant.ee\/ru\/wp-json\/wp\/v2\/product\/33165","targetHints":{"allow":["GET"]}}],"collection":[{"href":"https:\/\/a-pant.ee\/ru\/wp-json\/wp\/v2\/product"}],"about":[{"href":"https:\/\/a-pant.ee\/ru\/wp-json\/wp\/v2\/types\/product"}],"replies":[{"embeddable":true,"href":"https:\/\/a-pant.ee\/ru\/wp-json\/wp\/v2\/comments?post=33165"}],"wp:featuredmedia":[{"embeddable":true,"href":"https:\/\/a-pant.ee\/ru\/wp-json\/wp\/v2\/media\/33166"}],"wp:attachment":[{"href":"https:\/\/a-pant.ee\/ru\/wp-json\/wp\/v2\/media?parent=33165"}],"wp:term":[{"taxonomy":"product_brand","embeddable":true,"href":"https:\/\/a-pant.ee\/ru\/wp-json\/wp\/v2\/product_brand?post=33165"},{"taxonomy":"product_cat","embeddable":true,"href":"https:\/\/a-pant.ee\/ru\/wp-json\/wp\/v2\/product_cat?post=33165"},{"taxonomy":"product_tag","embeddable":true,"href":"https:\/\/a-pant.ee\/ru\/wp-json\/wp\/v2\/product_tag?post=33165"}],"curies":[{"name":"wp","href":"https:\/\/api.w.org\/{rel}","templated":true}]}}