{"id":33160,"date":"2026-02-04T14:52:46","date_gmt":"2026-02-04T11:52:46","guid":{"rendered":"https:\/\/a-pant.ee\/product\/akudrell-bosch-gsr-10-8v-li\/"},"modified":"2026-02-22T12:13:54","modified_gmt":"2026-02-22T09:13:54","slug":"akudrell-bosch-gsr-108v-li-aku-zaryadka","status":"publish","type":"product","link":"https:\/\/a-pant.ee\/ru\/product\/akudrell-bosch-gsr-108v-li-aku-zaryadka\/","title":{"rendered":"\u0410\u043a\u0443\u0434\u0440\u0435\u043b\u043b\u044c Bosch GSR 10,8v-LI + \u0410\u043a\u0443 + \u0417\u0430\u0440\u044f\u0434\u043a\u0430"},"content":{"rendered":"\n<p> Akutrell Bosch GSR 10,8v-LI + Aku + Laadija, heas seisu- ja t\u00f6\u00f6korras! <\/p><p> KIRJELDUS <\/p><ul><li> Seadme t\u00fc\u00fcp: akuga kruvikeeraja \/ puur <\/li><li> Aku pinge:\u00a010,8 V <\/li><li> Mootori t\u00fc\u00fcp: elektriline <\/li><li> Reguleeritav p\u00f6\u00f6rlemiskiirus <\/li><li> Revers funktsioon keeramiseks ja lahtikeeramiseks <\/li><li> P\u00f6\u00f6rdemomendi reguleerimine <\/li><li> Kiirkinnituspadrun <\/li><li> Padruni suurus: t\u00fc\u00fcpiline selle klassi t\u00f6\u00f6riistadele <\/li><li> Ergonoomiline k\u00e4epide mugavaks t\u00f6\u00f6ks <\/li><li> Sobib puurimiseks ja kruvimiseks puidus, metallis ja muudes materjalides <\/li><li> Kerge ja kompaktne t\u00f6\u00f6riist igap\u00e4evategevusteks <\/li><\/ul>\n","protected":false},"excerpt":{"rendered":"<p>Akutrell Bosch GSR 10,8v-LI + Aku + Laadija, heas seisu- ja t\u00f6\u00f6korras! KIRJELDUS Seadme t\u00fc\u00fcp: akuga kruvikeeraja \/ puur Aku pinge:\u00a010,8 V Mootori t\u00fc\u00fcp: elektriline Reguleeritav p\u00f6\u00f6rlemiskiirus Revers funktsioon keeramiseks ja lahtikeeramiseks P\u00f6\u00f6rdemomendi reguleerimine Kiirkinnituspadrun Padruni suurus: t\u00fc\u00fcpiline selle klassi t\u00f6\u00f6riistadele Ergonoomiline k\u00e4epide mugavaks t\u00f6\u00f6ks Sobib puurimiseks ja kruvimiseks puidus, metallis ja muudes materjalides Kerge [&hellip;]<\/p>\n","protected":false},"featured_media":33161,"comment_status":"closed","ping_status":"open","template":"","meta":{"inline_featured_image":false},"product_brand":[],"product_cat":[221],"product_tag":[],"class_list":{"0":"post-33160","1":"product","2":"type-product","3":"status-publish","4":"has-post-thumbnail","6":"product_cat-akkumulyatornye-dreli","7":"pa_asukoht-mustamae","8":"pa_seisukord-ispolzovano","10":"first","11":"instock","12":"taxable","13":"shipping-taxable","14":"purchasable","15":"product-type-simple"},"_links":{"self":[{"href":"https:\/\/a-pant.ee\/ru\/wp-json\/wp\/v2\/product\/33160","targetHints":{"allow":["GET"]}}],"collection":[{"href":"https:\/\/a-pant.ee\/ru\/wp-json\/wp\/v2\/product"}],"about":[{"href":"https:\/\/a-pant.ee\/ru\/wp-json\/wp\/v2\/types\/product"}],"replies":[{"embeddable":true,"href":"https:\/\/a-pant.ee\/ru\/wp-json\/wp\/v2\/comments?post=33160"}],"wp:featuredmedia":[{"embeddable":true,"href":"https:\/\/a-pant.ee\/ru\/wp-json\/wp\/v2\/media\/33161"}],"wp:attachment":[{"href":"https:\/\/a-pant.ee\/ru\/wp-json\/wp\/v2\/media?parent=33160"}],"wp:term":[{"taxonomy":"product_brand","embeddable":true,"href":"https:\/\/a-pant.ee\/ru\/wp-json\/wp\/v2\/product_brand?post=33160"},{"taxonomy":"product_cat","embeddable":true,"href":"https:\/\/a-pant.ee\/ru\/wp-json\/wp\/v2\/product_cat?post=33160"},{"taxonomy":"product_tag","embeddable":true,"href":"https:\/\/a-pant.ee\/ru\/wp-json\/wp\/v2\/product_tag?post=33160"}],"curies":[{"name":"wp","href":"https:\/\/api.w.org\/{rel}","templated":true}]}}