{"id":33155,"date":"2026-02-04T14:52:46","date_gmt":"2026-02-04T11:52:46","guid":{"rendered":"https:\/\/a-pant.ee\/product\/telefon-nokia-6-1\/"},"modified":"2026-02-22T12:13:54","modified_gmt":"2026-02-22T09:13:54","slug":"telefon-nokia-61","status":"publish","type":"product","link":"https:\/\/a-pant.ee\/ru\/product\/telefon-nokia-61\/","title":{"rendered":"\u0422\u0435\u043b\u0435\u0444\u043e\u043d Nokia 6,1"},"content":{"rendered":"\n<p> Telefon Nokia 6,1, heas seisu- ja t\u00f6\u00f6korras! <\/p><p> KIRJELDUS <\/p><ul><li> Seadme t\u00fc\u00fcp: nutitelefon <\/li><li> Ekraan:\u00a05,5\u2033\u00a0IPS <\/li><li> Ekraani eraldusv\u00f5ime:\u00a01080 \u00d7 1920 <\/li><li> Protsessor:\u00a0Qualcomm Snapdragon <\/li><li> Operatsioonis\u00fcsteem: Android <\/li><li> Operatiivm\u00e4lu: 3 GB <\/li><li> Sisetalituse m\u00e4lu: 32 <\/li><li> M\u00e4lu laiendamine: microSD <\/li><li> Tagakaamera:\u00a016 MP <\/li><li> Esikaamera:\u00a08 MP <\/li><li> Traadita \u00fchendused: Wi-Fi, Bluetooth <\/li><li> Navigatsioon: GPS <\/li><li> Pordid: USB-C, 3,5 mm audio <\/li><li> Aku: liitium-ioon <\/li><li> V\u00f5rkude tugi: 2G \/ 3G \/ 4G <\/li><li> Sobib igap\u00e4evaseks kasutamiseks <\/li><\/ul>\n","protected":false},"excerpt":{"rendered":"<p>Telefon Nokia 6,1, heas seisu- ja t\u00f6\u00f6korras! KIRJELDUS Seadme t\u00fc\u00fcp: nutitelefon Ekraan:\u00a05,5\u2033\u00a0IPS Ekraani eraldusv\u00f5ime:\u00a01080 \u00d7 1920 Protsessor:\u00a0Qualcomm Snapdragon Operatsioonis\u00fcsteem: Android Operatiivm\u00e4lu: 3 GB Sisetalituse m\u00e4lu: 32 M\u00e4lu laiendamine: microSD Tagakaamera:\u00a016 MP Esikaamera:\u00a08 MP Traadita \u00fchendused: Wi-Fi, Bluetooth Navigatsioon: GPS Pordid: USB-C, 3,5 mm audio Aku: liitium-ioon V\u00f5rkude tugi: 2G \/ 3G \/ 4G Sobib igap\u00e4evaseks [&hellip;]<\/p>\n","protected":false},"featured_media":33156,"comment_status":"closed","ping_status":"closed","template":"","meta":{"inline_featured_image":false},"product_brand":[],"product_cat":[171],"product_tag":[],"class_list":{"0":"post-33155","1":"product","2":"type-product","3":"status-publish","4":"has-post-thumbnail","6":"product_cat-mobilnye-telefony","7":"pa_asukoht-mustamae","8":"pa_seisukord-ispolzovano","10":"first","11":"outofstock","12":"taxable","13":"shipping-taxable","14":"purchasable","15":"product-type-simple"},"_links":{"self":[{"href":"https:\/\/a-pant.ee\/ru\/wp-json\/wp\/v2\/product\/33155","targetHints":{"allow":["GET"]}}],"collection":[{"href":"https:\/\/a-pant.ee\/ru\/wp-json\/wp\/v2\/product"}],"about":[{"href":"https:\/\/a-pant.ee\/ru\/wp-json\/wp\/v2\/types\/product"}],"replies":[{"embeddable":true,"href":"https:\/\/a-pant.ee\/ru\/wp-json\/wp\/v2\/comments?post=33155"}],"wp:featuredmedia":[{"embeddable":true,"href":"https:\/\/a-pant.ee\/ru\/wp-json\/wp\/v2\/media\/33156"}],"wp:attachment":[{"href":"https:\/\/a-pant.ee\/ru\/wp-json\/wp\/v2\/media?parent=33155"}],"wp:term":[{"taxonomy":"product_brand","embeddable":true,"href":"https:\/\/a-pant.ee\/ru\/wp-json\/wp\/v2\/product_brand?post=33155"},{"taxonomy":"product_cat","embeddable":true,"href":"https:\/\/a-pant.ee\/ru\/wp-json\/wp\/v2\/product_cat?post=33155"},{"taxonomy":"product_tag","embeddable":true,"href":"https:\/\/a-pant.ee\/ru\/wp-json\/wp\/v2\/product_tag?post=33155"}],"curies":[{"name":"wp","href":"https:\/\/api.w.org\/{rel}","templated":true}]}}