{"id":33151,"date":"2026-02-04T14:52:46","date_gmt":"2026-02-04T11:52:46","guid":{"rendered":"https:\/\/a-pant.ee\/product\/kolonki-fenda-fd-t-60x\/"},"modified":"2026-02-22T12:13:54","modified_gmt":"2026-02-22T09:13:54","slug":"kolonki-fenda-fd-t-60x","status":"publish","type":"product","link":"https:\/\/a-pant.ee\/ru\/product\/kolonki-fenda-fd-t-60x\/","title":{"rendered":"\u041a\u043e\u043b\u043e\u043d\u043a\u0438 Fenda FD T-60X"},"content":{"rendered":"\n<p> K\u00f5larid Fenda FD T-60X\u00a0, heas seisu- ja t\u00f6\u00f6korras! <\/p><p> KIRJELDUS <\/p><ul><li> Seadme t\u00fc\u00fcp:\u00a0mobiilne k\u00f5lar <\/li><li> Heli s\u00fcsteem: kahekanaline <\/li><li> V\u00e4ljundv\u00f5imsus: tugev heliv\u00e4ljund <\/li><li> Sagedusala: lai kvaliteetse heli jaoks <\/li><li> \u00dchendus: Bluetooth <\/li><li> Kaabliga \u00fchendus: AUX-sisend <\/li><li> MicroSD m\u00e4lu kaartide tugi <\/li><li> USB port audio esitamiseks <\/li><li> FM-raadio sisseehitatud <\/li><li> Juhtimine: nupud korpusel <\/li><li> Juhtmevaba re\u017eiim: Bluetooth muusika edastuseks <\/li><li> Sobib muusika kuulamiseks kodus ja \u00f5ues <\/li><li> Kompaktne ja kaasaskantav disain <\/li><\/ul>\n","protected":false},"excerpt":{"rendered":"<p>K\u00f5larid Fenda FD T-60X\u00a0, heas seisu- ja t\u00f6\u00f6korras! KIRJELDUS Seadme t\u00fc\u00fcp:\u00a0mobiilne k\u00f5lar Heli s\u00fcsteem: kahekanaline V\u00e4ljundv\u00f5imsus: tugev heliv\u00e4ljund Sagedusala: lai kvaliteetse heli jaoks \u00dchendus: Bluetooth Kaabliga \u00fchendus: AUX-sisend MicroSD m\u00e4lu kaartide tugi USB port audio esitamiseks FM-raadio sisseehitatud Juhtimine: nupud korpusel Juhtmevaba re\u017eiim: Bluetooth muusika edastuseks Sobib muusika kuulamiseks kodus ja \u00f5ues Kompaktne ja kaasaskantav [&hellip;]<\/p>\n","protected":false},"featured_media":33152,"comment_status":"closed","ping_status":"closed","template":"","meta":{"inline_featured_image":false},"product_brand":[],"product_cat":[167],"product_tag":[],"class_list":{"0":"post-33151","1":"product","2":"type-product","3":"status-publish","4":"has-post-thumbnail","6":"product_cat-kolonki","7":"pa_asukoht-mustamae","8":"pa_seisukord-ispolzovano","10":"first","11":"outofstock","12":"taxable","13":"shipping-taxable","14":"purchasable","15":"product-type-simple"},"_links":{"self":[{"href":"https:\/\/a-pant.ee\/ru\/wp-json\/wp\/v2\/product\/33151","targetHints":{"allow":["GET"]}}],"collection":[{"href":"https:\/\/a-pant.ee\/ru\/wp-json\/wp\/v2\/product"}],"about":[{"href":"https:\/\/a-pant.ee\/ru\/wp-json\/wp\/v2\/types\/product"}],"replies":[{"embeddable":true,"href":"https:\/\/a-pant.ee\/ru\/wp-json\/wp\/v2\/comments?post=33151"}],"wp:featuredmedia":[{"embeddable":true,"href":"https:\/\/a-pant.ee\/ru\/wp-json\/wp\/v2\/media\/33152"}],"wp:attachment":[{"href":"https:\/\/a-pant.ee\/ru\/wp-json\/wp\/v2\/media?parent=33151"}],"wp:term":[{"taxonomy":"product_brand","embeddable":true,"href":"https:\/\/a-pant.ee\/ru\/wp-json\/wp\/v2\/product_brand?post=33151"},{"taxonomy":"product_cat","embeddable":true,"href":"https:\/\/a-pant.ee\/ru\/wp-json\/wp\/v2\/product_cat?post=33151"},{"taxonomy":"product_tag","embeddable":true,"href":"https:\/\/a-pant.ee\/ru\/wp-json\/wp\/v2\/product_tag?post=33151"}],"curies":[{"name":"wp","href":"https:\/\/api.w.org\/{rel}","templated":true}]}}