{"id":33144,"date":"2026-02-04T14:52:46","date_gmt":"2026-02-04T11:52:46","guid":{"rendered":"https:\/\/a-pant.ee\/product\/smart-chasy-huawei-watch-3-pro-zaryadka\/"},"modified":"2026-02-22T12:13:54","modified_gmt":"2026-02-22T09:13:54","slug":"smart-chasy-huawei-watch-3-pro-zaryadka","status":"publish","type":"product","link":"https:\/\/a-pant.ee\/ru\/product\/smart-chasy-huawei-watch-3-pro-zaryadka\/","title":{"rendered":"\u0421\u043c\u0430\u0440\u0442 \u0447\u0430\u0441\u044b Huawei watch 3 Pro + \u0437\u0430\u0440\u044f\u0434\u043a\u0430"},"content":{"rendered":"\n<div><div><div><div><div><p> Nutikellad Huawei watch 3 Pro + laadija\u00a0, heas seisu- ja t\u00f6\u00f6korras! <\/p><p> KIRJELDUS <\/p><p> Huawei uusima p\u00f5lvkonna nutikell\u00a0Watch 3 Pro\u00a0(hind 439,99 eurot) teeb enam-v\u00e4hem k\u00f5ike seda, mida \u00fcks keskmine nutitelefon. eSIM ehk virtuaalne SIM-kaart ootab veel operaatoritega koosk\u00f5lastamist, kuid ka ilma elektroonilise SIM-ita saab selle kellaga teha enam-v\u00e4hem k\u00f5ike seda, mida \u00fche nutitelefoniga. <\/p><p> Kui varem v\u00f5is Huawei kellasid, millel \u00fclipikk aku t\u00f6\u00f6aeg, pidada m\u00f5ne funktsiooni puudumise p\u00e4rast veidi tinglikult nutikelladeks, siis n\u00fc\u00fcd pole mingit p\u00f5hjust neid piiratud funktsioonidega seadmeteks pidada. Saab installida \u00e4ppe, kasutada iseseisvalt ilma telefonita ning muidugi on s\u00e4ilinud ka pikk aku t\u00f6\u00f6aeg, ehkki k\u00f5ikide kellade-viledega lausa nii pikalt, nagu vanemal p\u00f5lvkonnal, aku vastu ei pea. Samas on v\u00f5imalik ka Watch 3 Pro-l l\u00fclitada rohked lisafunktsioonid, mis akut enam kulutavad (WiFi, GPS, mobiiline andmeside) v\u00e4lja ja kasutada endiselt \u00fche laadimisega sama kaua ehk enam, kui paar n\u00e4dalat. Seda on rohkem, kui paljudel teistel nutikelladel, mis m\u00f5nikord kipuvad vastu pidama vaid \u00fche p\u00e4eva. <\/p><\/div><\/div><\/div><\/div><\/div>\n","protected":false},"excerpt":{"rendered":"<p>Nutikellad Huawei watch 3 Pro + laadija\u00a0, heas seisu- ja t\u00f6\u00f6korras! KIRJELDUS Huawei uusima p\u00f5lvkonna nutikell\u00a0Watch 3 Pro\u00a0(hind 439,99 eurot) teeb enam-v\u00e4hem k\u00f5ike seda, mida \u00fcks keskmine nutitelefon. eSIM ehk virtuaalne SIM-kaart ootab veel operaatoritega koosk\u00f5lastamist, kuid ka ilma elektroonilise SIM-ita saab selle kellaga teha enam-v\u00e4hem k\u00f5ike seda, mida \u00fche nutitelefoniga. Kui varem v\u00f5is Huawei [&hellip;]<\/p>\n","protected":false},"featured_media":33145,"comment_status":"closed","ping_status":"open","template":"","meta":{"inline_featured_image":false},"product_brand":[],"product_cat":[176],"product_tag":[],"class_list":{"0":"post-33144","1":"product","2":"type-product","3":"status-publish","4":"has-post-thumbnail","6":"product_cat-smart-chasy","7":"pa_asukoht-lasnamae","8":"pa_seisukord-ispolzovano","10":"first","11":"instock","12":"taxable","13":"shipping-taxable","14":"purchasable","15":"product-type-simple"},"_links":{"self":[{"href":"https:\/\/a-pant.ee\/ru\/wp-json\/wp\/v2\/product\/33144","targetHints":{"allow":["GET"]}}],"collection":[{"href":"https:\/\/a-pant.ee\/ru\/wp-json\/wp\/v2\/product"}],"about":[{"href":"https:\/\/a-pant.ee\/ru\/wp-json\/wp\/v2\/types\/product"}],"replies":[{"embeddable":true,"href":"https:\/\/a-pant.ee\/ru\/wp-json\/wp\/v2\/comments?post=33144"}],"wp:featuredmedia":[{"embeddable":true,"href":"https:\/\/a-pant.ee\/ru\/wp-json\/wp\/v2\/media\/33145"}],"wp:attachment":[{"href":"https:\/\/a-pant.ee\/ru\/wp-json\/wp\/v2\/media?parent=33144"}],"wp:term":[{"taxonomy":"product_brand","embeddable":true,"href":"https:\/\/a-pant.ee\/ru\/wp-json\/wp\/v2\/product_brand?post=33144"},{"taxonomy":"product_cat","embeddable":true,"href":"https:\/\/a-pant.ee\/ru\/wp-json\/wp\/v2\/product_cat?post=33144"},{"taxonomy":"product_tag","embeddable":true,"href":"https:\/\/a-pant.ee\/ru\/wp-json\/wp\/v2\/product_tag?post=33144"}],"curies":[{"name":"wp","href":"https:\/\/api.w.org\/{rel}","templated":true}]}}