{"id":33126,"date":"2026-02-04T14:52:46","date_gmt":"2026-02-04T11:52:46","guid":{"rendered":"https:\/\/a-pant.ee\/product\/televizor-xiaomi-43-l43m8-a2eu\/"},"modified":"2026-02-22T12:13:53","modified_gmt":"2026-02-22T09:13:53","slug":"televizor-xiaomi-43-l43m8-a2eu-provod-pult","status":"publish","type":"product","link":"https:\/\/a-pant.ee\/ru\/product\/televizor-xiaomi-43-l43m8-a2eu-provod-pult\/","title":{"rendered":"\u0422\u0435\u043b\u0435\u0432\u0438\u0437\u043e\u0440 Xiaomi 43&#8243; L43M8-A2EU + \u041f\u0440\u043e\u0432\u043e\u0434 + \u041f\u0443\u043b\u044c\u0442"},"content":{"rendered":"\n<p> Teler Xiaomi 43&#8243; L43M8-A2EU + Juhe + Pult\u00a0, heas seisu- ja t\u00f6\u00f6korras! <\/p><p> KIRJELDUS <\/p><ul><li> Seadme t\u00fc\u00fcp: televisioon <\/li><li> Ekraani diagonaal:\u00a043 tolli <\/li><li> Ekraani eraldusv\u00f5ime:\u00a04K UHD\u00a0(3840 \u00d7 2160) <\/li><li> Ekraani t\u00fc\u00fcp: LED <\/li><li> V\u00e4rskendussagedus: standardne <\/li><li> Smart-funktsioonid: sisseehitatud platvorm rakendustega <\/li><li> Digitaalne TV: toetatud t\u00e4nap\u00e4evased standardid <\/li><li> \u00dchendused: HDMI, USB, AV, optiline heli v\u00e4ljund <\/li><li> V\u00f5imalus \u00fchendada Wi-Fi ja Bluetooth <\/li><li> Audio: sisseehitatud k\u00f5larid <\/li><li> Juhtimine: puldiga <\/li><li> Sobib kasutamiseks kodus, elutoas, magamistoas <\/li><\/ul>\n","protected":false},"excerpt":{"rendered":"<p>Teler Xiaomi 43&#8243; L43M8-A2EU + Juhe + Pult\u00a0, heas seisu- ja t\u00f6\u00f6korras! KIRJELDUS Seadme t\u00fc\u00fcp: televisioon Ekraani diagonaal:\u00a043 tolli Ekraani eraldusv\u00f5ime:\u00a04K UHD\u00a0(3840 \u00d7 2160) Ekraani t\u00fc\u00fcp: LED V\u00e4rskendussagedus: standardne Smart-funktsioonid: sisseehitatud platvorm rakendustega Digitaalne TV: toetatud t\u00e4nap\u00e4evased standardid \u00dchendused: HDMI, USB, AV, optiline heli v\u00e4ljund V\u00f5imalus \u00fchendada Wi-Fi ja Bluetooth Audio: sisseehitatud k\u00f5larid Juhtimine: puldiga [&hellip;]<\/p>\n","protected":false},"featured_media":33127,"comment_status":"closed","ping_status":"open","template":"","meta":{"inline_featured_image":false},"product_brand":[],"product_cat":[181],"product_tag":[],"class_list":{"0":"post-33126","1":"product","2":"type-product","3":"status-publish","4":"has-post-thumbnail","6":"product_cat-televizory","7":"product_shipping_class-oversize","8":"pa_asukoht-mustamae","9":"pa_seisukord-ispolzovano","11":"first","12":"instock","13":"taxable","14":"shipping-taxable","15":"purchasable","16":"product-type-simple"},"_links":{"self":[{"href":"https:\/\/a-pant.ee\/ru\/wp-json\/wp\/v2\/product\/33126","targetHints":{"allow":["GET"]}}],"collection":[{"href":"https:\/\/a-pant.ee\/ru\/wp-json\/wp\/v2\/product"}],"about":[{"href":"https:\/\/a-pant.ee\/ru\/wp-json\/wp\/v2\/types\/product"}],"replies":[{"embeddable":true,"href":"https:\/\/a-pant.ee\/ru\/wp-json\/wp\/v2\/comments?post=33126"}],"wp:featuredmedia":[{"embeddable":true,"href":"https:\/\/a-pant.ee\/ru\/wp-json\/wp\/v2\/media\/33127"}],"wp:attachment":[{"href":"https:\/\/a-pant.ee\/ru\/wp-json\/wp\/v2\/media?parent=33126"}],"wp:term":[{"taxonomy":"product_brand","embeddable":true,"href":"https:\/\/a-pant.ee\/ru\/wp-json\/wp\/v2\/product_brand?post=33126"},{"taxonomy":"product_cat","embeddable":true,"href":"https:\/\/a-pant.ee\/ru\/wp-json\/wp\/v2\/product_cat?post=33126"},{"taxonomy":"product_tag","embeddable":true,"href":"https:\/\/a-pant.ee\/ru\/wp-json\/wp\/v2\/product_tag?post=33126"}],"curies":[{"name":"wp","href":"https:\/\/api.w.org\/{rel}","templated":true}]}}