{"id":33120,"date":"2026-02-04T14:52:46","date_gmt":"2026-02-04T11:52:46","guid":{"rendered":"https:\/\/a-pant.ee\/product\/bluetooth-naushniki-sony-wh-ch520\/"},"modified":"2026-02-22T12:13:53","modified_gmt":"2026-02-22T09:13:53","slug":"bluetooth-naushniki-sony-wh-ch520","status":"publish","type":"product","link":"https:\/\/a-pant.ee\/ru\/product\/bluetooth-naushniki-sony-wh-ch520\/","title":{"rendered":"Bluetooth \u043d\u0430\u0443\u0448\u043d\u0438\u043a\u0438 Sony WH-CH520"},"content":{"rendered":"\n<p> Bluetooth k\u00f5rvaklapid Sony WH-CH520\u00a0, heas seisu- ja t\u00f6\u00f6korras! <\/p><p> KIRJELDUS <\/p><p> Kogukaal: 0,32 kg. <\/p><p> Kandmismeetod: k\u00f5rvapealne. <\/p><p> M\u00fcrasummutus: ei. <\/p><p> Tootja: Sony. <\/p><p> Tootja tootenimi: WH-CH520. <\/p><p> Juhtmevaba \u00fchendus: jah. <\/p><p> USB-laadimisport: jah. <\/p><p> Omadused: aku laadimisaeg: 3 tundi. Korpuse t\u00fc\u00fcp: suletud <\/p><p> Sagedusvahemik: 20-20 kHz <\/p><p> Sisseehitatud aku: Jah <\/p><p> M\u00f5\u00f5tmed (mm): 200,00 mm <\/p><p> K\u00f5rgus (mm): 45,00 mm <\/p><p> Laius (mm): 170,00 mm <\/p><p> Aku kaal (kg): 0,01 kg <\/p><p> Aku t\u00fc\u00fcp: aku <\/p><p> Juhtmevaba \u00fchendus: Jah <\/p><p> \u00dchenduse t\u00fc\u00fcp: Bluetooth <\/p>\n","protected":false},"excerpt":{"rendered":"<p>Bluetooth k\u00f5rvaklapid Sony WH-CH520\u00a0, heas seisu- ja t\u00f6\u00f6korras! KIRJELDUS Kogukaal: 0,32 kg. Kandmismeetod: k\u00f5rvapealne. M\u00fcrasummutus: ei. Tootja: Sony. Tootja tootenimi: WH-CH520. Juhtmevaba \u00fchendus: jah. USB-laadimisport: jah. Omadused: aku laadimisaeg: 3 tundi. Korpuse t\u00fc\u00fcp: suletud Sagedusvahemik: 20-20 kHz Sisseehitatud aku: Jah M\u00f5\u00f5tmed (mm): 200,00 mm K\u00f5rgus (mm): 45,00 mm Laius (mm): 170,00 mm Aku kaal (kg): [&hellip;]<\/p>\n","protected":false},"featured_media":33121,"comment_status":"closed","ping_status":"open","template":"","meta":{"inline_featured_image":false},"product_brand":[],"product_cat":[168],"product_tag":[],"class_list":{"0":"post-33120","1":"product","2":"type-product","3":"status-publish","4":"has-post-thumbnail","6":"product_cat-naushniki","7":"pa_asukoht-lasnamae","8":"pa_seisukord-ispolzovano","10":"first","11":"outofstock","12":"taxable","13":"shipping-taxable","14":"purchasable","15":"product-type-simple"},"_links":{"self":[{"href":"https:\/\/a-pant.ee\/ru\/wp-json\/wp\/v2\/product\/33120","targetHints":{"allow":["GET"]}}],"collection":[{"href":"https:\/\/a-pant.ee\/ru\/wp-json\/wp\/v2\/product"}],"about":[{"href":"https:\/\/a-pant.ee\/ru\/wp-json\/wp\/v2\/types\/product"}],"replies":[{"embeddable":true,"href":"https:\/\/a-pant.ee\/ru\/wp-json\/wp\/v2\/comments?post=33120"}],"wp:featuredmedia":[{"embeddable":true,"href":"https:\/\/a-pant.ee\/ru\/wp-json\/wp\/v2\/media\/33121"}],"wp:attachment":[{"href":"https:\/\/a-pant.ee\/ru\/wp-json\/wp\/v2\/media?parent=33120"}],"wp:term":[{"taxonomy":"product_brand","embeddable":true,"href":"https:\/\/a-pant.ee\/ru\/wp-json\/wp\/v2\/product_brand?post=33120"},{"taxonomy":"product_cat","embeddable":true,"href":"https:\/\/a-pant.ee\/ru\/wp-json\/wp\/v2\/product_cat?post=33120"},{"taxonomy":"product_tag","embeddable":true,"href":"https:\/\/a-pant.ee\/ru\/wp-json\/wp\/v2\/product_tag?post=33120"}],"curies":[{"name":"wp","href":"https:\/\/api.w.org\/{rel}","templated":true}]}}