{"id":33115,"date":"2026-02-04T14:52:46","date_gmt":"2026-02-04T11:52:46","guid":{"rendered":"https:\/\/a-pant.ee\/product\/akkumulyatornaya-drel-maktek-mt070\/"},"modified":"2026-02-22T12:13:53","modified_gmt":"2026-02-22T09:13:53","slug":"akummulyatornaya-drel-maktek-mt070-akku-2sht-zaryadka-yashhik","status":"publish","type":"product","link":"https:\/\/a-pant.ee\/ru\/product\/akummulyatornaya-drel-maktek-mt070-akku-2sht-zaryadka-yashhik\/","title":{"rendered":"\u0410\u043a\u0443\u043c\u043c\u0443\u043b\u044f\u0442\u043e\u0440\u043d\u0430\u044f \u0434\u0440\u0435\u043b\u044c Maktek MT070 + \u0430\u043a\u043a\u0443 2\u0448\u0442 + \u0437\u0430\u0440\u044f\u0434\u043a\u0430 +\u044f\u0449\u0438\u043a"},"content":{"rendered":"\n<p> Akutrell Maktek MT070 + aku 2tk + laadija + kohver, t\u00f6\u00f6korras! <\/p><p> KIRJELDUS <\/p><p> T\u00f6\u00f6riista t\u00fc\u00fcp: akuga puur-kruvikeeraja <\/p><p> Aku pinge: 14,4 V <\/p><p> Mootori t\u00fc\u00fcp: elektriline <\/p><p> K\u00e4ikude arv: 2 <\/p><p> T\u00fchik\u00e4igu p\u00f6\u00f6rlemiskiirus: <\/p><p> k\u00e4ik: 0\u2013400 p\/min <\/p><p> k\u00e4ik: 0\u20131400 p\/min <\/p><p> Revers: olemas <\/p><p> Kiiruse reguleerimine: olemas <\/p><p> P\u00f6\u00f6rdemomendi reguleerimine: olemas <\/p><p> Padruni t\u00fc\u00fcp: kiirkinnituspadrun <\/p><p> Kasutusala: puurimine ja kruvimine <\/p><p> Tootja: Makita Corporation, Jaapan <\/p>\n","protected":false},"excerpt":{"rendered":"<p>Akutrell Maktek MT070 + aku 2tk + laadija + kohver, t\u00f6\u00f6korras! KIRJELDUS T\u00f6\u00f6riista t\u00fc\u00fcp: akuga puur-kruvikeeraja Aku pinge: 14,4 V Mootori t\u00fc\u00fcp: elektriline K\u00e4ikude arv: 2 T\u00fchik\u00e4igu p\u00f6\u00f6rlemiskiirus: k\u00e4ik: 0\u2013400 p\/min k\u00e4ik: 0\u20131400 p\/min Revers: olemas Kiiruse reguleerimine: olemas P\u00f6\u00f6rdemomendi reguleerimine: olemas Padruni t\u00fc\u00fcp: kiirkinnituspadrun Kasutusala: puurimine ja kruvimine Tootja: Makita Corporation, Jaapan<\/p>\n","protected":false},"featured_media":33116,"comment_status":"closed","ping_status":"open","template":"","meta":{"inline_featured_image":false},"product_brand":[],"product_cat":[221],"product_tag":[],"class_list":{"0":"post-33115","1":"product","2":"type-product","3":"status-publish","4":"has-post-thumbnail","6":"product_cat-akkumulyatornye-dreli","7":"pa_asukoht-mustamae","8":"pa_seisukord-ispolzovano","10":"first","11":"instock","12":"taxable","13":"shipping-taxable","14":"purchasable","15":"product-type-simple"},"_links":{"self":[{"href":"https:\/\/a-pant.ee\/ru\/wp-json\/wp\/v2\/product\/33115","targetHints":{"allow":["GET"]}}],"collection":[{"href":"https:\/\/a-pant.ee\/ru\/wp-json\/wp\/v2\/product"}],"about":[{"href":"https:\/\/a-pant.ee\/ru\/wp-json\/wp\/v2\/types\/product"}],"replies":[{"embeddable":true,"href":"https:\/\/a-pant.ee\/ru\/wp-json\/wp\/v2\/comments?post=33115"}],"wp:featuredmedia":[{"embeddable":true,"href":"https:\/\/a-pant.ee\/ru\/wp-json\/wp\/v2\/media\/33116"}],"wp:attachment":[{"href":"https:\/\/a-pant.ee\/ru\/wp-json\/wp\/v2\/media?parent=33115"}],"wp:term":[{"taxonomy":"product_brand","embeddable":true,"href":"https:\/\/a-pant.ee\/ru\/wp-json\/wp\/v2\/product_brand?post=33115"},{"taxonomy":"product_cat","embeddable":true,"href":"https:\/\/a-pant.ee\/ru\/wp-json\/wp\/v2\/product_cat?post=33115"},{"taxonomy":"product_tag","embeddable":true,"href":"https:\/\/a-pant.ee\/ru\/wp-json\/wp\/v2\/product_tag?post=33115"}],"curies":[{"name":"wp","href":"https:\/\/api.w.org\/{rel}","templated":true}]}}